{"id":6920,"date":"2023-09-23T20:24:36","date_gmt":"2023-09-23T20:24:36","guid":{"rendered":"https:\/\/bodegascolado.com\/producto\/organic-dried-figs-with-flour-bag-250-gr\/"},"modified":"2024-10-14T11:22:31","modified_gmt":"2024-10-14T11:22:31","slug":"figs-dry-ecological-with-flour-bag-250gr","status":"publish","type":"product","link":"https:\/\/bodegascolado.com\/en\/producto\/figs-dry-ecological-with-flour-bag-250gr\/","title":{"rendered":"Organic dried figs with flour Bag 250 gr."},"content":{"rendered":"<p>Selection of organic dried figs cuello dama, recognized for their thin skin and intense sweetness of its pulp, which are dried in the sun in the traditional way.<br \/>\nThe production of this organic dried fig is mainly concentrated in the Tagus Valley and Ti\u00e9tar Valley.<br \/>\nProperties: rich in fiber, have a high content of iron, vitamin B, calcium and magnesium.<br \/>\nBesides consumption as a snack, can be used in desserts and casseroles.<\/p>\n","protected":false},"excerpt":{"rendered":"<p>Box of 12 units of 250 gr. Price per unit: 2,00 euros<\/p>\n<p>Selection of organic dried figs cuello dama, recognized for their thin skin and intense sweetness of its pulp, which are dried in the sun in the traditional way.<br \/>\nThe production of this organic dried fig is mainly concentrated in the Tagus Valley and Ti\u00e9tar Valley.<\/p>\n","protected":false},"featured_media":6678,"template":"","meta":[],"product_brand":[],"product_cat":[117],"product_tag":[],"class_list":{"0":"post-6920","1":"product","2":"type-product","3":"status-publish","4":"has-post-thumbnail","6":"product_cat-dried-figs","8":"first","9":"outofstock","10":"taxable","11":"shipping-taxable","12":"purchasable","13":"product-type-simple"},"yoast_head":"<!-- This site is optimized with the Yoast SEO plugin v27.3 - https:\/\/yoast.com\/product\/yoast-seo-wordpress\/ -->\n<title>Organic dried figs with lady&#039;s neck flour<\/title>\n<meta name=\"description\" content=\"Organic dried figs with flour in 250 gr. bag. Selection of dried lady&#039;s neck figs from the Tagus Valley, known for their thin skin and intense sweetness.\" \/>\n<meta name=\"robots\" content=\"index, follow, max-snippet:-1, max-image-preview:large, max-video-preview:-1\" \/>\n<link rel=\"canonical\" href=\"https:\/\/bodegascolado.com\/en\/producto\/figs-dry-ecological-with-flour-bag-250gr\/\" \/>\n<meta property=\"og:locale\" content=\"en_US\" \/>\n<meta property=\"og:type\" content=\"article\" \/>\n<meta property=\"og:title\" content=\"Organic dried figs with lady&#039;s neck flour\" \/>\n<meta property=\"og:description\" content=\"Organic dried figs with flour in 250 gr. bag. Selection of dried lady&#039;s neck figs from the Tagus Valley, known for their thin skin and intense sweetness.\" \/>\n<meta property=\"og:url\" content=\"https:\/\/bodegascolado.com\/en\/producto\/figs-dry-ecological-with-flour-bag-250gr\/\" \/>\n<meta property=\"og:site_name\" content=\"Bodegas Colado\" \/>\n<meta property=\"article:modified_time\" content=\"2024-10-14T11:22:31+00:00\" \/>\n<meta property=\"og:image\" content=\"https:\/\/bodegascolado.com\/wp-content\/uploads\/2023\/09\/higos-secos-con-harina-bolsa-250gr-cuello-de-dama-valle-de-tajo.jpg\" \/>\n\t<meta property=\"og:image:width\" content=\"900\" \/>\n\t<meta property=\"og:image:height\" content=\"900\" \/>\n\t<meta property=\"og:image:type\" content=\"image\/jpeg\" \/>\n<meta name=\"twitter:card\" content=\"summary_large_image\" \/>\n<script type=\"application\/ld+json\" class=\"yoast-schema-graph\">{\"@context\":\"https:\\\/\\\/schema.org\",\"@graph\":[{\"@type\":\"WebPage\",\"@id\":\"https:\\\/\\\/bodegascolado.com\\\/en\\\/producto\\\/figs-dry-ecological-with-flour-bag-250gr\\\/\",\"url\":\"https:\\\/\\\/bodegascolado.com\\\/en\\\/producto\\\/figs-dry-ecological-with-flour-bag-250gr\\\/\",\"name\":\"Organic dried figs with lady's neck flour\",\"isPartOf\":{\"@id\":\"https:\\\/\\\/bodegascolado.com\\\/en\\\/#website\"},\"primaryImageOfPage\":{\"@id\":\"https:\\\/\\\/bodegascolado.com\\\/en\\\/producto\\\/figs-dry-ecological-with-flour-bag-250gr\\\/#primaryimage\"},\"image\":{\"@id\":\"https:\\\/\\\/bodegascolado.com\\\/en\\\/producto\\\/figs-dry-ecological-with-flour-bag-250gr\\\/#primaryimage\"},\"thumbnailUrl\":\"https:\\\/\\\/bodegascolado.com\\\/wp-content\\\/uploads\\\/2023\\\/09\\\/higos-secos-con-harina-bolsa-250gr-cuello-de-dama-valle-de-tajo.jpg\",\"datePublished\":\"2023-09-23T20:24:36+00:00\",\"dateModified\":\"2024-10-14T11:22:31+00:00\",\"description\":\"Organic dried figs with flour in 250 gr. bag. Selection of dried lady's neck figs from the Tagus Valley, known for their thin skin and intense sweetness.\",\"breadcrumb\":{\"@id\":\"https:\\\/\\\/bodegascolado.com\\\/en\\\/producto\\\/figs-dry-ecological-with-flour-bag-250gr\\\/#breadcrumb\"},\"inLanguage\":\"en-US\",\"potentialAction\":[{\"@type\":\"ReadAction\",\"target\":[\"https:\\\/\\\/bodegascolado.com\\\/en\\\/producto\\\/figs-dry-ecological-with-flour-bag-250gr\\\/\"]}]},{\"@type\":\"ImageObject\",\"inLanguage\":\"en-US\",\"@id\":\"https:\\\/\\\/bodegascolado.com\\\/en\\\/producto\\\/figs-dry-ecological-with-flour-bag-250gr\\\/#primaryimage\",\"url\":\"https:\\\/\\\/bodegascolado.com\\\/wp-content\\\/uploads\\\/2023\\\/09\\\/higos-secos-con-harina-bolsa-250gr-cuello-de-dama-valle-de-tajo.jpg\",\"contentUrl\":\"https:\\\/\\\/bodegascolado.com\\\/wp-content\\\/uploads\\\/2023\\\/09\\\/higos-secos-con-harina-bolsa-250gr-cuello-de-dama-valle-de-tajo.jpg\",\"width\":900,\"height\":900,\"caption\":\"higos secos con harina bolsa gr cuello de dama valle de tajo\"},{\"@type\":\"BreadcrumbList\",\"@id\":\"https:\\\/\\\/bodegascolado.com\\\/en\\\/producto\\\/figs-dry-ecological-with-flour-bag-250gr\\\/#breadcrumb\",\"itemListElement\":[{\"@type\":\"ListItem\",\"position\":1,\"name\":\"Portada\",\"item\":\"https:\\\/\\\/bodegascolado.com\\\/en\\\/\"},{\"@type\":\"ListItem\",\"position\":2,\"name\":\"Shop\",\"item\":\"https:\\\/\\\/bodegascolado.com\\\/en\\\/shop\\\/\"},{\"@type\":\"ListItem\",\"position\":3,\"name\":\"Organic dried figs with flour Bag 250 gr.\"}]},{\"@type\":\"WebSite\",\"@id\":\"https:\\\/\\\/bodegascolado.com\\\/en\\\/#website\",\"url\":\"https:\\\/\\\/bodegascolado.com\\\/en\\\/\",\"name\":\"Bodegas Colado\",\"description\":\"Aceite de oliva virgen extra ecol\u00f3gico de Montearag\u00f3n, en Bodegas Colado. Higos secos cuello dama, Marcofrut, en Montearag\u00f3n\",\"potentialAction\":[{\"@type\":\"SearchAction\",\"target\":{\"@type\":\"EntryPoint\",\"urlTemplate\":\"https:\\\/\\\/bodegascolado.com\\\/en\\\/?s={search_term_string}\"},\"query-input\":{\"@type\":\"PropertyValueSpecification\",\"valueRequired\":true,\"valueName\":\"search_term_string\"}}],\"inLanguage\":\"en-US\"}]}<\/script>\n<!-- \/ Yoast SEO plugin. -->","yoast_head_json":{"title":"Organic dried figs with lady's neck flour","description":"Organic dried figs with flour in 250 gr. bag. Selection of dried lady's neck figs from the Tagus Valley, known for their thin skin and intense sweetness.","robots":{"index":"index","follow":"follow","max-snippet":"max-snippet:-1","max-image-preview":"max-image-preview:large","max-video-preview":"max-video-preview:-1"},"canonical":"https:\/\/bodegascolado.com\/en\/producto\/figs-dry-ecological-with-flour-bag-250gr\/","og_locale":"en_US","og_type":"article","og_title":"Organic dried figs with lady's neck flour","og_description":"Organic dried figs with flour in 250 gr. bag. Selection of dried lady's neck figs from the Tagus Valley, known for their thin skin and intense sweetness.","og_url":"https:\/\/bodegascolado.com\/en\/producto\/figs-dry-ecological-with-flour-bag-250gr\/","og_site_name":"Bodegas Colado","article_modified_time":"2024-10-14T11:22:31+00:00","og_image":[{"width":900,"height":900,"url":"https:\/\/bodegascolado.com\/wp-content\/uploads\/2023\/09\/higos-secos-con-harina-bolsa-250gr-cuello-de-dama-valle-de-tajo.jpg","type":"image\/jpeg"}],"twitter_card":"summary_large_image","schema":{"@context":"https:\/\/schema.org","@graph":[{"@type":"WebPage","@id":"https:\/\/bodegascolado.com\/en\/producto\/figs-dry-ecological-with-flour-bag-250gr\/","url":"https:\/\/bodegascolado.com\/en\/producto\/figs-dry-ecological-with-flour-bag-250gr\/","name":"Organic dried figs with lady's neck flour","isPartOf":{"@id":"https:\/\/bodegascolado.com\/en\/#website"},"primaryImageOfPage":{"@id":"https:\/\/bodegascolado.com\/en\/producto\/figs-dry-ecological-with-flour-bag-250gr\/#primaryimage"},"image":{"@id":"https:\/\/bodegascolado.com\/en\/producto\/figs-dry-ecological-with-flour-bag-250gr\/#primaryimage"},"thumbnailUrl":"https:\/\/bodegascolado.com\/wp-content\/uploads\/2023\/09\/higos-secos-con-harina-bolsa-250gr-cuello-de-dama-valle-de-tajo.jpg","datePublished":"2023-09-23T20:24:36+00:00","dateModified":"2024-10-14T11:22:31+00:00","description":"Organic dried figs with flour in 250 gr. bag. Selection of dried lady's neck figs from the Tagus Valley, known for their thin skin and intense sweetness.","breadcrumb":{"@id":"https:\/\/bodegascolado.com\/en\/producto\/figs-dry-ecological-with-flour-bag-250gr\/#breadcrumb"},"inLanguage":"en-US","potentialAction":[{"@type":"ReadAction","target":["https:\/\/bodegascolado.com\/en\/producto\/figs-dry-ecological-with-flour-bag-250gr\/"]}]},{"@type":"ImageObject","inLanguage":"en-US","@id":"https:\/\/bodegascolado.com\/en\/producto\/figs-dry-ecological-with-flour-bag-250gr\/#primaryimage","url":"https:\/\/bodegascolado.com\/wp-content\/uploads\/2023\/09\/higos-secos-con-harina-bolsa-250gr-cuello-de-dama-valle-de-tajo.jpg","contentUrl":"https:\/\/bodegascolado.com\/wp-content\/uploads\/2023\/09\/higos-secos-con-harina-bolsa-250gr-cuello-de-dama-valle-de-tajo.jpg","width":900,"height":900,"caption":"higos secos con harina bolsa gr cuello de dama valle de tajo"},{"@type":"BreadcrumbList","@id":"https:\/\/bodegascolado.com\/en\/producto\/figs-dry-ecological-with-flour-bag-250gr\/#breadcrumb","itemListElement":[{"@type":"ListItem","position":1,"name":"Portada","item":"https:\/\/bodegascolado.com\/en\/"},{"@type":"ListItem","position":2,"name":"Shop","item":"https:\/\/bodegascolado.com\/en\/shop\/"},{"@type":"ListItem","position":3,"name":"Organic dried figs with flour Bag 250 gr."}]},{"@type":"WebSite","@id":"https:\/\/bodegascolado.com\/en\/#website","url":"https:\/\/bodegascolado.com\/en\/","name":"Bodegas Colado","description":"Aceite de oliva virgen extra ecol\u00f3gico de Montearag\u00f3n, en Bodegas Colado. Higos secos cuello dama, Marcofrut, en Montearag\u00f3n","potentialAction":[{"@type":"SearchAction","target":{"@type":"EntryPoint","urlTemplate":"https:\/\/bodegascolado.com\/en\/?s={search_term_string}"},"query-input":{"@type":"PropertyValueSpecification","valueRequired":true,"valueName":"search_term_string"}}],"inLanguage":"en-US"}]}},"_links":{"self":[{"href":"https:\/\/bodegascolado.com\/en\/wp-json\/wp\/v2\/product\/6920","targetHints":{"allow":["GET"]}}],"collection":[{"href":"https:\/\/bodegascolado.com\/en\/wp-json\/wp\/v2\/product"}],"about":[{"href":"https:\/\/bodegascolado.com\/en\/wp-json\/wp\/v2\/types\/product"}],"wp:featuredmedia":[{"embeddable":true,"href":"https:\/\/bodegascolado.com\/en\/wp-json\/wp\/v2\/media\/6678"}],"wp:attachment":[{"href":"https:\/\/bodegascolado.com\/en\/wp-json\/wp\/v2\/media?parent=6920"}],"wp:term":[{"taxonomy":"product_brand","embeddable":true,"href":"https:\/\/bodegascolado.com\/en\/wp-json\/wp\/v2\/product_brand?post=6920"},{"taxonomy":"product_cat","embeddable":true,"href":"https:\/\/bodegascolado.com\/en\/wp-json\/wp\/v2\/product_cat?post=6920"},{"taxonomy":"product_tag","embeddable":true,"href":"https:\/\/bodegascolado.com\/en\/wp-json\/wp\/v2\/product_tag?post=6920"}],"curies":[{"name":"wp","href":"https:\/\/api.w.org\/{rel}","templated":true}]}}