{"id":6919,"date":"2023-09-24T12:27:28","date_gmt":"2023-09-24T12:27:28","guid":{"rendered":"https:\/\/bodegascolado.com\/producto\/white-wine-aibura-igp-tierra-de-castilla-bottle-750-ml-box-6-units\/"},"modified":"2023-09-24T12:27:28","modified_gmt":"2023-09-24T12:27:28","slug":"wine-white-wine-aibura-chardonnay-igp-tierra-de-castilla-bottle-750-ml","status":"publish","type":"product","link":"https:\/\/bodegascolado.com\/en\/producto\/wine-white-wine-aibura-chardonnay-igp-tierra-de-castilla-bottle-750-ml\/","title":{"rendered":"White Wine Aibura IGP Tierra de Castilla Bottle 750 ml (Box 6 Units)"},"content":{"rendered":"<p>Aibura Chardonnay white wine with an attractive pale lemon color, fresh and balanced in the mouth. made from the Chardonnay grape variety in the Castilla-La Mancha area.<\/p>\n<p>IGP Tierra de Castilla; White wine with Protected Geographical Indication Vino de la Tierra de Castilla from Bodegas Colado.<\/p>\n<p>Organic Wine.<\/p>\n","protected":false},"excerpt":{"rendered":"<p>Case of 6 bottles of 750 ml of White Wine Aibura IGP Tierra de Castilla. Bottle price: 3,16 euros<\/p>\n<p>Aibura Chardonnay white wine with an attractive pale lemon color, fresh and balanced in the mouth.<\/p>\n<p>IGP Tierra de Castilla; White wine with Protected Geographical Indication Vino de la Tierra de Castilla from Bodegas Colado.<\/p>\n<p>Organic wine, made from Chardonnay grapes.<\/p>\n","protected":false},"featured_media":6374,"template":"","meta":[],"product_brand":[],"product_cat":[118],"product_tag":[],"class_list":{"0":"post-6919","1":"product","2":"type-product","3":"status-publish","4":"has-post-thumbnail","6":"product_cat-tierra-de-castilla-wines","8":"first","9":"instock","10":"taxable","11":"shipping-taxable","12":"purchasable","13":"product-type-simple"},"yoast_head":"<!-- This site is optimized with the Yoast SEO plugin v27.4 - https:\/\/yoast.com\/product\/yoast-seo-wordpress\/ -->\n<title>Aibura Chardonnay IGP Tierra de Castilla white wine<\/title>\n<meta name=\"description\" content=\"White wine from Tierra de Castilla in Montearag\u00f3n IGP, made with Chardonnay grapes. White wine with Protected Geographical Indication of Bodegas Colado.\" \/>\n<meta name=\"robots\" content=\"index, follow, max-snippet:-1, max-image-preview:large, max-video-preview:-1\" \/>\n<link rel=\"canonical\" href=\"https:\/\/bodegascolado.com\/en\/producto\/wine-white-wine-aibura-chardonnay-igp-tierra-de-castilla-bottle-750-ml\/\" \/>\n<meta property=\"og:locale\" content=\"en_US\" \/>\n<meta property=\"og:type\" content=\"article\" \/>\n<meta property=\"og:title\" content=\"Aibura Chardonnay IGP Tierra de Castilla white wine\" \/>\n<meta property=\"og:description\" content=\"White wine from Tierra de Castilla in Montearag\u00f3n IGP, made with Chardonnay grapes. White wine with Protected Geographical Indication of Bodegas Colado.\" \/>\n<meta property=\"og:url\" content=\"https:\/\/bodegascolado.com\/en\/producto\/wine-white-wine-aibura-chardonnay-igp-tierra-de-castilla-bottle-750-ml\/\" \/>\n<meta property=\"og:site_name\" content=\"Bodegas Colado\" \/>\n<meta property=\"og:image\" content=\"https:\/\/bodegascolado.com\/wp-content\/uploads\/2023\/09\/comprar-vino-blanco-chardonnay-tierra-de-castilla.jpg\" \/>\n\t<meta property=\"og:image:width\" content=\"900\" \/>\n\t<meta property=\"og:image:height\" content=\"900\" \/>\n\t<meta property=\"og:image:type\" content=\"image\/jpeg\" \/>\n<meta name=\"twitter:card\" content=\"summary_large_image\" \/>\n<script type=\"application\/ld+json\" class=\"yoast-schema-graph\">{\"@context\":\"https:\\\/\\\/schema.org\",\"@graph\":[{\"@type\":\"WebPage\",\"@id\":\"https:\\\/\\\/bodegascolado.com\\\/en\\\/producto\\\/wine-white-wine-aibura-chardonnay-igp-tierra-de-castilla-bottle-750-ml\\\/\",\"url\":\"https:\\\/\\\/bodegascolado.com\\\/en\\\/producto\\\/wine-white-wine-aibura-chardonnay-igp-tierra-de-castilla-bottle-750-ml\\\/\",\"name\":\"Aibura Chardonnay IGP Tierra de Castilla white wine\",\"isPartOf\":{\"@id\":\"https:\\\/\\\/bodegascolado.com\\\/en\\\/#website\"},\"primaryImageOfPage\":{\"@id\":\"https:\\\/\\\/bodegascolado.com\\\/en\\\/producto\\\/wine-white-wine-aibura-chardonnay-igp-tierra-de-castilla-bottle-750-ml\\\/#primaryimage\"},\"image\":{\"@id\":\"https:\\\/\\\/bodegascolado.com\\\/en\\\/producto\\\/wine-white-wine-aibura-chardonnay-igp-tierra-de-castilla-bottle-750-ml\\\/#primaryimage\"},\"thumbnailUrl\":\"https:\\\/\\\/bodegascolado.com\\\/wp-content\\\/uploads\\\/2023\\\/09\\\/comprar-vino-blanco-chardonnay-tierra-de-castilla.jpg\",\"datePublished\":\"2023-09-24T12:27:28+00:00\",\"description\":\"White wine from Tierra de Castilla in Montearag\u00f3n IGP, made with Chardonnay grapes. White wine with Protected Geographical Indication of Bodegas Colado.\",\"breadcrumb\":{\"@id\":\"https:\\\/\\\/bodegascolado.com\\\/en\\\/producto\\\/wine-white-wine-aibura-chardonnay-igp-tierra-de-castilla-bottle-750-ml\\\/#breadcrumb\"},\"inLanguage\":\"en-US\",\"potentialAction\":[{\"@type\":\"ReadAction\",\"target\":[\"https:\\\/\\\/bodegascolado.com\\\/en\\\/producto\\\/wine-white-wine-aibura-chardonnay-igp-tierra-de-castilla-bottle-750-ml\\\/\"]}]},{\"@type\":\"ImageObject\",\"inLanguage\":\"en-US\",\"@id\":\"https:\\\/\\\/bodegascolado.com\\\/en\\\/producto\\\/wine-white-wine-aibura-chardonnay-igp-tierra-de-castilla-bottle-750-ml\\\/#primaryimage\",\"url\":\"https:\\\/\\\/bodegascolado.com\\\/wp-content\\\/uploads\\\/2023\\\/09\\\/comprar-vino-blanco-chardonnay-tierra-de-castilla.jpg\",\"contentUrl\":\"https:\\\/\\\/bodegascolado.com\\\/wp-content\\\/uploads\\\/2023\\\/09\\\/comprar-vino-blanco-chardonnay-tierra-de-castilla.jpg\",\"width\":900,\"height\":900,\"caption\":\"comprar vino blanco chardonnay tierra de castilla\"},{\"@type\":\"BreadcrumbList\",\"@id\":\"https:\\\/\\\/bodegascolado.com\\\/en\\\/producto\\\/wine-white-wine-aibura-chardonnay-igp-tierra-de-castilla-bottle-750-ml\\\/#breadcrumb\",\"itemListElement\":[{\"@type\":\"ListItem\",\"position\":1,\"name\":\"Portada\",\"item\":\"https:\\\/\\\/bodegascolado.com\\\/en\\\/\"},{\"@type\":\"ListItem\",\"position\":2,\"name\":\"Shop\",\"item\":\"https:\\\/\\\/bodegascolado.com\\\/en\\\/shop\\\/\"},{\"@type\":\"ListItem\",\"position\":3,\"name\":\"White Wine Aibura IGP Tierra de Castilla Bottle 750 ml (Box 6 Units)\"}]},{\"@type\":\"WebSite\",\"@id\":\"https:\\\/\\\/bodegascolado.com\\\/en\\\/#website\",\"url\":\"https:\\\/\\\/bodegascolado.com\\\/en\\\/\",\"name\":\"Bodegas Colado\",\"description\":\"Aceite de oliva virgen extra ecol\u00f3gico de Montearag\u00f3n, en Bodegas Colado. Higos secos cuello dama, Marcofrut, en Montearag\u00f3n\",\"potentialAction\":[{\"@type\":\"SearchAction\",\"target\":{\"@type\":\"EntryPoint\",\"urlTemplate\":\"https:\\\/\\\/bodegascolado.com\\\/en\\\/?s={search_term_string}\"},\"query-input\":{\"@type\":\"PropertyValueSpecification\",\"valueRequired\":true,\"valueName\":\"search_term_string\"}}],\"inLanguage\":\"en-US\"}]}<\/script>\n<!-- \/ Yoast SEO plugin. -->","yoast_head_json":{"title":"Aibura Chardonnay IGP Tierra de Castilla white wine","description":"White wine from Tierra de Castilla in Montearag\u00f3n IGP, made with Chardonnay grapes. White wine with Protected Geographical Indication of Bodegas Colado.","robots":{"index":"index","follow":"follow","max-snippet":"max-snippet:-1","max-image-preview":"max-image-preview:large","max-video-preview":"max-video-preview:-1"},"canonical":"https:\/\/bodegascolado.com\/en\/producto\/wine-white-wine-aibura-chardonnay-igp-tierra-de-castilla-bottle-750-ml\/","og_locale":"en_US","og_type":"article","og_title":"Aibura Chardonnay IGP Tierra de Castilla white wine","og_description":"White wine from Tierra de Castilla in Montearag\u00f3n IGP, made with Chardonnay grapes. White wine with Protected Geographical Indication of Bodegas Colado.","og_url":"https:\/\/bodegascolado.com\/en\/producto\/wine-white-wine-aibura-chardonnay-igp-tierra-de-castilla-bottle-750-ml\/","og_site_name":"Bodegas Colado","og_image":[{"width":900,"height":900,"url":"https:\/\/bodegascolado.com\/wp-content\/uploads\/2023\/09\/comprar-vino-blanco-chardonnay-tierra-de-castilla.jpg","type":"image\/jpeg"}],"twitter_card":"summary_large_image","schema":{"@context":"https:\/\/schema.org","@graph":[{"@type":"WebPage","@id":"https:\/\/bodegascolado.com\/en\/producto\/wine-white-wine-aibura-chardonnay-igp-tierra-de-castilla-bottle-750-ml\/","url":"https:\/\/bodegascolado.com\/en\/producto\/wine-white-wine-aibura-chardonnay-igp-tierra-de-castilla-bottle-750-ml\/","name":"Aibura Chardonnay IGP Tierra de Castilla white wine","isPartOf":{"@id":"https:\/\/bodegascolado.com\/en\/#website"},"primaryImageOfPage":{"@id":"https:\/\/bodegascolado.com\/en\/producto\/wine-white-wine-aibura-chardonnay-igp-tierra-de-castilla-bottle-750-ml\/#primaryimage"},"image":{"@id":"https:\/\/bodegascolado.com\/en\/producto\/wine-white-wine-aibura-chardonnay-igp-tierra-de-castilla-bottle-750-ml\/#primaryimage"},"thumbnailUrl":"https:\/\/bodegascolado.com\/wp-content\/uploads\/2023\/09\/comprar-vino-blanco-chardonnay-tierra-de-castilla.jpg","datePublished":"2023-09-24T12:27:28+00:00","description":"White wine from Tierra de Castilla in Montearag\u00f3n IGP, made with Chardonnay grapes. White wine with Protected Geographical Indication of Bodegas Colado.","breadcrumb":{"@id":"https:\/\/bodegascolado.com\/en\/producto\/wine-white-wine-aibura-chardonnay-igp-tierra-de-castilla-bottle-750-ml\/#breadcrumb"},"inLanguage":"en-US","potentialAction":[{"@type":"ReadAction","target":["https:\/\/bodegascolado.com\/en\/producto\/wine-white-wine-aibura-chardonnay-igp-tierra-de-castilla-bottle-750-ml\/"]}]},{"@type":"ImageObject","inLanguage":"en-US","@id":"https:\/\/bodegascolado.com\/en\/producto\/wine-white-wine-aibura-chardonnay-igp-tierra-de-castilla-bottle-750-ml\/#primaryimage","url":"https:\/\/bodegascolado.com\/wp-content\/uploads\/2023\/09\/comprar-vino-blanco-chardonnay-tierra-de-castilla.jpg","contentUrl":"https:\/\/bodegascolado.com\/wp-content\/uploads\/2023\/09\/comprar-vino-blanco-chardonnay-tierra-de-castilla.jpg","width":900,"height":900,"caption":"comprar vino blanco chardonnay tierra de castilla"},{"@type":"BreadcrumbList","@id":"https:\/\/bodegascolado.com\/en\/producto\/wine-white-wine-aibura-chardonnay-igp-tierra-de-castilla-bottle-750-ml\/#breadcrumb","itemListElement":[{"@type":"ListItem","position":1,"name":"Portada","item":"https:\/\/bodegascolado.com\/en\/"},{"@type":"ListItem","position":2,"name":"Shop","item":"https:\/\/bodegascolado.com\/en\/shop\/"},{"@type":"ListItem","position":3,"name":"White Wine Aibura IGP Tierra de Castilla Bottle 750 ml (Box 6 Units)"}]},{"@type":"WebSite","@id":"https:\/\/bodegascolado.com\/en\/#website","url":"https:\/\/bodegascolado.com\/en\/","name":"Bodegas Colado","description":"Aceite de oliva virgen extra ecol\u00f3gico de Montearag\u00f3n, en Bodegas Colado. Higos secos cuello dama, Marcofrut, en Montearag\u00f3n","potentialAction":[{"@type":"SearchAction","target":{"@type":"EntryPoint","urlTemplate":"https:\/\/bodegascolado.com\/en\/?s={search_term_string}"},"query-input":{"@type":"PropertyValueSpecification","valueRequired":true,"valueName":"search_term_string"}}],"inLanguage":"en-US"}]}},"_links":{"self":[{"href":"https:\/\/bodegascolado.com\/en\/wp-json\/wp\/v2\/product\/6919","targetHints":{"allow":["GET"]}}],"collection":[{"href":"https:\/\/bodegascolado.com\/en\/wp-json\/wp\/v2\/product"}],"about":[{"href":"https:\/\/bodegascolado.com\/en\/wp-json\/wp\/v2\/types\/product"}],"wp:featuredmedia":[{"embeddable":true,"href":"https:\/\/bodegascolado.com\/en\/wp-json\/wp\/v2\/media\/6374"}],"wp:attachment":[{"href":"https:\/\/bodegascolado.com\/en\/wp-json\/wp\/v2\/media?parent=6919"}],"wp:term":[{"taxonomy":"product_brand","embeddable":true,"href":"https:\/\/bodegascolado.com\/en\/wp-json\/wp\/v2\/product_brand?post=6919"},{"taxonomy":"product_cat","embeddable":true,"href":"https:\/\/bodegascolado.com\/en\/wp-json\/wp\/v2\/product_cat?post=6919"},{"taxonomy":"product_tag","embeddable":true,"href":"https:\/\/bodegascolado.com\/en\/wp-json\/wp\/v2\/product_tag?post=6919"}],"curies":[{"name":"wp","href":"https:\/\/api.w.org\/{rel}","templated":true}]}}