{"id":6912,"date":"2023-09-20T15:39:07","date_gmt":"2023-09-20T15:39:07","guid":{"rendered":"https:\/\/bodegascolado.com\/producto\/extra-virgin-olive-oil-virgen-del-rosario-box-15-bottles-of-1-l\/"},"modified":"2025-01-31T17:41:02","modified_gmt":"2025-01-31T17:41:02","slug":"olive-virgin-extra-virgin-del-rosario-olive-oil-box-15-bottles-of-1-l","status":"publish","type":"product","link":"https:\/\/bodegascolado.com\/en\/producto\/olive-virgin-extra-virgin-del-rosario-olive-oil-box-15-bottles-of-1-l\/","title":{"rendered":"Extra Virgin Olive Oil Virgen del Rosario (Box 15 bottles of 1 l.)"},"content":{"rendered":"<p>Our traditional cornicabra olive crops are located in a privileged environment, between the Toledo Mountains and the Tagus Valley, which provides unique organoleptic characteristics with an inimitable flavor.<br \/>\nAll the olives are harvested in the traditional way, are transported to the mill in a short period of time and the oil is obtained by the first cold pressing, thus not altering the original properties of the olive.<br \/>\nFood pairing: Virgen del Rosario is perfect for raw consumption, frying, roasting and baking, as it enhances the natural flavor of food.<br \/>\nBottle 1 Liter.<\/p>\n","protected":false},"excerpt":{"rendered":"<p>Box of 15 bottles of 1 liter of Extra Virgin Olive Oil. Bottle price: 9,86 euros<\/p>\n<p>Our traditional crops of cornicabra olives are located in a privileged environment, between the Montes de Toledo and the Tagus Valley, which provides unique organoleptic characteristics with an inimitable flavor.<\/p>\n<p>&nbsp;<\/p>\n","protected":false},"featured_media":6642,"template":"","meta":[],"product_brand":[],"product_cat":[113],"product_tag":[],"class_list":{"0":"post-6912","1":"product","2":"type-product","3":"status-publish","4":"has-post-thumbnail","6":"product_cat-olive-oil","8":"first","9":"instock","10":"taxable","11":"shipping-taxable","12":"purchasable","13":"product-type-simple"},"yoast_head":"<!-- This site is optimized with the Yoast SEO plugin v27.3 - https:\/\/yoast.com\/product\/yoast-seo-wordpress\/ -->\n<title>Montes de Toledo Extra Virgin Olive Oil, 1L bottles<\/title>\n<meta name=\"description\" content=\"Extra Virgin Olive Oil from Montearag\u00f3n, in Montes de Toledo, with high polyphenol content. EVOO made with cornicabra olives. 1L bottles.\" \/>\n<meta name=\"robots\" content=\"index, follow, max-snippet:-1, max-image-preview:large, max-video-preview:-1\" \/>\n<link rel=\"canonical\" href=\"https:\/\/bodegascolado.com\/en\/producto\/olive-virgin-extra-virgin-del-rosario-olive-oil-box-15-bottles-of-1-l\/\" \/>\n<meta property=\"og:locale\" content=\"en_US\" \/>\n<meta property=\"og:type\" content=\"article\" \/>\n<meta property=\"og:title\" content=\"Montes de Toledo Extra Virgin Olive Oil, 1L bottles\" \/>\n<meta property=\"og:description\" content=\"Extra Virgin Olive Oil from Montearag\u00f3n, in Montes de Toledo, with high polyphenol content. EVOO made with cornicabra olives. 1L bottles.\" \/>\n<meta property=\"og:url\" content=\"https:\/\/bodegascolado.com\/en\/producto\/olive-virgin-extra-virgin-del-rosario-olive-oil-box-15-bottles-of-1-l\/\" \/>\n<meta property=\"og:site_name\" content=\"Bodegas Colado\" \/>\n<meta property=\"article:modified_time\" content=\"2025-01-31T17:41:02+00:00\" \/>\n<meta property=\"og:image\" content=\"https:\/\/bodegascolado.com\/wp-content\/uploads\/2023\/06\/productos-aceite-virgenextra-1.jpg\" \/>\n\t<meta property=\"og:image:width\" content=\"797\" \/>\n\t<meta property=\"og:image:height\" content=\"797\" \/>\n\t<meta property=\"og:image:type\" content=\"image\/jpeg\" \/>\n<meta name=\"twitter:card\" content=\"summary_large_image\" \/>\n<script type=\"application\/ld+json\" class=\"yoast-schema-graph\">{\"@context\":\"https:\\\/\\\/schema.org\",\"@graph\":[{\"@type\":\"WebPage\",\"@id\":\"https:\\\/\\\/bodegascolado.com\\\/en\\\/producto\\\/olive-virgin-extra-virgin-del-rosario-olive-oil-box-15-bottles-of-1-l\\\/\",\"url\":\"https:\\\/\\\/bodegascolado.com\\\/en\\\/producto\\\/olive-virgin-extra-virgin-del-rosario-olive-oil-box-15-bottles-of-1-l\\\/\",\"name\":\"Montes de Toledo Extra Virgin Olive Oil, 1L bottles\",\"isPartOf\":{\"@id\":\"https:\\\/\\\/bodegascolado.com\\\/en\\\/#website\"},\"primaryImageOfPage\":{\"@id\":\"https:\\\/\\\/bodegascolado.com\\\/en\\\/producto\\\/olive-virgin-extra-virgin-del-rosario-olive-oil-box-15-bottles-of-1-l\\\/#primaryimage\"},\"image\":{\"@id\":\"https:\\\/\\\/bodegascolado.com\\\/en\\\/producto\\\/olive-virgin-extra-virgin-del-rosario-olive-oil-box-15-bottles-of-1-l\\\/#primaryimage\"},\"thumbnailUrl\":\"https:\\\/\\\/bodegascolado.com\\\/wp-content\\\/uploads\\\/2023\\\/06\\\/productos-aceite-virgenextra-1.jpg\",\"datePublished\":\"2023-09-20T15:39:07+00:00\",\"dateModified\":\"2025-01-31T17:41:02+00:00\",\"description\":\"Extra Virgin Olive Oil from Montearag\u00f3n, in Montes de Toledo, with high polyphenol content. EVOO made with cornicabra olives. 1L bottles.\",\"breadcrumb\":{\"@id\":\"https:\\\/\\\/bodegascolado.com\\\/en\\\/producto\\\/olive-virgin-extra-virgin-del-rosario-olive-oil-box-15-bottles-of-1-l\\\/#breadcrumb\"},\"inLanguage\":\"en-US\",\"potentialAction\":[{\"@type\":\"ReadAction\",\"target\":[\"https:\\\/\\\/bodegascolado.com\\\/en\\\/producto\\\/olive-virgin-extra-virgin-del-rosario-olive-oil-box-15-bottles-of-1-l\\\/\"]}]},{\"@type\":\"ImageObject\",\"inLanguage\":\"en-US\",\"@id\":\"https:\\\/\\\/bodegascolado.com\\\/en\\\/producto\\\/olive-virgin-extra-virgin-del-rosario-olive-oil-box-15-bottles-of-1-l\\\/#primaryimage\",\"url\":\"https:\\\/\\\/bodegascolado.com\\\/wp-content\\\/uploads\\\/2023\\\/06\\\/productos-aceite-virgenextra-1.jpg\",\"contentUrl\":\"https:\\\/\\\/bodegascolado.com\\\/wp-content\\\/uploads\\\/2023\\\/06\\\/productos-aceite-virgenextra-1.jpg\",\"width\":797,\"height\":797,\"caption\":\"productos aceite virgenextra\"},{\"@type\":\"BreadcrumbList\",\"@id\":\"https:\\\/\\\/bodegascolado.com\\\/en\\\/producto\\\/olive-virgin-extra-virgin-del-rosario-olive-oil-box-15-bottles-of-1-l\\\/#breadcrumb\",\"itemListElement\":[{\"@type\":\"ListItem\",\"position\":1,\"name\":\"Portada\",\"item\":\"https:\\\/\\\/bodegascolado.com\\\/en\\\/\"},{\"@type\":\"ListItem\",\"position\":2,\"name\":\"Shop\",\"item\":\"https:\\\/\\\/bodegascolado.com\\\/en\\\/shop\\\/\"},{\"@type\":\"ListItem\",\"position\":3,\"name\":\"Extra Virgin Olive Oil Virgen del Rosario (Box 15 bottles of 1 l.)\"}]},{\"@type\":\"WebSite\",\"@id\":\"https:\\\/\\\/bodegascolado.com\\\/en\\\/#website\",\"url\":\"https:\\\/\\\/bodegascolado.com\\\/en\\\/\",\"name\":\"Bodegas Colado\",\"description\":\"Aceite de oliva virgen extra ecol\u00f3gico de Montearag\u00f3n, en Bodegas Colado. Higos secos cuello dama, Marcofrut, en Montearag\u00f3n\",\"potentialAction\":[{\"@type\":\"SearchAction\",\"target\":{\"@type\":\"EntryPoint\",\"urlTemplate\":\"https:\\\/\\\/bodegascolado.com\\\/en\\\/?s={search_term_string}\"},\"query-input\":{\"@type\":\"PropertyValueSpecification\",\"valueRequired\":true,\"valueName\":\"search_term_string\"}}],\"inLanguage\":\"en-US\"}]}<\/script>\n<!-- \/ Yoast SEO plugin. -->","yoast_head_json":{"title":"Montes de Toledo Extra Virgin Olive Oil, 1L bottles","description":"Extra Virgin Olive Oil from Montearag\u00f3n, in Montes de Toledo, with high polyphenol content. EVOO made with cornicabra olives. 1L bottles.","robots":{"index":"index","follow":"follow","max-snippet":"max-snippet:-1","max-image-preview":"max-image-preview:large","max-video-preview":"max-video-preview:-1"},"canonical":"https:\/\/bodegascolado.com\/en\/producto\/olive-virgin-extra-virgin-del-rosario-olive-oil-box-15-bottles-of-1-l\/","og_locale":"en_US","og_type":"article","og_title":"Montes de Toledo Extra Virgin Olive Oil, 1L bottles","og_description":"Extra Virgin Olive Oil from Montearag\u00f3n, in Montes de Toledo, with high polyphenol content. EVOO made with cornicabra olives. 1L bottles.","og_url":"https:\/\/bodegascolado.com\/en\/producto\/olive-virgin-extra-virgin-del-rosario-olive-oil-box-15-bottles-of-1-l\/","og_site_name":"Bodegas Colado","article_modified_time":"2025-01-31T17:41:02+00:00","og_image":[{"width":797,"height":797,"url":"https:\/\/bodegascolado.com\/wp-content\/uploads\/2023\/06\/productos-aceite-virgenextra-1.jpg","type":"image\/jpeg"}],"twitter_card":"summary_large_image","schema":{"@context":"https:\/\/schema.org","@graph":[{"@type":"WebPage","@id":"https:\/\/bodegascolado.com\/en\/producto\/olive-virgin-extra-virgin-del-rosario-olive-oil-box-15-bottles-of-1-l\/","url":"https:\/\/bodegascolado.com\/en\/producto\/olive-virgin-extra-virgin-del-rosario-olive-oil-box-15-bottles-of-1-l\/","name":"Montes de Toledo Extra Virgin Olive Oil, 1L bottles","isPartOf":{"@id":"https:\/\/bodegascolado.com\/en\/#website"},"primaryImageOfPage":{"@id":"https:\/\/bodegascolado.com\/en\/producto\/olive-virgin-extra-virgin-del-rosario-olive-oil-box-15-bottles-of-1-l\/#primaryimage"},"image":{"@id":"https:\/\/bodegascolado.com\/en\/producto\/olive-virgin-extra-virgin-del-rosario-olive-oil-box-15-bottles-of-1-l\/#primaryimage"},"thumbnailUrl":"https:\/\/bodegascolado.com\/wp-content\/uploads\/2023\/06\/productos-aceite-virgenextra-1.jpg","datePublished":"2023-09-20T15:39:07+00:00","dateModified":"2025-01-31T17:41:02+00:00","description":"Extra Virgin Olive Oil from Montearag\u00f3n, in Montes de Toledo, with high polyphenol content. EVOO made with cornicabra olives. 1L bottles.","breadcrumb":{"@id":"https:\/\/bodegascolado.com\/en\/producto\/olive-virgin-extra-virgin-del-rosario-olive-oil-box-15-bottles-of-1-l\/#breadcrumb"},"inLanguage":"en-US","potentialAction":[{"@type":"ReadAction","target":["https:\/\/bodegascolado.com\/en\/producto\/olive-virgin-extra-virgin-del-rosario-olive-oil-box-15-bottles-of-1-l\/"]}]},{"@type":"ImageObject","inLanguage":"en-US","@id":"https:\/\/bodegascolado.com\/en\/producto\/olive-virgin-extra-virgin-del-rosario-olive-oil-box-15-bottles-of-1-l\/#primaryimage","url":"https:\/\/bodegascolado.com\/wp-content\/uploads\/2023\/06\/productos-aceite-virgenextra-1.jpg","contentUrl":"https:\/\/bodegascolado.com\/wp-content\/uploads\/2023\/06\/productos-aceite-virgenextra-1.jpg","width":797,"height":797,"caption":"productos aceite virgenextra"},{"@type":"BreadcrumbList","@id":"https:\/\/bodegascolado.com\/en\/producto\/olive-virgin-extra-virgin-del-rosario-olive-oil-box-15-bottles-of-1-l\/#breadcrumb","itemListElement":[{"@type":"ListItem","position":1,"name":"Portada","item":"https:\/\/bodegascolado.com\/en\/"},{"@type":"ListItem","position":2,"name":"Shop","item":"https:\/\/bodegascolado.com\/en\/shop\/"},{"@type":"ListItem","position":3,"name":"Extra Virgin Olive Oil Virgen del Rosario (Box 15 bottles of 1 l.)"}]},{"@type":"WebSite","@id":"https:\/\/bodegascolado.com\/en\/#website","url":"https:\/\/bodegascolado.com\/en\/","name":"Bodegas Colado","description":"Aceite de oliva virgen extra ecol\u00f3gico de Montearag\u00f3n, en Bodegas Colado. Higos secos cuello dama, Marcofrut, en Montearag\u00f3n","potentialAction":[{"@type":"SearchAction","target":{"@type":"EntryPoint","urlTemplate":"https:\/\/bodegascolado.com\/en\/?s={search_term_string}"},"query-input":{"@type":"PropertyValueSpecification","valueRequired":true,"valueName":"search_term_string"}}],"inLanguage":"en-US"}]}},"_links":{"self":[{"href":"https:\/\/bodegascolado.com\/en\/wp-json\/wp\/v2\/product\/6912","targetHints":{"allow":["GET"]}}],"collection":[{"href":"https:\/\/bodegascolado.com\/en\/wp-json\/wp\/v2\/product"}],"about":[{"href":"https:\/\/bodegascolado.com\/en\/wp-json\/wp\/v2\/types\/product"}],"wp:featuredmedia":[{"embeddable":true,"href":"https:\/\/bodegascolado.com\/en\/wp-json\/wp\/v2\/media\/6642"}],"wp:attachment":[{"href":"https:\/\/bodegascolado.com\/en\/wp-json\/wp\/v2\/media?parent=6912"}],"wp:term":[{"taxonomy":"product_brand","embeddable":true,"href":"https:\/\/bodegascolado.com\/en\/wp-json\/wp\/v2\/product_brand?post=6912"},{"taxonomy":"product_cat","embeddable":true,"href":"https:\/\/bodegascolado.com\/en\/wp-json\/wp\/v2\/product_cat?post=6912"},{"taxonomy":"product_tag","embeddable":true,"href":"https:\/\/bodegascolado.com\/en\/wp-json\/wp\/v2\/product_tag?post=6912"}],"curies":[{"name":"wp","href":"https:\/\/api.w.org\/{rel}","templated":true}]}}