{"id":6902,"date":"2023-09-20T15:27:30","date_gmt":"2023-09-20T15:27:30","guid":{"rendered":"https:\/\/bodegascolado.com\/producto\/olium-organic-olive-oil-box-of-3-bottles-of-5-l\/"},"modified":"2024-01-03T18:37:40","modified_gmt":"2024-01-03T18:37:40","slug":"olive-oil-ecological-olium-olive-oil-box-of-3-bottles-of-5-l","status":"publish","type":"product","link":"https:\/\/bodegascolado.com\/en\/producto\/olive-oil-ecological-olium-olive-oil-box-of-3-bottles-of-5-l\/","title":{"rendered":"Olium organic olive oil (Box of 3 bottles of 5 l.)"},"content":{"rendered":"<p>Extra Virgin Olive Oil of superior category, made from cornicabra olives from organic olive trees, free of chemical residues and certified as organic crops.<\/p>\n<p>All organic olives are harvested with mechanical means and transported the same day to the mill for the first cold pressing, thus avoiding the loss of the original properties of the fruit.<\/p>\n<p>Food pairing: Olium Monteragon is perfect for use on toast, dressings and salads.<\/p>\n","protected":false},"excerpt":{"rendered":"<p>Extra Virgin Olive Oil of superior category, made from cornicabra olives from organic olive trees, free of chemical residues and certified as organic crops.<\/p>\n<p>Box of 3 bottles of Olium Montearag\u00f3n 5 liters, organic extra virgin olive oil. Price 5 liter bottle &#8211; 55,33\u20ac.<\/p>\n","protected":false},"featured_media":6636,"template":"","meta":[],"product_brand":[],"product_cat":[113],"product_tag":[],"class_list":{"0":"post-6902","1":"product","2":"type-product","3":"status-publish","4":"has-post-thumbnail","6":"product_cat-olive-oil","7":"product_shipping_class-large-shipments","9":"first","10":"instock","11":"taxable","12":"shipping-taxable","13":"purchasable","14":"product-type-simple"},"yoast_head":"<!-- This site is optimized with the Yoast SEO plugin v27.3 - https:\/\/yoast.com\/product\/yoast-seo-wordpress\/ -->\n<title>Organic olive oil Olium, Montearag\u00f3n, bottles of 5 l.<\/title>\n<meta name=\"description\" content=\"Olium organic olive oil, made from cornicabra olives from organic olive trees, Montes de Toledo- Organic cultivation-Montearag\u00f3n. 5L bottles.\" \/>\n<meta name=\"robots\" content=\"index, follow, max-snippet:-1, max-image-preview:large, max-video-preview:-1\" \/>\n<link rel=\"canonical\" href=\"https:\/\/bodegascolado.com\/en\/producto\/olive-oil-ecological-olium-olive-oil-box-of-3-bottles-of-5-l\/\" \/>\n<meta property=\"og:locale\" content=\"en_US\" \/>\n<meta property=\"og:type\" content=\"article\" \/>\n<meta property=\"og:title\" content=\"Organic olive oil Olium, Montearag\u00f3n, bottles of 5 l.\" \/>\n<meta property=\"og:description\" content=\"Olium organic olive oil, made from cornicabra olives from organic olive trees, Montes de Toledo- Organic cultivation-Montearag\u00f3n. 5L bottles.\" \/>\n<meta property=\"og:url\" content=\"https:\/\/bodegascolado.com\/en\/producto\/olive-oil-ecological-olium-olive-oil-box-of-3-bottles-of-5-l\/\" \/>\n<meta property=\"og:site_name\" content=\"Bodegas Colado\" \/>\n<meta property=\"article:modified_time\" content=\"2024-01-03T18:37:40+00:00\" \/>\n<meta property=\"og:image\" content=\"https:\/\/bodegascolado.com\/wp-content\/uploads\/2023\/06\/productos-aceite-ecologico-5.jpg\" \/>\n\t<meta property=\"og:image:width\" content=\"797\" \/>\n\t<meta property=\"og:image:height\" content=\"797\" \/>\n\t<meta property=\"og:image:type\" content=\"image\/jpeg\" \/>\n<meta name=\"twitter:card\" content=\"summary_large_image\" \/>\n<script type=\"application\/ld+json\" class=\"yoast-schema-graph\">{\"@context\":\"https:\\\/\\\/schema.org\",\"@graph\":[{\"@type\":\"WebPage\",\"@id\":\"https:\\\/\\\/bodegascolado.com\\\/en\\\/producto\\\/olive-oil-ecological-olium-olive-oil-box-of-3-bottles-of-5-l\\\/\",\"url\":\"https:\\\/\\\/bodegascolado.com\\\/en\\\/producto\\\/olive-oil-ecological-olium-olive-oil-box-of-3-bottles-of-5-l\\\/\",\"name\":\"Organic olive oil Olium, Montearag\u00f3n, bottles of 5 l.\",\"isPartOf\":{\"@id\":\"https:\\\/\\\/bodegascolado.com\\\/en\\\/#website\"},\"primaryImageOfPage\":{\"@id\":\"https:\\\/\\\/bodegascolado.com\\\/en\\\/producto\\\/olive-oil-ecological-olium-olive-oil-box-of-3-bottles-of-5-l\\\/#primaryimage\"},\"image\":{\"@id\":\"https:\\\/\\\/bodegascolado.com\\\/en\\\/producto\\\/olive-oil-ecological-olium-olive-oil-box-of-3-bottles-of-5-l\\\/#primaryimage\"},\"thumbnailUrl\":\"https:\\\/\\\/bodegascolado.com\\\/wp-content\\\/uploads\\\/2023\\\/06\\\/productos-aceite-ecologico-5.jpg\",\"datePublished\":\"2023-09-20T15:27:30+00:00\",\"dateModified\":\"2024-01-03T18:37:40+00:00\",\"description\":\"Olium organic olive oil, made from cornicabra olives from organic olive trees, Montes de Toledo- Organic cultivation-Montearag\u00f3n. 5L bottles.\",\"breadcrumb\":{\"@id\":\"https:\\\/\\\/bodegascolado.com\\\/en\\\/producto\\\/olive-oil-ecological-olium-olive-oil-box-of-3-bottles-of-5-l\\\/#breadcrumb\"},\"inLanguage\":\"en-US\",\"potentialAction\":[{\"@type\":\"ReadAction\",\"target\":[\"https:\\\/\\\/bodegascolado.com\\\/en\\\/producto\\\/olive-oil-ecological-olium-olive-oil-box-of-3-bottles-of-5-l\\\/\"]}]},{\"@type\":\"ImageObject\",\"inLanguage\":\"en-US\",\"@id\":\"https:\\\/\\\/bodegascolado.com\\\/en\\\/producto\\\/olive-oil-ecological-olium-olive-oil-box-of-3-bottles-of-5-l\\\/#primaryimage\",\"url\":\"https:\\\/\\\/bodegascolado.com\\\/wp-content\\\/uploads\\\/2023\\\/06\\\/productos-aceite-ecologico-5.jpg\",\"contentUrl\":\"https:\\\/\\\/bodegascolado.com\\\/wp-content\\\/uploads\\\/2023\\\/06\\\/productos-aceite-ecologico-5.jpg\",\"width\":797,\"height\":797,\"caption\":\"productos aceite ecologico\"},{\"@type\":\"BreadcrumbList\",\"@id\":\"https:\\\/\\\/bodegascolado.com\\\/en\\\/producto\\\/olive-oil-ecological-olium-olive-oil-box-of-3-bottles-of-5-l\\\/#breadcrumb\",\"itemListElement\":[{\"@type\":\"ListItem\",\"position\":1,\"name\":\"Portada\",\"item\":\"https:\\\/\\\/bodegascolado.com\\\/en\\\/\"},{\"@type\":\"ListItem\",\"position\":2,\"name\":\"Shop\",\"item\":\"https:\\\/\\\/bodegascolado.com\\\/en\\\/shop\\\/\"},{\"@type\":\"ListItem\",\"position\":3,\"name\":\"Olium organic olive oil (Box of 3 bottles of 5 l.)\"}]},{\"@type\":\"WebSite\",\"@id\":\"https:\\\/\\\/bodegascolado.com\\\/en\\\/#website\",\"url\":\"https:\\\/\\\/bodegascolado.com\\\/en\\\/\",\"name\":\"Bodegas Colado\",\"description\":\"Aceite de oliva virgen extra ecol\u00f3gico de Montearag\u00f3n, en Bodegas Colado. Higos secos cuello dama, Marcofrut, en Montearag\u00f3n\",\"potentialAction\":[{\"@type\":\"SearchAction\",\"target\":{\"@type\":\"EntryPoint\",\"urlTemplate\":\"https:\\\/\\\/bodegascolado.com\\\/en\\\/?s={search_term_string}\"},\"query-input\":{\"@type\":\"PropertyValueSpecification\",\"valueRequired\":true,\"valueName\":\"search_term_string\"}}],\"inLanguage\":\"en-US\"}]}<\/script>\n<!-- \/ Yoast SEO plugin. -->","yoast_head_json":{"title":"Organic olive oil Olium, Montearag\u00f3n, bottles of 5 l.","description":"Olium organic olive oil, made from cornicabra olives from organic olive trees, Montes de Toledo- Organic cultivation-Montearag\u00f3n. 5L bottles.","robots":{"index":"index","follow":"follow","max-snippet":"max-snippet:-1","max-image-preview":"max-image-preview:large","max-video-preview":"max-video-preview:-1"},"canonical":"https:\/\/bodegascolado.com\/en\/producto\/olive-oil-ecological-olium-olive-oil-box-of-3-bottles-of-5-l\/","og_locale":"en_US","og_type":"article","og_title":"Organic olive oil Olium, Montearag\u00f3n, bottles of 5 l.","og_description":"Olium organic olive oil, made from cornicabra olives from organic olive trees, Montes de Toledo- Organic cultivation-Montearag\u00f3n. 5L bottles.","og_url":"https:\/\/bodegascolado.com\/en\/producto\/olive-oil-ecological-olium-olive-oil-box-of-3-bottles-of-5-l\/","og_site_name":"Bodegas Colado","article_modified_time":"2024-01-03T18:37:40+00:00","og_image":[{"width":797,"height":797,"url":"https:\/\/bodegascolado.com\/wp-content\/uploads\/2023\/06\/productos-aceite-ecologico-5.jpg","type":"image\/jpeg"}],"twitter_card":"summary_large_image","schema":{"@context":"https:\/\/schema.org","@graph":[{"@type":"WebPage","@id":"https:\/\/bodegascolado.com\/en\/producto\/olive-oil-ecological-olium-olive-oil-box-of-3-bottles-of-5-l\/","url":"https:\/\/bodegascolado.com\/en\/producto\/olive-oil-ecological-olium-olive-oil-box-of-3-bottles-of-5-l\/","name":"Organic olive oil Olium, Montearag\u00f3n, bottles of 5 l.","isPartOf":{"@id":"https:\/\/bodegascolado.com\/en\/#website"},"primaryImageOfPage":{"@id":"https:\/\/bodegascolado.com\/en\/producto\/olive-oil-ecological-olium-olive-oil-box-of-3-bottles-of-5-l\/#primaryimage"},"image":{"@id":"https:\/\/bodegascolado.com\/en\/producto\/olive-oil-ecological-olium-olive-oil-box-of-3-bottles-of-5-l\/#primaryimage"},"thumbnailUrl":"https:\/\/bodegascolado.com\/wp-content\/uploads\/2023\/06\/productos-aceite-ecologico-5.jpg","datePublished":"2023-09-20T15:27:30+00:00","dateModified":"2024-01-03T18:37:40+00:00","description":"Olium organic olive oil, made from cornicabra olives from organic olive trees, Montes de Toledo- Organic cultivation-Montearag\u00f3n. 5L bottles.","breadcrumb":{"@id":"https:\/\/bodegascolado.com\/en\/producto\/olive-oil-ecological-olium-olive-oil-box-of-3-bottles-of-5-l\/#breadcrumb"},"inLanguage":"en-US","potentialAction":[{"@type":"ReadAction","target":["https:\/\/bodegascolado.com\/en\/producto\/olive-oil-ecological-olium-olive-oil-box-of-3-bottles-of-5-l\/"]}]},{"@type":"ImageObject","inLanguage":"en-US","@id":"https:\/\/bodegascolado.com\/en\/producto\/olive-oil-ecological-olium-olive-oil-box-of-3-bottles-of-5-l\/#primaryimage","url":"https:\/\/bodegascolado.com\/wp-content\/uploads\/2023\/06\/productos-aceite-ecologico-5.jpg","contentUrl":"https:\/\/bodegascolado.com\/wp-content\/uploads\/2023\/06\/productos-aceite-ecologico-5.jpg","width":797,"height":797,"caption":"productos aceite ecologico"},{"@type":"BreadcrumbList","@id":"https:\/\/bodegascolado.com\/en\/producto\/olive-oil-ecological-olium-olive-oil-box-of-3-bottles-of-5-l\/#breadcrumb","itemListElement":[{"@type":"ListItem","position":1,"name":"Portada","item":"https:\/\/bodegascolado.com\/en\/"},{"@type":"ListItem","position":2,"name":"Shop","item":"https:\/\/bodegascolado.com\/en\/shop\/"},{"@type":"ListItem","position":3,"name":"Olium organic olive oil (Box of 3 bottles of 5 l.)"}]},{"@type":"WebSite","@id":"https:\/\/bodegascolado.com\/en\/#website","url":"https:\/\/bodegascolado.com\/en\/","name":"Bodegas Colado","description":"Aceite de oliva virgen extra ecol\u00f3gico de Montearag\u00f3n, en Bodegas Colado. Higos secos cuello dama, Marcofrut, en Montearag\u00f3n","potentialAction":[{"@type":"SearchAction","target":{"@type":"EntryPoint","urlTemplate":"https:\/\/bodegascolado.com\/en\/?s={search_term_string}"},"query-input":{"@type":"PropertyValueSpecification","valueRequired":true,"valueName":"search_term_string"}}],"inLanguage":"en-US"}]}},"_links":{"self":[{"href":"https:\/\/bodegascolado.com\/en\/wp-json\/wp\/v2\/product\/6902","targetHints":{"allow":["GET"]}}],"collection":[{"href":"https:\/\/bodegascolado.com\/en\/wp-json\/wp\/v2\/product"}],"about":[{"href":"https:\/\/bodegascolado.com\/en\/wp-json\/wp\/v2\/types\/product"}],"wp:featuredmedia":[{"embeddable":true,"href":"https:\/\/bodegascolado.com\/en\/wp-json\/wp\/v2\/media\/6636"}],"wp:attachment":[{"href":"https:\/\/bodegascolado.com\/en\/wp-json\/wp\/v2\/media?parent=6902"}],"wp:term":[{"taxonomy":"product_brand","embeddable":true,"href":"https:\/\/bodegascolado.com\/en\/wp-json\/wp\/v2\/product_brand?post=6902"},{"taxonomy":"product_cat","embeddable":true,"href":"https:\/\/bodegascolado.com\/en\/wp-json\/wp\/v2\/product_cat?post=6902"},{"taxonomy":"product_tag","embeddable":true,"href":"https:\/\/bodegascolado.com\/en\/wp-json\/wp\/v2\/product_tag?post=6902"}],"curies":[{"name":"wp","href":"https:\/\/api.w.org\/{rel}","templated":true}]}}