{"id":6893,"date":"2023-06-14T00:53:08","date_gmt":"2023-06-14T00:53:08","guid":{"rendered":"https:\/\/bodegascolado.com\/producto\/extra-virgin-olive-oil-virgen-del-rosario-box-12-bottles-of-050-l\/"},"modified":"2024-01-03T18:41:58","modified_gmt":"2024-01-03T18:41:58","slug":"olive-virgin-extra-virgin-del-rosario-olive-oil-box-12-bottles-of-050-l","status":"publish","type":"product","link":"https:\/\/bodegascolado.com\/en\/producto\/olive-virgin-extra-virgin-del-rosario-olive-oil-box-12-bottles-of-050-l\/","title":{"rendered":"Extra Virgin Olive Oil Virgen del Rosario (Box 12 bottles of 0,50 l.)"},"content":{"rendered":"<p>Our traditional cornicabra olive crops are located in a privileged environment, between the Toledo Mountains and the Tagus Valley, which provides unique organoleptic characteristics with an inimitable flavor.<br \/>\nAll the olives are harvested in the traditional way, are transported to the mill in a short period of time and the oil is obtained by the first cold pressing, thus not altering the original properties of the olive.<br \/>\nFood pairing: Virgen del Rosario is perfect for raw consumption, frying, roasting and baking, as it enhances the natural flavor of food.<br \/>\nBottle 0,5 Liters.<\/p>\n","protected":false},"excerpt":{"rendered":"<p>Box of 12 glass bottles of 0.50 liters of Extra Virgin Olive Oil.<\/p>\n<p>Our traditional cornicabra olive crops are located in a privileged environment, between the Toledo Mountains and the Tagus Valley, which provides unique organoleptic characteristics with an inimitable flavor.<\/p>\n<p>&nbsp;<\/p>\n","protected":false},"featured_media":6648,"template":"","meta":[],"product_brand":[],"product_cat":[113],"product_tag":[],"class_list":{"0":"post-6893","1":"product","2":"type-product","3":"status-publish","4":"has-post-thumbnail","6":"product_cat-olive-oil","8":"first","9":"instock","10":"taxable","11":"shipping-taxable","12":"purchasable","13":"product-type-simple"},"yoast_head":"<!-- This site is optimized with the Yoast SEO plugin v27.3 - https:\/\/yoast.com\/product\/yoast-seo-wordpress\/ -->\n<title>Extra Virgin Olive Oil Virgen del Rosario bottles of 0,50 l.<\/title>\n<meta name=\"description\" content=\"Extra Virgin Olive Oil Virgen del Rosario, made with Cornicabra olives from the Montes de Toledo, Montearag\u00f3n. 0.50 l. bottles)\" \/>\n<meta name=\"robots\" content=\"index, follow, max-snippet:-1, max-image-preview:large, max-video-preview:-1\" \/>\n<link rel=\"canonical\" href=\"https:\/\/bodegascolado.com\/en\/producto\/olive-virgin-extra-virgin-del-rosario-olive-oil-box-12-bottles-of-050-l\/\" \/>\n<meta property=\"og:locale\" content=\"en_US\" \/>\n<meta property=\"og:type\" content=\"article\" \/>\n<meta property=\"og:title\" content=\"Extra Virgin Olive Oil Virgen del Rosario bottles of 0,50 l.\" \/>\n<meta property=\"og:description\" content=\"Extra Virgin Olive Oil Virgen del Rosario, made with Cornicabra olives from the Montes de Toledo, Montearag\u00f3n. 0.50 l. bottles)\" \/>\n<meta property=\"og:url\" content=\"https:\/\/bodegascolado.com\/en\/producto\/olive-virgin-extra-virgin-del-rosario-olive-oil-box-12-bottles-of-050-l\/\" \/>\n<meta property=\"og:site_name\" content=\"Bodegas Colado\" \/>\n<meta property=\"article:modified_time\" content=\"2024-01-03T18:41:58+00:00\" \/>\n<meta property=\"og:image\" content=\"https:\/\/bodegascolado.com\/wp-content\/uploads\/2023\/06\/productos-aceite-virgenextra-050.jpg\" \/>\n\t<meta property=\"og:image:width\" content=\"797\" \/>\n\t<meta property=\"og:image:height\" content=\"797\" \/>\n\t<meta property=\"og:image:type\" content=\"image\/jpeg\" \/>\n<meta name=\"twitter:card\" content=\"summary_large_image\" \/>\n<script type=\"application\/ld+json\" class=\"yoast-schema-graph\">{\"@context\":\"https:\\\/\\\/schema.org\",\"@graph\":[{\"@type\":\"WebPage\",\"@id\":\"https:\\\/\\\/bodegascolado.com\\\/en\\\/producto\\\/olive-virgin-extra-virgin-del-rosario-olive-oil-box-12-bottles-of-050-l\\\/\",\"url\":\"https:\\\/\\\/bodegascolado.com\\\/en\\\/producto\\\/olive-virgin-extra-virgin-del-rosario-olive-oil-box-12-bottles-of-050-l\\\/\",\"name\":\"Extra Virgin Olive Oil Virgen del Rosario bottles of 0,50 l.\",\"isPartOf\":{\"@id\":\"https:\\\/\\\/bodegascolado.com\\\/en\\\/#website\"},\"primaryImageOfPage\":{\"@id\":\"https:\\\/\\\/bodegascolado.com\\\/en\\\/producto\\\/olive-virgin-extra-virgin-del-rosario-olive-oil-box-12-bottles-of-050-l\\\/#primaryimage\"},\"image\":{\"@id\":\"https:\\\/\\\/bodegascolado.com\\\/en\\\/producto\\\/olive-virgin-extra-virgin-del-rosario-olive-oil-box-12-bottles-of-050-l\\\/#primaryimage\"},\"thumbnailUrl\":\"https:\\\/\\\/bodegascolado.com\\\/wp-content\\\/uploads\\\/2023\\\/06\\\/productos-aceite-virgenextra-050.jpg\",\"datePublished\":\"2023-06-14T00:53:08+00:00\",\"dateModified\":\"2024-01-03T18:41:58+00:00\",\"description\":\"Extra Virgin Olive Oil Virgen del Rosario, made with Cornicabra olives from the Montes de Toledo, Montearag\u00f3n. 0.50 l. bottles)\",\"breadcrumb\":{\"@id\":\"https:\\\/\\\/bodegascolado.com\\\/en\\\/producto\\\/olive-virgin-extra-virgin-del-rosario-olive-oil-box-12-bottles-of-050-l\\\/#breadcrumb\"},\"inLanguage\":\"en-US\",\"potentialAction\":[{\"@type\":\"ReadAction\",\"target\":[\"https:\\\/\\\/bodegascolado.com\\\/en\\\/producto\\\/olive-virgin-extra-virgin-del-rosario-olive-oil-box-12-bottles-of-050-l\\\/\"]}]},{\"@type\":\"ImageObject\",\"inLanguage\":\"en-US\",\"@id\":\"https:\\\/\\\/bodegascolado.com\\\/en\\\/producto\\\/olive-virgin-extra-virgin-del-rosario-olive-oil-box-12-bottles-of-050-l\\\/#primaryimage\",\"url\":\"https:\\\/\\\/bodegascolado.com\\\/wp-content\\\/uploads\\\/2023\\\/06\\\/productos-aceite-virgenextra-050.jpg\",\"contentUrl\":\"https:\\\/\\\/bodegascolado.com\\\/wp-content\\\/uploads\\\/2023\\\/06\\\/productos-aceite-virgenextra-050.jpg\",\"width\":797,\"height\":797,\"caption\":\"productos aceite virgenextra\"},{\"@type\":\"BreadcrumbList\",\"@id\":\"https:\\\/\\\/bodegascolado.com\\\/en\\\/producto\\\/olive-virgin-extra-virgin-del-rosario-olive-oil-box-12-bottles-of-050-l\\\/#breadcrumb\",\"itemListElement\":[{\"@type\":\"ListItem\",\"position\":1,\"name\":\"Portada\",\"item\":\"https:\\\/\\\/bodegascolado.com\\\/en\\\/\"},{\"@type\":\"ListItem\",\"position\":2,\"name\":\"Shop\",\"item\":\"https:\\\/\\\/bodegascolado.com\\\/en\\\/shop\\\/\"},{\"@type\":\"ListItem\",\"position\":3,\"name\":\"Extra Virgin Olive Oil Virgen del Rosario (Box 12 bottles of 0,50 l.)\"}]},{\"@type\":\"WebSite\",\"@id\":\"https:\\\/\\\/bodegascolado.com\\\/en\\\/#website\",\"url\":\"https:\\\/\\\/bodegascolado.com\\\/en\\\/\",\"name\":\"Bodegas Colado\",\"description\":\"Aceite de oliva virgen extra ecol\u00f3gico de Montearag\u00f3n, en Bodegas Colado. Higos secos cuello dama, Marcofrut, en Montearag\u00f3n\",\"potentialAction\":[{\"@type\":\"SearchAction\",\"target\":{\"@type\":\"EntryPoint\",\"urlTemplate\":\"https:\\\/\\\/bodegascolado.com\\\/en\\\/?s={search_term_string}\"},\"query-input\":{\"@type\":\"PropertyValueSpecification\",\"valueRequired\":true,\"valueName\":\"search_term_string\"}}],\"inLanguage\":\"en-US\"}]}<\/script>\n<!-- \/ Yoast SEO plugin. -->","yoast_head_json":{"title":"Extra Virgin Olive Oil Virgen del Rosario bottles of 0,50 l.","description":"Extra Virgin Olive Oil Virgen del Rosario, made with Cornicabra olives from the Montes de Toledo, Montearag\u00f3n. 0.50 l. bottles)","robots":{"index":"index","follow":"follow","max-snippet":"max-snippet:-1","max-image-preview":"max-image-preview:large","max-video-preview":"max-video-preview:-1"},"canonical":"https:\/\/bodegascolado.com\/en\/producto\/olive-virgin-extra-virgin-del-rosario-olive-oil-box-12-bottles-of-050-l\/","og_locale":"en_US","og_type":"article","og_title":"Extra Virgin Olive Oil Virgen del Rosario bottles of 0,50 l.","og_description":"Extra Virgin Olive Oil Virgen del Rosario, made with Cornicabra olives from the Montes de Toledo, Montearag\u00f3n. 0.50 l. bottles)","og_url":"https:\/\/bodegascolado.com\/en\/producto\/olive-virgin-extra-virgin-del-rosario-olive-oil-box-12-bottles-of-050-l\/","og_site_name":"Bodegas Colado","article_modified_time":"2024-01-03T18:41:58+00:00","og_image":[{"width":797,"height":797,"url":"https:\/\/bodegascolado.com\/wp-content\/uploads\/2023\/06\/productos-aceite-virgenextra-050.jpg","type":"image\/jpeg"}],"twitter_card":"summary_large_image","schema":{"@context":"https:\/\/schema.org","@graph":[{"@type":"WebPage","@id":"https:\/\/bodegascolado.com\/en\/producto\/olive-virgin-extra-virgin-del-rosario-olive-oil-box-12-bottles-of-050-l\/","url":"https:\/\/bodegascolado.com\/en\/producto\/olive-virgin-extra-virgin-del-rosario-olive-oil-box-12-bottles-of-050-l\/","name":"Extra Virgin Olive Oil Virgen del Rosario bottles of 0,50 l.","isPartOf":{"@id":"https:\/\/bodegascolado.com\/en\/#website"},"primaryImageOfPage":{"@id":"https:\/\/bodegascolado.com\/en\/producto\/olive-virgin-extra-virgin-del-rosario-olive-oil-box-12-bottles-of-050-l\/#primaryimage"},"image":{"@id":"https:\/\/bodegascolado.com\/en\/producto\/olive-virgin-extra-virgin-del-rosario-olive-oil-box-12-bottles-of-050-l\/#primaryimage"},"thumbnailUrl":"https:\/\/bodegascolado.com\/wp-content\/uploads\/2023\/06\/productos-aceite-virgenextra-050.jpg","datePublished":"2023-06-14T00:53:08+00:00","dateModified":"2024-01-03T18:41:58+00:00","description":"Extra Virgin Olive Oil Virgen del Rosario, made with Cornicabra olives from the Montes de Toledo, Montearag\u00f3n. 0.50 l. bottles)","breadcrumb":{"@id":"https:\/\/bodegascolado.com\/en\/producto\/olive-virgin-extra-virgin-del-rosario-olive-oil-box-12-bottles-of-050-l\/#breadcrumb"},"inLanguage":"en-US","potentialAction":[{"@type":"ReadAction","target":["https:\/\/bodegascolado.com\/en\/producto\/olive-virgin-extra-virgin-del-rosario-olive-oil-box-12-bottles-of-050-l\/"]}]},{"@type":"ImageObject","inLanguage":"en-US","@id":"https:\/\/bodegascolado.com\/en\/producto\/olive-virgin-extra-virgin-del-rosario-olive-oil-box-12-bottles-of-050-l\/#primaryimage","url":"https:\/\/bodegascolado.com\/wp-content\/uploads\/2023\/06\/productos-aceite-virgenextra-050.jpg","contentUrl":"https:\/\/bodegascolado.com\/wp-content\/uploads\/2023\/06\/productos-aceite-virgenextra-050.jpg","width":797,"height":797,"caption":"productos aceite virgenextra"},{"@type":"BreadcrumbList","@id":"https:\/\/bodegascolado.com\/en\/producto\/olive-virgin-extra-virgin-del-rosario-olive-oil-box-12-bottles-of-050-l\/#breadcrumb","itemListElement":[{"@type":"ListItem","position":1,"name":"Portada","item":"https:\/\/bodegascolado.com\/en\/"},{"@type":"ListItem","position":2,"name":"Shop","item":"https:\/\/bodegascolado.com\/en\/shop\/"},{"@type":"ListItem","position":3,"name":"Extra Virgin Olive Oil Virgen del Rosario (Box 12 bottles of 0,50 l.)"}]},{"@type":"WebSite","@id":"https:\/\/bodegascolado.com\/en\/#website","url":"https:\/\/bodegascolado.com\/en\/","name":"Bodegas Colado","description":"Aceite de oliva virgen extra ecol\u00f3gico de Montearag\u00f3n, en Bodegas Colado. Higos secos cuello dama, Marcofrut, en Montearag\u00f3n","potentialAction":[{"@type":"SearchAction","target":{"@type":"EntryPoint","urlTemplate":"https:\/\/bodegascolado.com\/en\/?s={search_term_string}"},"query-input":{"@type":"PropertyValueSpecification","valueRequired":true,"valueName":"search_term_string"}}],"inLanguage":"en-US"}]}},"_links":{"self":[{"href":"https:\/\/bodegascolado.com\/en\/wp-json\/wp\/v2\/product\/6893","targetHints":{"allow":["GET"]}}],"collection":[{"href":"https:\/\/bodegascolado.com\/en\/wp-json\/wp\/v2\/product"}],"about":[{"href":"https:\/\/bodegascolado.com\/en\/wp-json\/wp\/v2\/types\/product"}],"wp:featuredmedia":[{"embeddable":true,"href":"https:\/\/bodegascolado.com\/en\/wp-json\/wp\/v2\/media\/6648"}],"wp:attachment":[{"href":"https:\/\/bodegascolado.com\/en\/wp-json\/wp\/v2\/media?parent=6893"}],"wp:term":[{"taxonomy":"product_brand","embeddable":true,"href":"https:\/\/bodegascolado.com\/en\/wp-json\/wp\/v2\/product_brand?post=6893"},{"taxonomy":"product_cat","embeddable":true,"href":"https:\/\/bodegascolado.com\/en\/wp-json\/wp\/v2\/product_cat?post=6893"},{"taxonomy":"product_tag","embeddable":true,"href":"https:\/\/bodegascolado.com\/en\/wp-json\/wp\/v2\/product_tag?post=6893"}],"curies":[{"name":"wp","href":"https:\/\/api.w.org\/{rel}","templated":true}]}}