{"id":6829,"date":"2023-06-22T12:11:20","date_gmt":"2023-06-22T12:11:20","guid":{"rendered":"https:\/\/bodegascolado.com\/terms-and-conditions-of-sale\/"},"modified":"2023-10-14T20:03:21","modified_gmt":"2023-10-14T20:03:21","slug":"terms-and-conditions-of-sale","status":"publish","type":"page","link":"https:\/\/bodegascolado.com\/en\/terms-and-conditions-of-sale\/","title":{"rendered":"Terms and conditions of sale"},"content":{"rendered":"[vc_row type=&#8221;in_container&#8221; full_screen_row_position=&#8221;middle&#8221; column_margin=&#8221;default&#8221; column_direction=&#8221;default&#8221; column_direction_tablet=&#8221;default&#8221; column_direction_phone=&#8221;default&#8221; scene_position=&#8221;center&#8221; text_color=&#8221;dark&#8221; text_align=&#8221;left&#8221; row_border_radius=&#8221;none&#8221; row_border_radius_applies=&#8221;bg&#8221; overflow=&#8221;visible&#8221; overlay_strength=&#8221;0.3&#8243; gradient_direction=&#8221;left_to_right&#8221; shape_divider_position=&#8221;bottom&#8221; bg_image_animation=&#8221;none&#8221;][vc_column column_padding=&#8221;padding-10-percent&#8221; column_padding_tablet=&#8221;padding-6-percent&#8221; column_padding_phone=&#8221;padding-2-percent&#8221; column_padding_position=&#8221;left-right&#8221; column_element_direction_desktop=&#8221;default&#8221; column_element_spacing=&#8221;default&#8221; desktop_text_alignment=&#8221;default&#8221; tablet_text_alignment=&#8221;default&#8221; phone_text_alignment=&#8221;default&#8221; background_color_opacity=&#8221;1&#8243; background_hover_color_opacity=&#8221;1&#8243; column_backdrop_filter=&#8221;none&#8221; column_shadow=&#8221;none&#8221; column_border_radius=&#8221;none&#8221; column_link_target=&#8221;_self&#8221; column_position=&#8221;default&#8221; gradient_direction=&#8221;left_to_right&#8221; overlay_strength=&#8221;0.3&#8243; width=&#8221;1\/1&#8243; tablet_width_inherit=&#8221;default&#8221; animation_type=&#8221;default&#8221; bg_image_animation=&#8221;none&#8221; border_type=&#8221;simple&#8221; column_border_width=&#8221;none&#8221; column_border_style=&#8221;solid&#8221; column_padding_type=&#8221;default&#8221; gradient_type=&#8221;default&#8221;][vc_column_text]<strong><span style=\"color: #1c4e2a;\">DELIVERY TIME<\/span><\/strong><br \/>\nOnce payment has been made, the order will be delivered within 48 to 72 hours.<\/p>\n<p><strong><span style=\"color: #1c4e2a;\">PAYMENT METHOD<\/span><\/strong><br \/>\nPayment will be made by credit card or Bizum.<\/p>\n<p><strong><span style=\"color: #1c4e2a;\">SHIPPING COST<\/span><\/strong><br \/>\nWe ship to Spain and Portugal. The shipping cost is 8 euros for all products, except for olive oil products in 5-liter carafes, which will cost 12.50 euros.<\/p>\n<p><strong><span style=\"color: #1c4e2a;\">RETURNS AND EXCHANGES<\/span><\/strong><br \/>\nFor online sales, you have 7 days for any exchange with the original receipt and packaging. For these sales you can return your order and exchange it for another item or a voucher with an expiration date of 6 months or cancel the sale within 7 days of receipt of the product. To do so, you may mail or ship the products to the following address:<\/p>\n<p><span style=\"color: #1c4e2a;\">MONTEARAGUE\u00d1A DE TRANSFORMACIONES, S.L.<\/span><br \/>\nPaseo de la Estaci\u00f3n, 5 &#8211; 45685<br \/>\nMontearag\u00f3n &#8211; Toledo &#8211; Spain<br \/>\nContact: +34 925 865 038 , Email: info@bodegascolado.com<\/p>\n<p>We remind you that the shipping costs of the products you wish to exchange are at your expense and that BODEGAS COLADO will not accept in any case returns sent freight collect. Once the return has been received, the corresponding credit will be made using the same payment method used during the purchase or the delivery of a ticket to purchase other products.<\/p>\n<p><strong><span style=\"color: #1c4e2a;\">RIGHT OF WITHDRAWAL<\/span><\/strong><br \/>\nIn accordance with the regulations governing distance sales, customers in the European Union have 7 working days (counting from the date of receipt) to exercise their right of withdrawal on their order at BODEGAS COLADO.<\/p>\n<p>In such a case, BODEGAS COLADO will refund your order in full, but you must return the entire order to us.<\/p>\n<p>The order must be returned within 7 working days from the date of receipt by mail or transport, at the customer&#8217;s expense, to the warehouse of BODEGAS COLADO:<\/p>\n<p><span style=\"color: #1c4e2a;\">MONTEARAGUE\u00d1A DE TRANSFORMACIONES, S.L.<\/span><br \/>\nPaseo de la Estaci\u00f3n, 5 &#8211; 45685 Montearag\u00f3n &#8211; Toledo &#8211; Spain<br \/>\nContact: +34 925 865 038 , Email: info@bodegascolado.com<\/p>\n<p><strong><span style=\"color: #1c4e2a;\">PLEASE REMEMBER:<\/span> <\/strong>All items must maintain original condition and will be inspected upon receipt.[\/vc_column_text][\/vc_column][\/vc_row]\n","protected":false},"excerpt":{"rendered":"<p>[vc_row type=&#8221;in_container&#8221; full_screen_row_position=&#8221;middle&#8221; column_margin=&#8221;default&#8221; column_direction=&#8221;default&#8221; column_direction_tablet=&#8221;default&#8221; column_direction_phone=&#8221;default&#8221; scene_position=&#8221;center&#8221; text_color=&#8221;dark&#8221; text_align=&#8221;left&#8221; row_border_radius=&#8221;none&#8221; row_border_radius_applies=&#8221;bg&#8221; overflow=&#8221;visible&#8221; overlay_strength=&#8221;0.3&#8243; gradient_direction=&#8221;left_to_right&#8221; shape_divider_position=&#8221;bottom&#8221; bg_image_animation=&#8221;none&#8221;][vc_column column_padding=&#8221;padding-10-percent&#8221; column_padding_tablet=&#8221;padding-6-percent&#8221; column_padding_phone=&#8221;padding-2-percent&#8221; column_padding_position=&#8221;left-right&#8221; column_element_direction_desktop=&#8221;default&#8221; column_element_spacing=&#8221;default&#8221; desktop_text_alignment=&#8221;default&#8221; tablet_text_alignment=&#8221;default&#8221; phone_text_alignment=&#8221;default&#8221; background_color_opacity=&#8221;1&#8243; background_hover_color_opacity=&#8221;1&#8243; column_backdrop_filter=&#8221;none&#8221; column_shadow=&#8221;none&#8221;&#8230;<\/p>\n","protected":false},"author":1,"featured_media":0,"parent":0,"menu_order":0,"comment_status":"closed","ping_status":"closed","template":"","meta":{"footnotes":""},"class_list":["post-6829","page","type-page","status-publish"],"yoast_head":"<!-- This site is optimized with the Yoast SEO plugin v27.3 - https:\/\/yoast.com\/product\/yoast-seo-wordpress\/ -->\n<title>Terms and conditions of sale<\/title>\n<meta name=\"description\" content=\"Terms and conditions of sale\" \/>\n<meta name=\"robots\" content=\"noindex, nofollow\" \/>\n<meta property=\"og:locale\" content=\"en_US\" \/>\n<meta property=\"og:type\" content=\"article\" \/>\n<meta property=\"og:title\" content=\"Terms and conditions of sale\" \/>\n<meta property=\"og:description\" content=\"Terms and conditions of sale\" \/>\n<meta property=\"og:url\" content=\"https:\/\/bodegascolado.com\/en\/terms-and-conditions-of-sale\/\" \/>\n<meta property=\"og:site_name\" content=\"Bodegas Colado\" \/>\n<meta property=\"article:modified_time\" content=\"2023-10-14T20:03:21+00:00\" \/>\n<meta name=\"twitter:card\" content=\"summary_large_image\" \/>\n<meta name=\"twitter:label1\" content=\"Est. reading time\" \/>\n\t<meta name=\"twitter:data1\" content=\"3 minutes\" \/>\n<script type=\"application\/ld+json\" class=\"yoast-schema-graph\">{\"@context\":\"https:\\\/\\\/schema.org\",\"@graph\":[{\"@type\":\"WebPage\",\"@id\":\"https:\\\/\\\/bodegascolado.com\\\/en\\\/terms-and-conditions-of-sale\\\/\",\"url\":\"https:\\\/\\\/bodegascolado.com\\\/en\\\/terms-and-conditions-of-sale\\\/\",\"name\":\"Terms and conditions of sale\",\"isPartOf\":{\"@id\":\"https:\\\/\\\/bodegascolado.com\\\/en\\\/#website\"},\"datePublished\":\"2023-06-22T12:11:20+00:00\",\"dateModified\":\"2023-10-14T20:03:21+00:00\",\"description\":\"Terms and conditions of sale\",\"breadcrumb\":{\"@id\":\"https:\\\/\\\/bodegascolado.com\\\/en\\\/terms-and-conditions-of-sale\\\/#breadcrumb\"},\"inLanguage\":\"en-US\",\"potentialAction\":[{\"@type\":\"ReadAction\",\"target\":[\"https:\\\/\\\/bodegascolado.com\\\/en\\\/terms-and-conditions-of-sale\\\/\"]}]},{\"@type\":\"BreadcrumbList\",\"@id\":\"https:\\\/\\\/bodegascolado.com\\\/en\\\/terms-and-conditions-of-sale\\\/#breadcrumb\",\"itemListElement\":[{\"@type\":\"ListItem\",\"position\":1,\"name\":\"Portada\",\"item\":\"https:\\\/\\\/bodegascolado.com\\\/en\\\/\"},{\"@type\":\"ListItem\",\"position\":2,\"name\":\"Terms and conditions of sale\"}]},{\"@type\":\"WebSite\",\"@id\":\"https:\\\/\\\/bodegascolado.com\\\/en\\\/#website\",\"url\":\"https:\\\/\\\/bodegascolado.com\\\/en\\\/\",\"name\":\"Bodegas Colado\",\"description\":\"Aceite de oliva virgen extra ecol\u00f3gico de Montearag\u00f3n, en Bodegas Colado. Higos secos cuello dama, Marcofrut, en Montearag\u00f3n\",\"potentialAction\":[{\"@type\":\"SearchAction\",\"target\":{\"@type\":\"EntryPoint\",\"urlTemplate\":\"https:\\\/\\\/bodegascolado.com\\\/en\\\/?s={search_term_string}\"},\"query-input\":{\"@type\":\"PropertyValueSpecification\",\"valueRequired\":true,\"valueName\":\"search_term_string\"}}],\"inLanguage\":\"en-US\"}]}<\/script>\n<!-- \/ Yoast SEO plugin. -->","yoast_head_json":{"title":"Terms and conditions of sale","description":"Terms and conditions of sale","robots":{"index":"noindex","follow":"nofollow"},"og_locale":"en_US","og_type":"article","og_title":"Terms and conditions of sale","og_description":"Terms and conditions of sale","og_url":"https:\/\/bodegascolado.com\/en\/terms-and-conditions-of-sale\/","og_site_name":"Bodegas Colado","article_modified_time":"2023-10-14T20:03:21+00:00","twitter_card":"summary_large_image","twitter_misc":{"Est. reading time":"3 minutes"},"schema":{"@context":"https:\/\/schema.org","@graph":[{"@type":"WebPage","@id":"https:\/\/bodegascolado.com\/en\/terms-and-conditions-of-sale\/","url":"https:\/\/bodegascolado.com\/en\/terms-and-conditions-of-sale\/","name":"Terms and conditions of sale","isPartOf":{"@id":"https:\/\/bodegascolado.com\/en\/#website"},"datePublished":"2023-06-22T12:11:20+00:00","dateModified":"2023-10-14T20:03:21+00:00","description":"Terms and conditions of sale","breadcrumb":{"@id":"https:\/\/bodegascolado.com\/en\/terms-and-conditions-of-sale\/#breadcrumb"},"inLanguage":"en-US","potentialAction":[{"@type":"ReadAction","target":["https:\/\/bodegascolado.com\/en\/terms-and-conditions-of-sale\/"]}]},{"@type":"BreadcrumbList","@id":"https:\/\/bodegascolado.com\/en\/terms-and-conditions-of-sale\/#breadcrumb","itemListElement":[{"@type":"ListItem","position":1,"name":"Portada","item":"https:\/\/bodegascolado.com\/en\/"},{"@type":"ListItem","position":2,"name":"Terms and conditions of sale"}]},{"@type":"WebSite","@id":"https:\/\/bodegascolado.com\/en\/#website","url":"https:\/\/bodegascolado.com\/en\/","name":"Bodegas Colado","description":"Aceite de oliva virgen extra ecol\u00f3gico de Montearag\u00f3n, en Bodegas Colado. Higos secos cuello dama, Marcofrut, en Montearag\u00f3n","potentialAction":[{"@type":"SearchAction","target":{"@type":"EntryPoint","urlTemplate":"https:\/\/bodegascolado.com\/en\/?s={search_term_string}"},"query-input":{"@type":"PropertyValueSpecification","valueRequired":true,"valueName":"search_term_string"}}],"inLanguage":"en-US"}]}},"_links":{"self":[{"href":"https:\/\/bodegascolado.com\/en\/wp-json\/wp\/v2\/pages\/6829","targetHints":{"allow":["GET"]}}],"collection":[{"href":"https:\/\/bodegascolado.com\/en\/wp-json\/wp\/v2\/pages"}],"about":[{"href":"https:\/\/bodegascolado.com\/en\/wp-json\/wp\/v2\/types\/page"}],"author":[{"embeddable":true,"href":"https:\/\/bodegascolado.com\/en\/wp-json\/wp\/v2\/users\/1"}],"replies":[{"embeddable":true,"href":"https:\/\/bodegascolado.com\/en\/wp-json\/wp\/v2\/comments?post=6829"}],"version-history":[{"count":6,"href":"https:\/\/bodegascolado.com\/en\/wp-json\/wp\/v2\/pages\/6829\/revisions"}],"predecessor-version":[{"id":6931,"href":"https:\/\/bodegascolado.com\/en\/wp-json\/wp\/v2\/pages\/6829\/revisions\/6931"}],"wp:attachment":[{"href":"https:\/\/bodegascolado.com\/en\/wp-json\/wp\/v2\/media?parent=6829"}],"curies":[{"name":"wp","href":"https:\/\/api.w.org\/{rel}","templated":true}]}}