{"id":6818,"date":"2023-09-25T11:33:26","date_gmt":"2023-09-25T11:33:26","guid":{"rendered":"https:\/\/bodegascolado.com\/tierra-de-castilla-wine\/"},"modified":"2023-10-14T19:56:31","modified_gmt":"2023-10-14T19:56:31","slug":"tierra-de-castilla-wine","status":"publish","type":"page","link":"https:\/\/bodegascolado.com\/en\/tierra-de-castilla-wine\/","title":{"rendered":"Tierra de Castilla Wine"},"content":{"rendered":"[vc_row type=&#8221;full_width_content&#8221; full_screen_row_position=&#8221;middle&#8221; column_margin=&#8221;default&#8221; equal_height=&#8221;yes&#8221; content_placement=&#8221;middle&#8221; column_direction=&#8221;default&#8221; column_direction_tablet=&#8221;default&#8221; column_direction_phone=&#8221;default&#8221; bg_color=&#8221;#ffffff&#8221; scene_position=&#8221;center&#8221; bottom_margin_phone=&#8221;7&#8243; text_color=&#8221;dark&#8221; text_align=&#8221;left&#8221; row_border_radius=&#8221;none&#8221; row_border_radius_applies=&#8221;bg&#8221; overflow=&#8221;visible&#8221; overlay_strength=&#8221;0.3&#8243; gradient_direction=&#8221;left_to_right&#8221; shape_divider_position=&#8221;bottom&#8221; bg_image_animation=&#8221;none&#8221; gradient_type=&#8221;default&#8221; shape_type=&#8221;&#8221;][vc_column column_padding=&#8221;padding-10-percent&#8221; column_padding_tablet=&#8221;inherit&#8221; column_padding_phone=&#8221;inherit&#8221; column_padding_position=&#8221;all&#8221; column_element_direction_desktop=&#8221;default&#8221; column_element_spacing=&#8221;default&#8221; desktop_text_alignment=&#8221;default&#8221; tablet_text_alignment=&#8221;default&#8221; phone_text_alignment=&#8221;default&#8221; background_color_opacity=&#8221;1&#8243; background_hover_color_opacity=&#8221;1&#8243; column_backdrop_filter=&#8221;none&#8221; column_shadow=&#8221;none&#8221; column_border_radius=&#8221;none&#8221; column_link_target=&#8221;_self&#8221; column_position=&#8221;default&#8221; gradient_direction=&#8221;left_to_right&#8221; overlay_strength=&#8221;0.3&#8243; width=&#8221;1\/2&#8243; tablet_width_inherit=&#8221;default&#8221; animation_type=&#8221;default&#8221; bg_image_animation=&#8221;none&#8221; border_type=&#8221;simple&#8221; column_border_width=&#8221;none&#8221; column_border_style=&#8221;solid&#8221; column_padding_type=&#8221;default&#8221; gradient_type=&#8221;default&#8221;][vc_row_inner column_margin=&#8221;default&#8221; column_direction=&#8221;default&#8221; column_direction_tablet=&#8221;default&#8221; column_direction_phone=&#8221;default&#8221; text_align=&#8221;left&#8221; row_position=&#8221;default&#8221; row_position_tablet=&#8221;inherit&#8221; row_position_phone=&#8221;inherit&#8221; overflow=&#8221;visible&#8221; pointer_events=&#8221;all&#8221;][vc_column_inner column_padding=&#8221;no-extra-padding&#8221; column_padding_tablet=&#8221;inherit&#8221; column_padding_phone=&#8221;inherit&#8221; column_padding_position=&#8221;all&#8221; column_element_direction_desktop=&#8221;default&#8221; column_element_spacing=&#8221;default&#8221; desktop_text_alignment=&#8221;default&#8221; tablet_text_alignment=&#8221;default&#8221; phone_text_alignment=&#8221;default&#8221; background_color_opacity=&#8221;1&#8243; background_hover_color_opacity=&#8221;1&#8243; column_backdrop_filter=&#8221;none&#8221; column_shadow=&#8221;none&#8221; column_border_radius=&#8221;none&#8221; column_link_target=&#8221;_self&#8221; overflow=&#8221;visible&#8221; gradient_direction=&#8221;left_to_right&#8221; overlay_strength=&#8221;0.3&#8243; width=&#8221;1\/1&#8243; tablet_width_inherit=&#8221;default&#8221; animation_type=&#8221;default&#8221; enable_animation=&#8221;true&#8221; animation=&#8221;fade-in-from-bottom&#8221; animation_easing=&#8221;default&#8221; bg_image_animation=&#8221;none&#8221; border_type=&#8221;simple&#8221; column_border_width=&#8221;none&#8221; column_border_style=&#8221;solid&#8221;][vc_custom_heading text=&#8221;Aibura&#8221; font_container=&#8221;tag:h5|text_align:left|color:%23ad7b1d&#8221; use_theme_fonts=&#8221;yes&#8221; css=&#8221;.vc_custom_1695814506171{margin-bottom: 0px !important;}&#8221;][vc_custom_heading text=&#8221;Tierra de Castilla Wines&#8221; font_container=&#8221;tag:h1|text_align:left|color:%231c4e2a&#8221; use_theme_fonts=&#8221;yes&#8221;][vc_column_text css=&#8221;.vc_custom_1695814573010{margin-bottom: 0px !important;padding-top: 14px !important;padding-bottom: 0px !important;}&#8221;]Tierra de Castilla PGI.<br \/>\nRed and white wine with Protected Geographical Indication.<\/p>\n<p>Aibura white wine made from the Chardonnay grape variety in the Castilla-La Mancha area.<\/p>\n<p>Aibura red wine made from Tempranillo &#8211; Syrah grapes.<\/p>\n[\/vc_column_text][\/vc_column_inner][\/vc_row_inner][\/vc_column][vc_column column_padding=&#8221;no-extra-padding&#8221; column_padding_tablet=&#8221;inherit&#8221; column_padding_phone=&#8221;inherit&#8221; column_padding_position=&#8221;all&#8221; column_element_direction_desktop=&#8221;default&#8221; column_element_spacing=&#8221;default&#8221; desktop_text_alignment=&#8221;default&#8221; tablet_text_alignment=&#8221;default&#8221; phone_text_alignment=&#8221;default&#8221; background_color_opacity=&#8221;1&#8243; background_hover_color_opacity=&#8221;1&#8243; background_image=&#8221;6473&#8243; background_image_position=&#8221;right center&#8221; background_image_stacking=&#8221;default&#8221; enable_bg_scale=&#8221;true&#8221; background_image_loading=&#8221;default&#8221; column_backdrop_filter=&#8221;none&#8221; column_shadow=&#8221;none&#8221; column_border_radius=&#8221;none&#8221; column_link_target=&#8221;_self&#8221; column_position=&#8221;default&#8221; gradient_direction=&#8221;left_to_right&#8221; overlay_strength=&#8221;0.3&#8243; width=&#8221;1\/2&#8243; tablet_width_inherit=&#8221;default&#8221; animation_type=&#8221;default&#8221; bg_image_animation=&#8221;none&#8221; border_type=&#8221;simple&#8221; column_border_width=&#8221;none&#8221; column_border_style=&#8221;solid&#8221; column_padding_type=&#8221;default&#8221; gradient_type=&#8221;default&#8221;][\/vc_column][\/vc_row][vc_row type=&#8221;full_width_content&#8221; full_screen_row_position=&#8221;middle&#8221; column_margin=&#8221;default&#8221; equal_height=&#8221;yes&#8221; column_direction=&#8221;default&#8221; column_direction_tablet=&#8221;default&#8221; column_direction_phone=&#8221;default&#8221; bg_color=&#8221;#f9f2e8&#8243; scene_position=&#8221;center&#8221; top_padding=&#8221;0&#8243; bottom_padding=&#8221;0&#8243; top_margin=&#8221;0&#8243; bottom_margin=&#8221;0&#8243; text_color=&#8221;dark&#8221; text_align=&#8221;left&#8221; row_border_radius=&#8221;none&#8221; row_border_radius_applies=&#8221;bg&#8221; overflow=&#8221;visible&#8221; overlay_strength=&#8221;0.3&#8243; gradient_direction=&#8221;left_to_right&#8221; shape_divider_position=&#8221;bottom&#8221; bg_image_animation=&#8221;none&#8221; gradient_type=&#8221;default&#8221; shape_type=&#8221;&#8221;][vc_column column_padding=&#8221;no-extra-padding&#8221; column_padding_tablet=&#8221;inherit&#8221; column_padding_phone=&#8221;inherit&#8221; column_padding_position=&#8221;all&#8221; column_element_direction_desktop=&#8221;default&#8221; column_element_spacing=&#8221;default&#8221; desktop_text_alignment=&#8221;default&#8221; tablet_text_alignment=&#8221;default&#8221; phone_text_alignment=&#8221;default&#8221; background_color_opacity=&#8221;1&#8243; background_hover_color_opacity=&#8221;1&#8243; background_image=&#8221;6374&#8243; background_image_position=&#8221;center center&#8221; background_image_stacking=&#8221;default&#8221; background_image_loading=&#8221;default&#8221; column_backdrop_filter=&#8221;none&#8221; column_shadow=&#8221;none&#8221; column_border_radius=&#8221;none&#8221; column_link_target=&#8221;_self&#8221; column_position=&#8221;default&#8221; gradient_direction=&#8221;left_to_right&#8221; overlay_strength=&#8221;0.3&#8243; width=&#8221;1\/4&#8243; tablet_width_inherit=&#8221;default&#8221; animation_type=&#8221;default&#8221; bg_image_animation=&#8221;none&#8221; border_type=&#8221;simple&#8221; column_border_width=&#8221;none&#8221; column_border_style=&#8221;solid&#8221; column_padding_type=&#8221;default&#8221; gradient_type=&#8221;default&#8221;][\/vc_column][vc_column column_padding=&#8221;padding-5-percent&#8221; column_padding_tablet=&#8221;inherit&#8221; column_padding_phone=&#8221;inherit&#8221; column_padding_position=&#8221;all&#8221; column_element_direction_desktop=&#8221;default&#8221; column_element_spacing=&#8221;default&#8221; desktop_text_alignment=&#8221;default&#8221; tablet_text_alignment=&#8221;default&#8221; phone_text_alignment=&#8221;default&#8221; background_color_opacity=&#8221;1&#8243; background_hover_color_opacity=&#8221;1&#8243; column_backdrop_filter=&#8221;none&#8221; column_shadow=&#8221;none&#8221; column_border_radius=&#8221;none&#8221; column_link_target=&#8221;_self&#8221; column_position=&#8221;default&#8221; gradient_direction=&#8221;left_to_right&#8221; overlay_strength=&#8221;0.3&#8243; width=&#8221;1\/4&#8243; tablet_width_inherit=&#8221;default&#8221; animation_type=&#8221;default&#8221; bg_image_animation=&#8221;none&#8221; border_type=&#8221;simple&#8221; column_border_width=&#8221;none&#8221; column_border_style=&#8221;solid&#8221; column_padding_type=&#8221;default&#8221; gradient_type=&#8221;default&#8221;][vc_custom_heading text=&#8221;Tierra de Castilla Wine&#8221; font_container=&#8221;tag:h5|text_align:left|color:%23ad7b1d&#8221; use_theme_fonts=&#8221;yes&#8221; css=&#8221;.vc_custom_1695814816764{margin-bottom: 0px !important;}&#8221;][divider line_type=&#8221;No Line&#8221; custom_height=&#8221;7&#8243;][vc_custom_heading text=&#8221;Aibura red&#8221; font_container=&#8221;tag:h2|font_size:29|text_align:left|color:%231c4e2a&#8221; use_theme_fonts=&#8221;yes&#8221;][divider line_type=&#8221;No Line&#8221; custom_height=&#8221;7&#8243;][vc_column_text]Red wine with Protected Geographical Indication.<\/p>\n<p>Aibura red wine made from Tempranillo &#8211; Syrah grapes.<br \/>\n<strong>ORGANIC WINE<\/strong>[\/vc_column_text][\/vc_column][vc_column column_padding=&#8221;no-extra-padding&#8221; column_padding_tablet=&#8221;inherit&#8221; column_padding_phone=&#8221;inherit&#8221; column_padding_position=&#8221;all&#8221; column_element_direction_desktop=&#8221;default&#8221; column_element_spacing=&#8221;default&#8221; desktop_text_alignment=&#8221;default&#8221; tablet_text_alignment=&#8221;default&#8221; phone_text_alignment=&#8221;default&#8221; background_color_opacity=&#8221;1&#8243; background_hover_color_opacity=&#8221;1&#8243; background_image=&#8221;6375&#8243; background_image_position=&#8221;center center&#8221; background_image_stacking=&#8221;default&#8221; background_image_loading=&#8221;default&#8221; column_backdrop_filter=&#8221;none&#8221; column_shadow=&#8221;none&#8221; column_border_radius=&#8221;none&#8221; column_link_target=&#8221;_self&#8221; column_position=&#8221;default&#8221; gradient_direction=&#8221;left_to_right&#8221; overlay_strength=&#8221;0.3&#8243; width=&#8221;1\/4&#8243; tablet_width_inherit=&#8221;default&#8221; animation_type=&#8221;default&#8221; bg_image_animation=&#8221;none&#8221; border_type=&#8221;simple&#8221; column_border_width=&#8221;none&#8221; column_border_style=&#8221;solid&#8221; column_padding_type=&#8221;default&#8221; gradient_type=&#8221;default&#8221;][\/vc_column][vc_column column_padding=&#8221;padding-5-percent&#8221; column_padding_tablet=&#8221;inherit&#8221; column_padding_phone=&#8221;inherit&#8221; column_padding_position=&#8221;all&#8221; column_element_direction_desktop=&#8221;default&#8221; column_element_spacing=&#8221;default&#8221; desktop_text_alignment=&#8221;default&#8221; tablet_text_alignment=&#8221;default&#8221; phone_text_alignment=&#8221;default&#8221; background_color_opacity=&#8221;1&#8243; background_hover_color_opacity=&#8221;1&#8243; column_backdrop_filter=&#8221;none&#8221; column_shadow=&#8221;none&#8221; column_border_radius=&#8221;none&#8221; column_link_target=&#8221;_self&#8221; column_position=&#8221;default&#8221; gradient_direction=&#8221;left_to_right&#8221; overlay_strength=&#8221;0.3&#8243; width=&#8221;1\/4&#8243; tablet_width_inherit=&#8221;default&#8221; animation_type=&#8221;default&#8221; bg_image_animation=&#8221;none&#8221; border_type=&#8221;simple&#8221; column_border_width=&#8221;none&#8221; column_border_style=&#8221;solid&#8221; column_padding_type=&#8221;default&#8221; gradient_type=&#8221;default&#8221;][vc_custom_heading text=&#8221;Tierra de Castilla Wine&#8221; font_container=&#8221;tag:h5|text_align:left|color:%23ad7b1d&#8221; use_theme_fonts=&#8221;yes&#8221; css=&#8221;.vc_custom_1695814816764{margin-bottom: 0px !important;}&#8221;][divider line_type=&#8221;No Line&#8221; custom_height=&#8221;7&#8243;][vc_custom_heading text=&#8221;Aibura white&#8221; font_container=&#8221;tag:h2|font_size:29|text_align:left|color:%231c4e2a&#8221; use_theme_fonts=&#8221;yes&#8221;][divider line_type=&#8221;No Line&#8221; custom_height=&#8221;7&#8243;][vc_column_text]White red wine with Protected Geographical Indication.<\/p>\n<p>Aibura white wine made from the Chardonnay grape variety in the Castilla-La Mancha area.<br \/>\n<strong>ORGANIC WINE<\/strong>[\/vc_column_text][\/vc_column][\/vc_row][vc_row type=&#8221;in_container&#8221; full_screen_row_position=&#8221;middle&#8221; column_margin=&#8221;default&#8221; column_direction=&#8221;default&#8221; column_direction_tablet=&#8221;default&#8221; column_direction_phone=&#8221;default&#8221; scene_position=&#8221;center&#8221; top_padding=&#8221;5%&#8221; bottom_padding=&#8221;0&#8243; text_color=&#8221;dark&#8221; text_align=&#8221;left&#8221; row_border_radius=&#8221;none&#8221; row_border_radius_applies=&#8221;bg&#8221; overflow=&#8221;visible&#8221; overlay_strength=&#8221;0.3&#8243; gradient_direction=&#8221;left_to_right&#8221; shape_divider_position=&#8221;bottom&#8221; bg_image_animation=&#8221;none&#8221; gradient_type=&#8221;default&#8221; shape_type=&#8221;&#8221;][vc_column column_padding=&#8221;padding-7-percent&#8221; column_padding_tablet=&#8221;inherit&#8221; column_padding_phone=&#8221;inherit&#8221; column_padding_position=&#8221;left-right&#8221; column_element_direction_desktop=&#8221;default&#8221; column_element_spacing=&#8221;default&#8221; desktop_text_alignment=&#8221;default&#8221; tablet_text_alignment=&#8221;default&#8221; phone_text_alignment=&#8221;default&#8221; background_color_opacity=&#8221;1&#8243; background_hover_color_opacity=&#8221;1&#8243; column_backdrop_filter=&#8221;none&#8221; column_shadow=&#8221;none&#8221; column_border_radius=&#8221;none&#8221; column_link_target=&#8221;_self&#8221; column_position=&#8221;default&#8221; gradient_direction=&#8221;left_to_right&#8221; overlay_strength=&#8221;0.3&#8243; width=&#8221;1\/1&#8243; tablet_width_inherit=&#8221;default&#8221; animation_type=&#8221;default&#8221; bg_image_animation=&#8221;none&#8221; border_type=&#8221;simple&#8221; column_border_width=&#8221;none&#8221; column_border_style=&#8221;solid&#8221; column_padding_type=&#8221;default&#8221; gradient_type=&#8221;default&#8221;][vc_custom_heading text=&#8221;Buy Tierra de Castilla Wines&#8221; font_container=&#8221;tag:h2|font_size:29|text_align:left|color:%231c4e2a&#8221; use_theme_fonts=&#8221;yes&#8221;][vc_column_text]<a href=\"https:\/\/bodegascolado.com\/categoria-producto\/tienda-productos-montearagon\/vinos-tierra-de-castilla\/\">See all wine products<\/a>[\/vc_column_text][divider line_type=&#8221;No Line&#8221; custom_height=&#8221;7&#8243;][nectar_woo_products product_type=&#8221;all&#8221; category=&#8221;vinos-tierra-de-castilla&#8221; columns=&#8221;4&#8243; flickity_mobile_column_width=&#8221;100%&#8221; orderby=&#8221;date&#8221; order=&#8221;DESC&#8221; carousel_script=&#8221;flickity&#8221; per_page=&#8221;8&#8243;][\/vc_column][\/vc_row]\n","protected":false},"excerpt":{"rendered":"<p>[vc_row type=&#8221;full_width_content&#8221; full_screen_row_position=&#8221;middle&#8221; column_margin=&#8221;default&#8221; equal_height=&#8221;yes&#8221; content_placement=&#8221;middle&#8221; column_direction=&#8221;default&#8221; column_direction_tablet=&#8221;default&#8221; column_direction_phone=&#8221;default&#8221; bg_color=&#8221;#ffffff&#8221; scene_position=&#8221;center&#8221; bottom_margin_phone=&#8221;7&#8243; text_color=&#8221;dark&#8221; text_align=&#8221;left&#8221; row_border_radius=&#8221;none&#8221; row_border_radius_applies=&#8221;bg&#8221; overflow=&#8221;visible&#8221; overlay_strength=&#8221;0.3&#8243; gradient_direction=&#8221;left_to_right&#8221; shape_divider_position=&#8221;bottom&#8221; bg_image_animation=&#8221;none&#8221; gradient_type=&#8221;default&#8221; shape_type=&#8221;&#8221;][vc_column column_padding=&#8221;padding-10-percent&#8221; column_padding_tablet=&#8221;inherit&#8221; column_padding_phone=&#8221;inherit&#8221; column_padding_position=&#8221;all&#8221; column_element_direction_desktop=&#8221;default&#8221; column_element_spacing=&#8221;default&#8221; desktop_text_alignment=&#8221;default&#8221;&#8230;<\/p>\n","protected":false},"author":1,"featured_media":6684,"parent":0,"menu_order":0,"comment_status":"closed","ping_status":"closed","template":"","meta":{"footnotes":""},"class_list":["post-6818","page","type-page","status-publish","has-post-thumbnail"],"yoast_head":"<!-- This site is optimized with the Yoast SEO plugin v27.5 - https:\/\/yoast.com\/product\/yoast-seo-wordpress\/ -->\n<title>Wineries in Toledo Tierra de Castilla Wine<\/title>\n<meta name=\"description\" content=\"Wineries in Toledo Vino Tierra de Castilla, under the geographical denomination in Bodegas Colado-Montearag\u00f3n we bottle red and white wine.\" \/>\n<meta name=\"robots\" content=\"index, follow, max-snippet:-1, max-image-preview:large, max-video-preview:-1\" \/>\n<link rel=\"canonical\" href=\"https:\/\/bodegascolado.com\/en\/tierra-de-castilla-wine\/\" \/>\n<meta property=\"og:locale\" content=\"en_US\" \/>\n<meta property=\"og:type\" content=\"article\" \/>\n<meta property=\"og:title\" content=\"Wineries in Toledo Tierra de Castilla Wine\" \/>\n<meta property=\"og:description\" content=\"Wineries in Toledo Vino Tierra de Castilla, under the geographical denomination in Bodegas Colado-Montearag\u00f3n we bottle red and white wine.\" \/>\n<meta property=\"og:url\" content=\"https:\/\/bodegascolado.com\/en\/tierra-de-castilla-wine\/\" \/>\n<meta property=\"og:site_name\" content=\"Bodegas Colado\" \/>\n<meta property=\"article:modified_time\" content=\"2023-10-14T19:56:31+00:00\" \/>\n<meta property=\"og:image\" content=\"https:\/\/bodegascolado.com\/wp-content\/uploads\/2023\/09\/comprar-vino-tinto-syrah-tempranillo-tierra-de-castilla.jpg\" \/>\n\t<meta property=\"og:image:width\" content=\"900\" \/>\n\t<meta property=\"og:image:height\" content=\"900\" \/>\n\t<meta property=\"og:image:type\" content=\"image\/jpeg\" \/>\n<meta name=\"twitter:card\" content=\"summary_large_image\" \/>\n<meta name=\"twitter:label1\" content=\"Est. reading time\" \/>\n\t<meta name=\"twitter:data1\" content=\"7 minutes\" \/>\n<script type=\"application\/ld+json\" class=\"yoast-schema-graph\">{\"@context\":\"https:\\\/\\\/schema.org\",\"@graph\":[{\"@type\":\"WebPage\",\"@id\":\"https:\\\/\\\/bodegascolado.com\\\/en\\\/tierra-de-castilla-wine\\\/\",\"url\":\"https:\\\/\\\/bodegascolado.com\\\/en\\\/tierra-de-castilla-wine\\\/\",\"name\":\"Wineries in Toledo Tierra de Castilla Wine\",\"isPartOf\":{\"@id\":\"https:\\\/\\\/bodegascolado.com\\\/en\\\/#website\"},\"primaryImageOfPage\":{\"@id\":\"https:\\\/\\\/bodegascolado.com\\\/en\\\/tierra-de-castilla-wine\\\/#primaryimage\"},\"image\":{\"@id\":\"https:\\\/\\\/bodegascolado.com\\\/en\\\/tierra-de-castilla-wine\\\/#primaryimage\"},\"thumbnailUrl\":\"https:\\\/\\\/bodegascolado.com\\\/wp-content\\\/uploads\\\/2023\\\/09\\\/comprar-vino-tinto-syrah-tempranillo-tierra-de-castilla.jpg\",\"datePublished\":\"2023-09-25T11:33:26+00:00\",\"dateModified\":\"2023-10-14T19:56:31+00:00\",\"description\":\"Wineries in Toledo Vino Tierra de Castilla, under the geographical denomination in Bodegas Colado-Montearag\u00f3n we bottle red and white wine.\",\"breadcrumb\":{\"@id\":\"https:\\\/\\\/bodegascolado.com\\\/en\\\/tierra-de-castilla-wine\\\/#breadcrumb\"},\"inLanguage\":\"en-US\",\"potentialAction\":[{\"@type\":\"ReadAction\",\"target\":[\"https:\\\/\\\/bodegascolado.com\\\/en\\\/tierra-de-castilla-wine\\\/\"]}]},{\"@type\":\"ImageObject\",\"inLanguage\":\"en-US\",\"@id\":\"https:\\\/\\\/bodegascolado.com\\\/en\\\/tierra-de-castilla-wine\\\/#primaryimage\",\"url\":\"https:\\\/\\\/bodegascolado.com\\\/wp-content\\\/uploads\\\/2023\\\/09\\\/comprar-vino-tinto-syrah-tempranillo-tierra-de-castilla.jpg\",\"contentUrl\":\"https:\\\/\\\/bodegascolado.com\\\/wp-content\\\/uploads\\\/2023\\\/09\\\/comprar-vino-tinto-syrah-tempranillo-tierra-de-castilla.jpg\",\"width\":900,\"height\":900,\"caption\":\"comprar vino tinto syrah tempranillo tierra de castilla\"},{\"@type\":\"BreadcrumbList\",\"@id\":\"https:\\\/\\\/bodegascolado.com\\\/en\\\/tierra-de-castilla-wine\\\/#breadcrumb\",\"itemListElement\":[{\"@type\":\"ListItem\",\"position\":1,\"name\":\"Portada\",\"item\":\"https:\\\/\\\/bodegascolado.com\\\/en\\\/\"},{\"@type\":\"ListItem\",\"position\":2,\"name\":\"Tierra de Castilla Wine\"}]},{\"@type\":\"WebSite\",\"@id\":\"https:\\\/\\\/bodegascolado.com\\\/en\\\/#website\",\"url\":\"https:\\\/\\\/bodegascolado.com\\\/en\\\/\",\"name\":\"Bodegas Colado\",\"description\":\"Aceite de oliva virgen extra ecol\u00f3gico de Montearag\u00f3n, en Bodegas Colado. Higos secos cuello dama, Marcofrut, en Montearag\u00f3n\",\"potentialAction\":[{\"@type\":\"SearchAction\",\"target\":{\"@type\":\"EntryPoint\",\"urlTemplate\":\"https:\\\/\\\/bodegascolado.com\\\/en\\\/?s={search_term_string}\"},\"query-input\":{\"@type\":\"PropertyValueSpecification\",\"valueRequired\":true,\"valueName\":\"search_term_string\"}}],\"inLanguage\":\"en-US\"}]}<\/script>\n<!-- \/ Yoast SEO plugin. -->","yoast_head_json":{"title":"Wineries in Toledo Tierra de Castilla Wine","description":"Wineries in Toledo Vino Tierra de Castilla, under the geographical denomination in Bodegas Colado-Montearag\u00f3n we bottle red and white wine.","robots":{"index":"index","follow":"follow","max-snippet":"max-snippet:-1","max-image-preview":"max-image-preview:large","max-video-preview":"max-video-preview:-1"},"canonical":"https:\/\/bodegascolado.com\/en\/tierra-de-castilla-wine\/","og_locale":"en_US","og_type":"article","og_title":"Wineries in Toledo Tierra de Castilla Wine","og_description":"Wineries in Toledo Vino Tierra de Castilla, under the geographical denomination in Bodegas Colado-Montearag\u00f3n we bottle red and white wine.","og_url":"https:\/\/bodegascolado.com\/en\/tierra-de-castilla-wine\/","og_site_name":"Bodegas Colado","article_modified_time":"2023-10-14T19:56:31+00:00","og_image":[{"width":900,"height":900,"url":"https:\/\/bodegascolado.com\/wp-content\/uploads\/2023\/09\/comprar-vino-tinto-syrah-tempranillo-tierra-de-castilla.jpg","type":"image\/jpeg"}],"twitter_card":"summary_large_image","twitter_misc":{"Est. reading time":"7 minutes"},"schema":{"@context":"https:\/\/schema.org","@graph":[{"@type":"WebPage","@id":"https:\/\/bodegascolado.com\/en\/tierra-de-castilla-wine\/","url":"https:\/\/bodegascolado.com\/en\/tierra-de-castilla-wine\/","name":"Wineries in Toledo Tierra de Castilla Wine","isPartOf":{"@id":"https:\/\/bodegascolado.com\/en\/#website"},"primaryImageOfPage":{"@id":"https:\/\/bodegascolado.com\/en\/tierra-de-castilla-wine\/#primaryimage"},"image":{"@id":"https:\/\/bodegascolado.com\/en\/tierra-de-castilla-wine\/#primaryimage"},"thumbnailUrl":"https:\/\/bodegascolado.com\/wp-content\/uploads\/2023\/09\/comprar-vino-tinto-syrah-tempranillo-tierra-de-castilla.jpg","datePublished":"2023-09-25T11:33:26+00:00","dateModified":"2023-10-14T19:56:31+00:00","description":"Wineries in Toledo Vino Tierra de Castilla, under the geographical denomination in Bodegas Colado-Montearag\u00f3n we bottle red and white wine.","breadcrumb":{"@id":"https:\/\/bodegascolado.com\/en\/tierra-de-castilla-wine\/#breadcrumb"},"inLanguage":"en-US","potentialAction":[{"@type":"ReadAction","target":["https:\/\/bodegascolado.com\/en\/tierra-de-castilla-wine\/"]}]},{"@type":"ImageObject","inLanguage":"en-US","@id":"https:\/\/bodegascolado.com\/en\/tierra-de-castilla-wine\/#primaryimage","url":"https:\/\/bodegascolado.com\/wp-content\/uploads\/2023\/09\/comprar-vino-tinto-syrah-tempranillo-tierra-de-castilla.jpg","contentUrl":"https:\/\/bodegascolado.com\/wp-content\/uploads\/2023\/09\/comprar-vino-tinto-syrah-tempranillo-tierra-de-castilla.jpg","width":900,"height":900,"caption":"comprar vino tinto syrah tempranillo tierra de castilla"},{"@type":"BreadcrumbList","@id":"https:\/\/bodegascolado.com\/en\/tierra-de-castilla-wine\/#breadcrumb","itemListElement":[{"@type":"ListItem","position":1,"name":"Portada","item":"https:\/\/bodegascolado.com\/en\/"},{"@type":"ListItem","position":2,"name":"Tierra de Castilla Wine"}]},{"@type":"WebSite","@id":"https:\/\/bodegascolado.com\/en\/#website","url":"https:\/\/bodegascolado.com\/en\/","name":"Bodegas Colado","description":"Aceite de oliva virgen extra ecol\u00f3gico de Montearag\u00f3n, en Bodegas Colado. Higos secos cuello dama, Marcofrut, en Montearag\u00f3n","potentialAction":[{"@type":"SearchAction","target":{"@type":"EntryPoint","urlTemplate":"https:\/\/bodegascolado.com\/en\/?s={search_term_string}"},"query-input":{"@type":"PropertyValueSpecification","valueRequired":true,"valueName":"search_term_string"}}],"inLanguage":"en-US"}]}},"_links":{"self":[{"href":"https:\/\/bodegascolado.com\/en\/wp-json\/wp\/v2\/pages\/6818","targetHints":{"allow":["GET"]}}],"collection":[{"href":"https:\/\/bodegascolado.com\/en\/wp-json\/wp\/v2\/pages"}],"about":[{"href":"https:\/\/bodegascolado.com\/en\/wp-json\/wp\/v2\/types\/page"}],"author":[{"embeddable":true,"href":"https:\/\/bodegascolado.com\/en\/wp-json\/wp\/v2\/users\/1"}],"replies":[{"embeddable":true,"href":"https:\/\/bodegascolado.com\/en\/wp-json\/wp\/v2\/comments?post=6818"}],"version-history":[{"count":4,"href":"https:\/\/bodegascolado.com\/en\/wp-json\/wp\/v2\/pages\/6818\/revisions"}],"predecessor-version":[{"id":6833,"href":"https:\/\/bodegascolado.com\/en\/wp-json\/wp\/v2\/pages\/6818\/revisions\/6833"}],"wp:featuredmedia":[{"embeddable":true,"href":"https:\/\/bodegascolado.com\/en\/wp-json\/wp\/v2\/media\/6684"}],"wp:attachment":[{"href":"https:\/\/bodegascolado.com\/en\/wp-json\/wp\/v2\/media?parent=6818"}],"curies":[{"name":"wp","href":"https:\/\/api.w.org\/{rel}","templated":true}]}}