{"id":6921,"date":"2023-09-24T11:49:57","date_gmt":"2023-09-24T11:49:57","guid":{"rendered":"https:\/\/bodegascolado.com\/producto\/rotwein-aibura-igp-tierra-de-castilla-flasche-750-ml-karton-6-stueck\/"},"modified":"2023-09-24T11:49:57","modified_gmt":"2023-09-24T11:49:57","slug":"vino-tinto-aibura-igp-tierra-de-castilla-flasche-750-ml","status":"publish","type":"product","link":"https:\/\/bodegascolado.com\/de\/producto\/vino-tinto-aibura-igp-tierra-de-castilla-flasche-750-ml\/","title":{"rendered":"Rotwein Aibura IGP Tierra de Castilla Flasche 750 ml (Karton 6 St\u00fcck)"},"content":{"rendered":"<p>Aibura Tempranillo Syrah ist ein Rotwein von attraktiver, leuchtend kirschroter Farbe mit fruchtigem Aroma, hergestellt aus Tempranillo und Syrah Trauben.<\/p>\n<p>IGP Tierra de Castilla; Rotwein mit der gesch\u00fctzten geografischen Angabe Vino de la Tierra de Castilla von Bodegas Colado.<\/p>\n<p>Bio-Wein.<\/p>\n","protected":false},"excerpt":{"rendered":"<p>Kiste mit 6 Flaschen zu 750 ml von Rotwein Aibura IGP Tierra de Castilla. Flaschenpreis: 3,16 Euro<\/p>\n<p>Aibura Tempranillo Syrah Rotwein mit einer attraktiven, leuchtend kirschroten Farbe.<\/p>\n<p>IGP Tierra de Castilla; Rotwein mit der gesch\u00fctzten geografischen Angabe Vino de la Tierra de Castilla von Bodegas Colado.<\/p>\n<p>Biowein aus Tempranillo- und Syrah-Trauben.<\/p>\n<p>&nbsp;<\/p>\n","protected":false},"featured_media":6375,"template":"","meta":[],"product_brand":[],"product_cat":[119],"product_tag":[],"class_list":{"0":"post-6921","1":"product","2":"type-product","3":"status-publish","4":"has-post-thumbnail","6":"product_cat-tierra-de-castilla-weine","8":"first","9":"instock","10":"taxable","11":"shipping-taxable","12":"purchasable","13":"product-type-simple"},"yoast_head":"<!-- This site is optimized with the Yoast SEO plugin v27.4 - https:\/\/yoast.com\/product\/yoast-seo-wordpress\/ -->\n<title>Rotwein Aibura IGP Tierra de Castilla Flasche 750 ml (Karton 6 St\u00fcck)<\/title>\n<meta name=\"description\" content=\"Rotwein aus Montearag\u00f3n IGP Tierra de Castilla, hergestellt aus den Rebsorten Tempranillo und Syrah. Rotwein mit gesch\u00fctzter geografischer Angabe von Bodegas Colado.\" \/>\n<meta name=\"robots\" content=\"index, follow, max-snippet:-1, max-image-preview:large, max-video-preview:-1\" \/>\n<link rel=\"canonical\" href=\"https:\/\/bodegascolado.com\/de\/producto\/vino-tinto-aibura-igp-tierra-de-castilla-flasche-750-ml\/\" \/>\n<meta property=\"og:locale\" content=\"de_DE\" \/>\n<meta property=\"og:type\" content=\"article\" \/>\n<meta property=\"og:title\" content=\"Rotwein Aibura IGP Tierra de Castilla Flasche 750 ml (Karton 6 St\u00fcck)\" \/>\n<meta property=\"og:description\" content=\"Rotwein aus Montearag\u00f3n IGP Tierra de Castilla, hergestellt aus den Rebsorten Tempranillo und Syrah. Rotwein mit gesch\u00fctzter geografischer Angabe von Bodegas Colado.\" \/>\n<meta property=\"og:url\" content=\"https:\/\/bodegascolado.com\/de\/producto\/vino-tinto-aibura-igp-tierra-de-castilla-flasche-750-ml\/\" \/>\n<meta property=\"og:site_name\" content=\"Bodegas Colado\" \/>\n<meta property=\"og:image\" content=\"https:\/\/bodegascolado.com\/wp-content\/uploads\/2023\/09\/comprar-vino-tinto-syrah-tempranillo-tierra-de-castilla.jpg\" \/>\n\t<meta property=\"og:image:width\" content=\"900\" \/>\n\t<meta property=\"og:image:height\" content=\"900\" \/>\n\t<meta property=\"og:image:type\" content=\"image\/jpeg\" \/>\n<meta name=\"twitter:card\" content=\"summary_large_image\" \/>\n<script type=\"application\/ld+json\" class=\"yoast-schema-graph\">{\"@context\":\"https:\\\/\\\/schema.org\",\"@graph\":[{\"@type\":\"WebPage\",\"@id\":\"https:\\\/\\\/bodegascolado.com\\\/de\\\/producto\\\/vino-tinto-aibura-igp-tierra-de-castilla-flasche-750-ml\\\/\",\"url\":\"https:\\\/\\\/bodegascolado.com\\\/de\\\/producto\\\/vino-tinto-aibura-igp-tierra-de-castilla-flasche-750-ml\\\/\",\"name\":\"Rotwein Aibura IGP Tierra de Castilla Flasche 750 ml (Karton 6 St\u00fcck)\",\"isPartOf\":{\"@id\":\"https:\\\/\\\/bodegascolado.com\\\/de\\\/#website\"},\"primaryImageOfPage\":{\"@id\":\"https:\\\/\\\/bodegascolado.com\\\/de\\\/producto\\\/vino-tinto-aibura-igp-tierra-de-castilla-flasche-750-ml\\\/#primaryimage\"},\"image\":{\"@id\":\"https:\\\/\\\/bodegascolado.com\\\/de\\\/producto\\\/vino-tinto-aibura-igp-tierra-de-castilla-flasche-750-ml\\\/#primaryimage\"},\"thumbnailUrl\":\"https:\\\/\\\/bodegascolado.com\\\/wp-content\\\/uploads\\\/2023\\\/09\\\/comprar-vino-tinto-syrah-tempranillo-tierra-de-castilla.jpg\",\"datePublished\":\"2023-09-24T11:49:57+00:00\",\"description\":\"Rotwein aus Montearag\u00f3n IGP Tierra de Castilla, hergestellt aus den Rebsorten Tempranillo und Syrah. Rotwein mit gesch\u00fctzter geografischer Angabe von Bodegas Colado.\",\"breadcrumb\":{\"@id\":\"https:\\\/\\\/bodegascolado.com\\\/de\\\/producto\\\/vino-tinto-aibura-igp-tierra-de-castilla-flasche-750-ml\\\/#breadcrumb\"},\"inLanguage\":\"de\",\"potentialAction\":[{\"@type\":\"ReadAction\",\"target\":[\"https:\\\/\\\/bodegascolado.com\\\/de\\\/producto\\\/vino-tinto-aibura-igp-tierra-de-castilla-flasche-750-ml\\\/\"]}]},{\"@type\":\"ImageObject\",\"inLanguage\":\"de\",\"@id\":\"https:\\\/\\\/bodegascolado.com\\\/de\\\/producto\\\/vino-tinto-aibura-igp-tierra-de-castilla-flasche-750-ml\\\/#primaryimage\",\"url\":\"https:\\\/\\\/bodegascolado.com\\\/wp-content\\\/uploads\\\/2023\\\/09\\\/comprar-vino-tinto-syrah-tempranillo-tierra-de-castilla.jpg\",\"contentUrl\":\"https:\\\/\\\/bodegascolado.com\\\/wp-content\\\/uploads\\\/2023\\\/09\\\/comprar-vino-tinto-syrah-tempranillo-tierra-de-castilla.jpg\",\"width\":900,\"height\":900,\"caption\":\"comprar vino tinto syrah tempranillo tierra de castilla\"},{\"@type\":\"BreadcrumbList\",\"@id\":\"https:\\\/\\\/bodegascolado.com\\\/de\\\/producto\\\/vino-tinto-aibura-igp-tierra-de-castilla-flasche-750-ml\\\/#breadcrumb\",\"itemListElement\":[{\"@type\":\"ListItem\",\"position\":1,\"name\":\"Portada\",\"item\":\"https:\\\/\\\/bodegascolado.com\\\/de\\\/\"},{\"@type\":\"ListItem\",\"position\":2,\"name\":\"Shop\",\"item\":\"https:\\\/\\\/bodegascolado.com\\\/de\\\/shop\\\/\"},{\"@type\":\"ListItem\",\"position\":3,\"name\":\"Rotwein Aibura IGP Tierra de Castilla Flasche 750 ml (Karton 6 St\u00fcck)\"}]},{\"@type\":\"WebSite\",\"@id\":\"https:\\\/\\\/bodegascolado.com\\\/de\\\/#website\",\"url\":\"https:\\\/\\\/bodegascolado.com\\\/de\\\/\",\"name\":\"Bodegas Colado\",\"description\":\"Aceite de oliva virgen extra ecol\u00f3gico de Montearag\u00f3n, en Bodegas Colado. Higos secos cuello dama, Marcofrut, en Montearag\u00f3n\",\"potentialAction\":[{\"@type\":\"SearchAction\",\"target\":{\"@type\":\"EntryPoint\",\"urlTemplate\":\"https:\\\/\\\/bodegascolado.com\\\/de\\\/?s={search_term_string}\"},\"query-input\":{\"@type\":\"PropertyValueSpecification\",\"valueRequired\":true,\"valueName\":\"search_term_string\"}}],\"inLanguage\":\"de\"}]}<\/script>\n<!-- \/ Yoast SEO plugin. -->","yoast_head_json":{"title":"Rotwein Aibura IGP Tierra de Castilla Flasche 750 ml (Karton 6 St\u00fcck)","description":"Rotwein aus Montearag\u00f3n IGP Tierra de Castilla, hergestellt aus den Rebsorten Tempranillo und Syrah. Rotwein mit gesch\u00fctzter geografischer Angabe von Bodegas Colado.","robots":{"index":"index","follow":"follow","max-snippet":"max-snippet:-1","max-image-preview":"max-image-preview:large","max-video-preview":"max-video-preview:-1"},"canonical":"https:\/\/bodegascolado.com\/de\/producto\/vino-tinto-aibura-igp-tierra-de-castilla-flasche-750-ml\/","og_locale":"de_DE","og_type":"article","og_title":"Rotwein Aibura IGP Tierra de Castilla Flasche 750 ml (Karton 6 St\u00fcck)","og_description":"Rotwein aus Montearag\u00f3n IGP Tierra de Castilla, hergestellt aus den Rebsorten Tempranillo und Syrah. Rotwein mit gesch\u00fctzter geografischer Angabe von Bodegas Colado.","og_url":"https:\/\/bodegascolado.com\/de\/producto\/vino-tinto-aibura-igp-tierra-de-castilla-flasche-750-ml\/","og_site_name":"Bodegas Colado","og_image":[{"width":900,"height":900,"url":"https:\/\/bodegascolado.com\/wp-content\/uploads\/2023\/09\/comprar-vino-tinto-syrah-tempranillo-tierra-de-castilla.jpg","type":"image\/jpeg"}],"twitter_card":"summary_large_image","schema":{"@context":"https:\/\/schema.org","@graph":[{"@type":"WebPage","@id":"https:\/\/bodegascolado.com\/de\/producto\/vino-tinto-aibura-igp-tierra-de-castilla-flasche-750-ml\/","url":"https:\/\/bodegascolado.com\/de\/producto\/vino-tinto-aibura-igp-tierra-de-castilla-flasche-750-ml\/","name":"Rotwein Aibura IGP Tierra de Castilla Flasche 750 ml (Karton 6 St\u00fcck)","isPartOf":{"@id":"https:\/\/bodegascolado.com\/de\/#website"},"primaryImageOfPage":{"@id":"https:\/\/bodegascolado.com\/de\/producto\/vino-tinto-aibura-igp-tierra-de-castilla-flasche-750-ml\/#primaryimage"},"image":{"@id":"https:\/\/bodegascolado.com\/de\/producto\/vino-tinto-aibura-igp-tierra-de-castilla-flasche-750-ml\/#primaryimage"},"thumbnailUrl":"https:\/\/bodegascolado.com\/wp-content\/uploads\/2023\/09\/comprar-vino-tinto-syrah-tempranillo-tierra-de-castilla.jpg","datePublished":"2023-09-24T11:49:57+00:00","description":"Rotwein aus Montearag\u00f3n IGP Tierra de Castilla, hergestellt aus den Rebsorten Tempranillo und Syrah. Rotwein mit gesch\u00fctzter geografischer Angabe von Bodegas Colado.","breadcrumb":{"@id":"https:\/\/bodegascolado.com\/de\/producto\/vino-tinto-aibura-igp-tierra-de-castilla-flasche-750-ml\/#breadcrumb"},"inLanguage":"de","potentialAction":[{"@type":"ReadAction","target":["https:\/\/bodegascolado.com\/de\/producto\/vino-tinto-aibura-igp-tierra-de-castilla-flasche-750-ml\/"]}]},{"@type":"ImageObject","inLanguage":"de","@id":"https:\/\/bodegascolado.com\/de\/producto\/vino-tinto-aibura-igp-tierra-de-castilla-flasche-750-ml\/#primaryimage","url":"https:\/\/bodegascolado.com\/wp-content\/uploads\/2023\/09\/comprar-vino-tinto-syrah-tempranillo-tierra-de-castilla.jpg","contentUrl":"https:\/\/bodegascolado.com\/wp-content\/uploads\/2023\/09\/comprar-vino-tinto-syrah-tempranillo-tierra-de-castilla.jpg","width":900,"height":900,"caption":"comprar vino tinto syrah tempranillo tierra de castilla"},{"@type":"BreadcrumbList","@id":"https:\/\/bodegascolado.com\/de\/producto\/vino-tinto-aibura-igp-tierra-de-castilla-flasche-750-ml\/#breadcrumb","itemListElement":[{"@type":"ListItem","position":1,"name":"Portada","item":"https:\/\/bodegascolado.com\/de\/"},{"@type":"ListItem","position":2,"name":"Shop","item":"https:\/\/bodegascolado.com\/de\/shop\/"},{"@type":"ListItem","position":3,"name":"Rotwein Aibura IGP Tierra de Castilla Flasche 750 ml (Karton 6 St\u00fcck)"}]},{"@type":"WebSite","@id":"https:\/\/bodegascolado.com\/de\/#website","url":"https:\/\/bodegascolado.com\/de\/","name":"Bodegas Colado","description":"Aceite de oliva virgen extra ecol\u00f3gico de Montearag\u00f3n, en Bodegas Colado. Higos secos cuello dama, Marcofrut, en Montearag\u00f3n","potentialAction":[{"@type":"SearchAction","target":{"@type":"EntryPoint","urlTemplate":"https:\/\/bodegascolado.com\/de\/?s={search_term_string}"},"query-input":{"@type":"PropertyValueSpecification","valueRequired":true,"valueName":"search_term_string"}}],"inLanguage":"de"}]}},"_links":{"self":[{"href":"https:\/\/bodegascolado.com\/de\/wp-json\/wp\/v2\/product\/6921","targetHints":{"allow":["GET"]}}],"collection":[{"href":"https:\/\/bodegascolado.com\/de\/wp-json\/wp\/v2\/product"}],"about":[{"href":"https:\/\/bodegascolado.com\/de\/wp-json\/wp\/v2\/types\/product"}],"wp:featuredmedia":[{"embeddable":true,"href":"https:\/\/bodegascolado.com\/de\/wp-json\/wp\/v2\/media\/6375"}],"wp:attachment":[{"href":"https:\/\/bodegascolado.com\/de\/wp-json\/wp\/v2\/media?parent=6921"}],"wp:term":[{"taxonomy":"product_brand","embeddable":true,"href":"https:\/\/bodegascolado.com\/de\/wp-json\/wp\/v2\/product_brand?post=6921"},{"taxonomy":"product_cat","embeddable":true,"href":"https:\/\/bodegascolado.com\/de\/wp-json\/wp\/v2\/product_cat?post=6921"},{"taxonomy":"product_tag","embeddable":true,"href":"https:\/\/bodegascolado.com\/de\/wp-json\/wp\/v2\/product_tag?post=6921"}],"curies":[{"name":"wp","href":"https:\/\/api.w.org\/{rel}","templated":true}]}}