{"id":6918,"date":"2023-09-24T12:27:28","date_gmt":"2023-09-24T12:27:28","guid":{"rendered":"https:\/\/bodegascolado.com\/producto\/weisswein-aibura-igp-tierra-de-castilla-flasche-750-ml-karton-6-stueck\/"},"modified":"2023-09-24T12:27:28","modified_gmt":"2023-09-24T12:27:28","slug":"wein-weiss-wein-aibura-chardonnay-igp-tierra-de-castilla-flasche-750-ml","status":"publish","type":"product","link":"https:\/\/bodegascolado.com\/de\/producto\/wein-weiss-wein-aibura-chardonnay-igp-tierra-de-castilla-flasche-750-ml\/","title":{"rendered":"Wei\u00dfwein Aibura IGP Tierra de Castilla Flasche 750 ml (Karton 6 St\u00fcck)"},"content":{"rendered":"<p>Aibura Chardonnay Wei\u00dfwein mit attraktiver, zitronengelber Farbe, frisch und ausgewogen im Geschmack. hergestellt aus der Rebsorte Chardonnay in der Region Kastilien-La Mancha.<\/p>\n<p>IGP Tierra de Castilla; Wei\u00dfwein mit der gesch\u00fctzten geografischen Angabe Vino de la Tierra de Castilla von Bodegas Colado.<\/p>\n<p>Bio-Wein.<\/p>\n","protected":false},"excerpt":{"rendered":"<p>Kiste mit 6 Flaschen \u00e0 750 ml Wei\u00dfwein Aibura IGP Tierra de Castilla. Flaschenpreis: 3,16 Euro<\/p>\n<p>Aibura Chardonnay Wei\u00dfwein mit attraktiver, zitronengelber Farbe, frisch und ausgewogen im Geschmack.<\/p>\n<p>IGP Tierra de Castilla; Wei\u00dfwein mit der gesch\u00fctzten geografischen Angabe Vino de la Tierra de Castilla von Bodegas Colado.<\/p>\n<p>Biowein, hergestellt aus Chardonnay-Trauben.<\/p>\n","protected":false},"featured_media":6374,"template":"","meta":[],"product_brand":[],"product_cat":[119],"product_tag":[],"class_list":{"0":"post-6918","1":"product","2":"type-product","3":"status-publish","4":"has-post-thumbnail","6":"product_cat-tierra-de-castilla-weine","8":"first","9":"instock","10":"taxable","11":"shipping-taxable","12":"purchasable","13":"product-type-simple"},"yoast_head":"<!-- This site is optimized with the Yoast SEO plugin v27.4 - https:\/\/yoast.com\/product\/yoast-seo-wordpress\/ -->\n<title>Wei\u00dfwein Aibura Chardonnay IGP Tierra de Castilla<\/title>\n<meta name=\"description\" content=\"Wei\u00dfwein aus Tierra de Castilla in Montearag\u00f3n IGP, hergestellt aus Chardonnay-Trauben. Wei\u00dfwein mit gesch\u00fctzter geografischer Angabe von Bodegas Colado.\" \/>\n<meta name=\"robots\" content=\"index, follow, max-snippet:-1, max-image-preview:large, max-video-preview:-1\" \/>\n<link rel=\"canonical\" href=\"https:\/\/bodegascolado.com\/de\/producto\/wein-weiss-wein-aibura-chardonnay-igp-tierra-de-castilla-flasche-750-ml\/\" \/>\n<meta property=\"og:locale\" content=\"de_DE\" \/>\n<meta property=\"og:type\" content=\"article\" \/>\n<meta property=\"og:title\" content=\"Wei\u00dfwein Aibura Chardonnay IGP Tierra de Castilla\" \/>\n<meta property=\"og:description\" content=\"Wei\u00dfwein aus Tierra de Castilla in Montearag\u00f3n IGP, hergestellt aus Chardonnay-Trauben. Wei\u00dfwein mit gesch\u00fctzter geografischer Angabe von Bodegas Colado.\" \/>\n<meta property=\"og:url\" content=\"https:\/\/bodegascolado.com\/de\/producto\/wein-weiss-wein-aibura-chardonnay-igp-tierra-de-castilla-flasche-750-ml\/\" \/>\n<meta property=\"og:site_name\" content=\"Bodegas Colado\" \/>\n<meta property=\"og:image\" content=\"https:\/\/bodegascolado.com\/wp-content\/uploads\/2023\/09\/comprar-vino-blanco-chardonnay-tierra-de-castilla.jpg\" \/>\n\t<meta property=\"og:image:width\" content=\"900\" \/>\n\t<meta property=\"og:image:height\" content=\"900\" \/>\n\t<meta property=\"og:image:type\" content=\"image\/jpeg\" \/>\n<meta name=\"twitter:card\" content=\"summary_large_image\" \/>\n<script type=\"application\/ld+json\" class=\"yoast-schema-graph\">{\"@context\":\"https:\\\/\\\/schema.org\",\"@graph\":[{\"@type\":\"WebPage\",\"@id\":\"https:\\\/\\\/bodegascolado.com\\\/de\\\/producto\\\/wein-weiss-wein-aibura-chardonnay-igp-tierra-de-castilla-flasche-750-ml\\\/\",\"url\":\"https:\\\/\\\/bodegascolado.com\\\/de\\\/producto\\\/wein-weiss-wein-aibura-chardonnay-igp-tierra-de-castilla-flasche-750-ml\\\/\",\"name\":\"Wei\u00dfwein Aibura Chardonnay IGP Tierra de Castilla\",\"isPartOf\":{\"@id\":\"https:\\\/\\\/bodegascolado.com\\\/de\\\/#website\"},\"primaryImageOfPage\":{\"@id\":\"https:\\\/\\\/bodegascolado.com\\\/de\\\/producto\\\/wein-weiss-wein-aibura-chardonnay-igp-tierra-de-castilla-flasche-750-ml\\\/#primaryimage\"},\"image\":{\"@id\":\"https:\\\/\\\/bodegascolado.com\\\/de\\\/producto\\\/wein-weiss-wein-aibura-chardonnay-igp-tierra-de-castilla-flasche-750-ml\\\/#primaryimage\"},\"thumbnailUrl\":\"https:\\\/\\\/bodegascolado.com\\\/wp-content\\\/uploads\\\/2023\\\/09\\\/comprar-vino-blanco-chardonnay-tierra-de-castilla.jpg\",\"datePublished\":\"2023-09-24T12:27:28+00:00\",\"description\":\"Wei\u00dfwein aus Tierra de Castilla in Montearag\u00f3n IGP, hergestellt aus Chardonnay-Trauben. Wei\u00dfwein mit gesch\u00fctzter geografischer Angabe von Bodegas Colado.\",\"breadcrumb\":{\"@id\":\"https:\\\/\\\/bodegascolado.com\\\/de\\\/producto\\\/wein-weiss-wein-aibura-chardonnay-igp-tierra-de-castilla-flasche-750-ml\\\/#breadcrumb\"},\"inLanguage\":\"de\",\"potentialAction\":[{\"@type\":\"ReadAction\",\"target\":[\"https:\\\/\\\/bodegascolado.com\\\/de\\\/producto\\\/wein-weiss-wein-aibura-chardonnay-igp-tierra-de-castilla-flasche-750-ml\\\/\"]}]},{\"@type\":\"ImageObject\",\"inLanguage\":\"de\",\"@id\":\"https:\\\/\\\/bodegascolado.com\\\/de\\\/producto\\\/wein-weiss-wein-aibura-chardonnay-igp-tierra-de-castilla-flasche-750-ml\\\/#primaryimage\",\"url\":\"https:\\\/\\\/bodegascolado.com\\\/wp-content\\\/uploads\\\/2023\\\/09\\\/comprar-vino-blanco-chardonnay-tierra-de-castilla.jpg\",\"contentUrl\":\"https:\\\/\\\/bodegascolado.com\\\/wp-content\\\/uploads\\\/2023\\\/09\\\/comprar-vino-blanco-chardonnay-tierra-de-castilla.jpg\",\"width\":900,\"height\":900,\"caption\":\"comprar vino blanco chardonnay tierra de castilla\"},{\"@type\":\"BreadcrumbList\",\"@id\":\"https:\\\/\\\/bodegascolado.com\\\/de\\\/producto\\\/wein-weiss-wein-aibura-chardonnay-igp-tierra-de-castilla-flasche-750-ml\\\/#breadcrumb\",\"itemListElement\":[{\"@type\":\"ListItem\",\"position\":1,\"name\":\"Portada\",\"item\":\"https:\\\/\\\/bodegascolado.com\\\/de\\\/\"},{\"@type\":\"ListItem\",\"position\":2,\"name\":\"Shop\",\"item\":\"https:\\\/\\\/bodegascolado.com\\\/de\\\/shop\\\/\"},{\"@type\":\"ListItem\",\"position\":3,\"name\":\"Wei\u00dfwein Aibura IGP Tierra de Castilla Flasche 750 ml (Karton 6 St\u00fcck)\"}]},{\"@type\":\"WebSite\",\"@id\":\"https:\\\/\\\/bodegascolado.com\\\/de\\\/#website\",\"url\":\"https:\\\/\\\/bodegascolado.com\\\/de\\\/\",\"name\":\"Bodegas Colado\",\"description\":\"Aceite de oliva virgen extra ecol\u00f3gico de Montearag\u00f3n, en Bodegas Colado. Higos secos cuello dama, Marcofrut, en Montearag\u00f3n\",\"potentialAction\":[{\"@type\":\"SearchAction\",\"target\":{\"@type\":\"EntryPoint\",\"urlTemplate\":\"https:\\\/\\\/bodegascolado.com\\\/de\\\/?s={search_term_string}\"},\"query-input\":{\"@type\":\"PropertyValueSpecification\",\"valueRequired\":true,\"valueName\":\"search_term_string\"}}],\"inLanguage\":\"de\"}]}<\/script>\n<!-- \/ Yoast SEO plugin. -->","yoast_head_json":{"title":"Wei\u00dfwein Aibura Chardonnay IGP Tierra de Castilla","description":"Wei\u00dfwein aus Tierra de Castilla in Montearag\u00f3n IGP, hergestellt aus Chardonnay-Trauben. Wei\u00dfwein mit gesch\u00fctzter geografischer Angabe von Bodegas Colado.","robots":{"index":"index","follow":"follow","max-snippet":"max-snippet:-1","max-image-preview":"max-image-preview:large","max-video-preview":"max-video-preview:-1"},"canonical":"https:\/\/bodegascolado.com\/de\/producto\/wein-weiss-wein-aibura-chardonnay-igp-tierra-de-castilla-flasche-750-ml\/","og_locale":"de_DE","og_type":"article","og_title":"Wei\u00dfwein Aibura Chardonnay IGP Tierra de Castilla","og_description":"Wei\u00dfwein aus Tierra de Castilla in Montearag\u00f3n IGP, hergestellt aus Chardonnay-Trauben. Wei\u00dfwein mit gesch\u00fctzter geografischer Angabe von Bodegas Colado.","og_url":"https:\/\/bodegascolado.com\/de\/producto\/wein-weiss-wein-aibura-chardonnay-igp-tierra-de-castilla-flasche-750-ml\/","og_site_name":"Bodegas Colado","og_image":[{"width":900,"height":900,"url":"https:\/\/bodegascolado.com\/wp-content\/uploads\/2023\/09\/comprar-vino-blanco-chardonnay-tierra-de-castilla.jpg","type":"image\/jpeg"}],"twitter_card":"summary_large_image","schema":{"@context":"https:\/\/schema.org","@graph":[{"@type":"WebPage","@id":"https:\/\/bodegascolado.com\/de\/producto\/wein-weiss-wein-aibura-chardonnay-igp-tierra-de-castilla-flasche-750-ml\/","url":"https:\/\/bodegascolado.com\/de\/producto\/wein-weiss-wein-aibura-chardonnay-igp-tierra-de-castilla-flasche-750-ml\/","name":"Wei\u00dfwein Aibura Chardonnay IGP Tierra de Castilla","isPartOf":{"@id":"https:\/\/bodegascolado.com\/de\/#website"},"primaryImageOfPage":{"@id":"https:\/\/bodegascolado.com\/de\/producto\/wein-weiss-wein-aibura-chardonnay-igp-tierra-de-castilla-flasche-750-ml\/#primaryimage"},"image":{"@id":"https:\/\/bodegascolado.com\/de\/producto\/wein-weiss-wein-aibura-chardonnay-igp-tierra-de-castilla-flasche-750-ml\/#primaryimage"},"thumbnailUrl":"https:\/\/bodegascolado.com\/wp-content\/uploads\/2023\/09\/comprar-vino-blanco-chardonnay-tierra-de-castilla.jpg","datePublished":"2023-09-24T12:27:28+00:00","description":"Wei\u00dfwein aus Tierra de Castilla in Montearag\u00f3n IGP, hergestellt aus Chardonnay-Trauben. Wei\u00dfwein mit gesch\u00fctzter geografischer Angabe von Bodegas Colado.","breadcrumb":{"@id":"https:\/\/bodegascolado.com\/de\/producto\/wein-weiss-wein-aibura-chardonnay-igp-tierra-de-castilla-flasche-750-ml\/#breadcrumb"},"inLanguage":"de","potentialAction":[{"@type":"ReadAction","target":["https:\/\/bodegascolado.com\/de\/producto\/wein-weiss-wein-aibura-chardonnay-igp-tierra-de-castilla-flasche-750-ml\/"]}]},{"@type":"ImageObject","inLanguage":"de","@id":"https:\/\/bodegascolado.com\/de\/producto\/wein-weiss-wein-aibura-chardonnay-igp-tierra-de-castilla-flasche-750-ml\/#primaryimage","url":"https:\/\/bodegascolado.com\/wp-content\/uploads\/2023\/09\/comprar-vino-blanco-chardonnay-tierra-de-castilla.jpg","contentUrl":"https:\/\/bodegascolado.com\/wp-content\/uploads\/2023\/09\/comprar-vino-blanco-chardonnay-tierra-de-castilla.jpg","width":900,"height":900,"caption":"comprar vino blanco chardonnay tierra de castilla"},{"@type":"BreadcrumbList","@id":"https:\/\/bodegascolado.com\/de\/producto\/wein-weiss-wein-aibura-chardonnay-igp-tierra-de-castilla-flasche-750-ml\/#breadcrumb","itemListElement":[{"@type":"ListItem","position":1,"name":"Portada","item":"https:\/\/bodegascolado.com\/de\/"},{"@type":"ListItem","position":2,"name":"Shop","item":"https:\/\/bodegascolado.com\/de\/shop\/"},{"@type":"ListItem","position":3,"name":"Wei\u00dfwein Aibura IGP Tierra de Castilla Flasche 750 ml (Karton 6 St\u00fcck)"}]},{"@type":"WebSite","@id":"https:\/\/bodegascolado.com\/de\/#website","url":"https:\/\/bodegascolado.com\/de\/","name":"Bodegas Colado","description":"Aceite de oliva virgen extra ecol\u00f3gico de Montearag\u00f3n, en Bodegas Colado. Higos secos cuello dama, Marcofrut, en Montearag\u00f3n","potentialAction":[{"@type":"SearchAction","target":{"@type":"EntryPoint","urlTemplate":"https:\/\/bodegascolado.com\/de\/?s={search_term_string}"},"query-input":{"@type":"PropertyValueSpecification","valueRequired":true,"valueName":"search_term_string"}}],"inLanguage":"de"}]}},"_links":{"self":[{"href":"https:\/\/bodegascolado.com\/de\/wp-json\/wp\/v2\/product\/6918","targetHints":{"allow":["GET"]}}],"collection":[{"href":"https:\/\/bodegascolado.com\/de\/wp-json\/wp\/v2\/product"}],"about":[{"href":"https:\/\/bodegascolado.com\/de\/wp-json\/wp\/v2\/types\/product"}],"wp:featuredmedia":[{"embeddable":true,"href":"https:\/\/bodegascolado.com\/de\/wp-json\/wp\/v2\/media\/6374"}],"wp:attachment":[{"href":"https:\/\/bodegascolado.com\/de\/wp-json\/wp\/v2\/media?parent=6918"}],"wp:term":[{"taxonomy":"product_brand","embeddable":true,"href":"https:\/\/bodegascolado.com\/de\/wp-json\/wp\/v2\/product_brand?post=6918"},{"taxonomy":"product_cat","embeddable":true,"href":"https:\/\/bodegascolado.com\/de\/wp-json\/wp\/v2\/product_cat?post=6918"},{"taxonomy":"product_tag","embeddable":true,"href":"https:\/\/bodegascolado.com\/de\/wp-json\/wp\/v2\/product_tag?post=6918"}],"curies":[{"name":"wp","href":"https:\/\/api.w.org\/{rel}","templated":true}]}}