{"id":6915,"date":"2023-09-23T20:24:36","date_gmt":"2023-09-23T20:24:36","guid":{"rendered":"https:\/\/bodegascolado.com\/producto\/bio-getrocknete-feigen-mit-mehl-250-g-beutel\/"},"modified":"2024-10-14T11:22:30","modified_gmt":"2024-10-14T11:22:30","slug":"feigen-getrocknet-okologisch-mit-mehl-beutel-250gr","status":"publish","type":"product","link":"https:\/\/bodegascolado.com\/de\/producto\/feigen-getrocknet-okologisch-mit-mehl-beutel-250gr\/","title":{"rendered":"Bio getrocknete Feigen mit Mehl 250 g Beutel"},"content":{"rendered":"<p>Auswahl an getrockneten Bio-Feigen cuello dama, die f\u00fcr ihre d\u00fcnne Schale und die intensive S\u00fc\u00dfe ihres Fruchtfleisches bekannt sind und auf traditionelle Weise in der Sonne getrocknet werden. Die Produktion dieser getrockneten Bio-Feigen konzentriert sich haupts\u00e4chlich auf das Tajo-Tal und das Ti\u00e9tar-Tal. Eigenschaften: Sie sind reich an Ballaststoffen und haben einen hohen Gehalt an Eisen, Vitamin B, Kalzium und Magnesium. Sie werden nicht nur als Snack gegessen, sondern k\u00f6nnen auch in Desserts und Eint\u00f6pfen verwendet werden.<\/p>\n","protected":false},"excerpt":{"rendered":"<p>Schachtel mit 12 Einheiten von 250 gr. Preis pro St\u00fcck: 2,00 Euro<\/p>\n<p>Eine Auswahl an Bio-Trockenfeigen, die f\u00fcr ihre d\u00fcnne Haut und die intensive S\u00fc\u00dfe ihres Fruchtfleisches bekannt sind und auf traditionelle Weise in der Sonne getrocknet werden. Die Produktion dieser Bio-Trockenfeigen konzentriert sich haupts\u00e4chlich auf das Tajo-Tal und das Ti\u00e9tar-Tal.<\/p>\n","protected":false},"featured_media":6679,"template":"","meta":[],"product_brand":[],"product_cat":[116],"product_tag":[],"class_list":{"0":"post-6915","1":"product","2":"type-product","3":"status-publish","4":"has-post-thumbnail","6":"product_cat-getrocknete-feigen","8":"first","9":"outofstock","10":"taxable","11":"shipping-taxable","12":"purchasable","13":"product-type-simple"},"yoast_head":"<!-- This site is optimized with the Yoast SEO plugin v27.4 - https:\/\/yoast.com\/product\/yoast-seo-wordpress\/ -->\n<title>Getrocknete Bio-Feigen mit Frauenhalsmehl<\/title>\n<meta name=\"description\" content=\"Getrocknete Bio-Feigen mit Mehl im 250 g Beutel. Eine Auswahl an getrockneten Feigen aus dem Tajo-Tal, die f\u00fcr ihre d\u00fcnne Schale und ihre intensive S\u00fc\u00dfe bekannt sind.\" \/>\n<meta name=\"robots\" content=\"index, follow, max-snippet:-1, max-image-preview:large, max-video-preview:-1\" \/>\n<link rel=\"canonical\" href=\"https:\/\/bodegascolado.com\/de\/producto\/feigen-getrocknet-okologisch-mit-mehl-beutel-250gr\/\" \/>\n<meta property=\"og:locale\" content=\"de_DE\" \/>\n<meta property=\"og:type\" content=\"article\" \/>\n<meta property=\"og:title\" content=\"Getrocknete Bio-Feigen mit Frauenhalsmehl\" \/>\n<meta property=\"og:description\" content=\"Getrocknete Bio-Feigen mit Mehl im 250 g Beutel. Eine Auswahl an getrockneten Feigen aus dem Tajo-Tal, die f\u00fcr ihre d\u00fcnne Schale und ihre intensive S\u00fc\u00dfe bekannt sind.\" \/>\n<meta property=\"og:url\" content=\"https:\/\/bodegascolado.com\/de\/producto\/feigen-getrocknet-okologisch-mit-mehl-beutel-250gr\/\" \/>\n<meta property=\"og:site_name\" content=\"Bodegas Colado\" \/>\n<meta property=\"article:modified_time\" content=\"2024-10-14T11:22:30+00:00\" \/>\n<meta property=\"og:image\" content=\"https:\/\/bodegascolado.com\/wp-content\/uploads\/2023\/09\/higos-secos-con-harina-bolsa-250gr-cuello-de-dama-valle-de-tajo.jpg\" \/>\n\t<meta property=\"og:image:width\" content=\"900\" \/>\n\t<meta property=\"og:image:height\" content=\"900\" \/>\n\t<meta property=\"og:image:type\" content=\"image\/jpeg\" \/>\n<meta name=\"twitter:card\" content=\"summary_large_image\" \/>\n<script type=\"application\/ld+json\" class=\"yoast-schema-graph\">{\"@context\":\"https:\\\/\\\/schema.org\",\"@graph\":[{\"@type\":\"WebPage\",\"@id\":\"https:\\\/\\\/bodegascolado.com\\\/de\\\/producto\\\/feigen-getrocknet-okologisch-mit-mehl-beutel-250gr\\\/\",\"url\":\"https:\\\/\\\/bodegascolado.com\\\/de\\\/producto\\\/feigen-getrocknet-okologisch-mit-mehl-beutel-250gr\\\/\",\"name\":\"Getrocknete Bio-Feigen mit Frauenhalsmehl\",\"isPartOf\":{\"@id\":\"https:\\\/\\\/bodegascolado.com\\\/de\\\/#website\"},\"primaryImageOfPage\":{\"@id\":\"https:\\\/\\\/bodegascolado.com\\\/de\\\/producto\\\/feigen-getrocknet-okologisch-mit-mehl-beutel-250gr\\\/#primaryimage\"},\"image\":{\"@id\":\"https:\\\/\\\/bodegascolado.com\\\/de\\\/producto\\\/feigen-getrocknet-okologisch-mit-mehl-beutel-250gr\\\/#primaryimage\"},\"thumbnailUrl\":\"https:\\\/\\\/bodegascolado.com\\\/wp-content\\\/uploads\\\/2023\\\/09\\\/higos-secos-con-harina-bolsa-250gr-cuello-de-dama-valle-de-tajo.jpg\",\"datePublished\":\"2023-09-23T20:24:36+00:00\",\"dateModified\":\"2024-10-14T11:22:30+00:00\",\"description\":\"Getrocknete Bio-Feigen mit Mehl im 250 g Beutel. Eine Auswahl an getrockneten Feigen aus dem Tajo-Tal, die f\u00fcr ihre d\u00fcnne Schale und ihre intensive S\u00fc\u00dfe bekannt sind.\",\"breadcrumb\":{\"@id\":\"https:\\\/\\\/bodegascolado.com\\\/de\\\/producto\\\/feigen-getrocknet-okologisch-mit-mehl-beutel-250gr\\\/#breadcrumb\"},\"inLanguage\":\"de\",\"potentialAction\":[{\"@type\":\"ReadAction\",\"target\":[\"https:\\\/\\\/bodegascolado.com\\\/de\\\/producto\\\/feigen-getrocknet-okologisch-mit-mehl-beutel-250gr\\\/\"]}]},{\"@type\":\"ImageObject\",\"inLanguage\":\"de\",\"@id\":\"https:\\\/\\\/bodegascolado.com\\\/de\\\/producto\\\/feigen-getrocknet-okologisch-mit-mehl-beutel-250gr\\\/#primaryimage\",\"url\":\"https:\\\/\\\/bodegascolado.com\\\/wp-content\\\/uploads\\\/2023\\\/09\\\/higos-secos-con-harina-bolsa-250gr-cuello-de-dama-valle-de-tajo.jpg\",\"contentUrl\":\"https:\\\/\\\/bodegascolado.com\\\/wp-content\\\/uploads\\\/2023\\\/09\\\/higos-secos-con-harina-bolsa-250gr-cuello-de-dama-valle-de-tajo.jpg\",\"width\":900,\"height\":900,\"caption\":\"higos secos con harina bolsa gr cuello de dama valle de tajo\"},{\"@type\":\"BreadcrumbList\",\"@id\":\"https:\\\/\\\/bodegascolado.com\\\/de\\\/producto\\\/feigen-getrocknet-okologisch-mit-mehl-beutel-250gr\\\/#breadcrumb\",\"itemListElement\":[{\"@type\":\"ListItem\",\"position\":1,\"name\":\"Portada\",\"item\":\"https:\\\/\\\/bodegascolado.com\\\/de\\\/\"},{\"@type\":\"ListItem\",\"position\":2,\"name\":\"Shop\",\"item\":\"https:\\\/\\\/bodegascolado.com\\\/de\\\/shop\\\/\"},{\"@type\":\"ListItem\",\"position\":3,\"name\":\"Bio getrocknete Feigen mit Mehl 250 g Beutel\"}]},{\"@type\":\"WebSite\",\"@id\":\"https:\\\/\\\/bodegascolado.com\\\/de\\\/#website\",\"url\":\"https:\\\/\\\/bodegascolado.com\\\/de\\\/\",\"name\":\"Bodegas Colado\",\"description\":\"Aceite de oliva virgen extra ecol\u00f3gico de Montearag\u00f3n, en Bodegas Colado. Higos secos cuello dama, Marcofrut, en Montearag\u00f3n\",\"potentialAction\":[{\"@type\":\"SearchAction\",\"target\":{\"@type\":\"EntryPoint\",\"urlTemplate\":\"https:\\\/\\\/bodegascolado.com\\\/de\\\/?s={search_term_string}\"},\"query-input\":{\"@type\":\"PropertyValueSpecification\",\"valueRequired\":true,\"valueName\":\"search_term_string\"}}],\"inLanguage\":\"de\"}]}<\/script>\n<!-- \/ Yoast SEO plugin. -->","yoast_head_json":{"title":"Getrocknete Bio-Feigen mit Frauenhalsmehl","description":"Getrocknete Bio-Feigen mit Mehl im 250 g Beutel. Eine Auswahl an getrockneten Feigen aus dem Tajo-Tal, die f\u00fcr ihre d\u00fcnne Schale und ihre intensive S\u00fc\u00dfe bekannt sind.","robots":{"index":"index","follow":"follow","max-snippet":"max-snippet:-1","max-image-preview":"max-image-preview:large","max-video-preview":"max-video-preview:-1"},"canonical":"https:\/\/bodegascolado.com\/de\/producto\/feigen-getrocknet-okologisch-mit-mehl-beutel-250gr\/","og_locale":"de_DE","og_type":"article","og_title":"Getrocknete Bio-Feigen mit Frauenhalsmehl","og_description":"Getrocknete Bio-Feigen mit Mehl im 250 g Beutel. Eine Auswahl an getrockneten Feigen aus dem Tajo-Tal, die f\u00fcr ihre d\u00fcnne Schale und ihre intensive S\u00fc\u00dfe bekannt sind.","og_url":"https:\/\/bodegascolado.com\/de\/producto\/feigen-getrocknet-okologisch-mit-mehl-beutel-250gr\/","og_site_name":"Bodegas Colado","article_modified_time":"2024-10-14T11:22:30+00:00","og_image":[{"width":900,"height":900,"url":"https:\/\/bodegascolado.com\/wp-content\/uploads\/2023\/09\/higos-secos-con-harina-bolsa-250gr-cuello-de-dama-valle-de-tajo.jpg","type":"image\/jpeg"}],"twitter_card":"summary_large_image","schema":{"@context":"https:\/\/schema.org","@graph":[{"@type":"WebPage","@id":"https:\/\/bodegascolado.com\/de\/producto\/feigen-getrocknet-okologisch-mit-mehl-beutel-250gr\/","url":"https:\/\/bodegascolado.com\/de\/producto\/feigen-getrocknet-okologisch-mit-mehl-beutel-250gr\/","name":"Getrocknete Bio-Feigen mit Frauenhalsmehl","isPartOf":{"@id":"https:\/\/bodegascolado.com\/de\/#website"},"primaryImageOfPage":{"@id":"https:\/\/bodegascolado.com\/de\/producto\/feigen-getrocknet-okologisch-mit-mehl-beutel-250gr\/#primaryimage"},"image":{"@id":"https:\/\/bodegascolado.com\/de\/producto\/feigen-getrocknet-okologisch-mit-mehl-beutel-250gr\/#primaryimage"},"thumbnailUrl":"https:\/\/bodegascolado.com\/wp-content\/uploads\/2023\/09\/higos-secos-con-harina-bolsa-250gr-cuello-de-dama-valle-de-tajo.jpg","datePublished":"2023-09-23T20:24:36+00:00","dateModified":"2024-10-14T11:22:30+00:00","description":"Getrocknete Bio-Feigen mit Mehl im 250 g Beutel. Eine Auswahl an getrockneten Feigen aus dem Tajo-Tal, die f\u00fcr ihre d\u00fcnne Schale und ihre intensive S\u00fc\u00dfe bekannt sind.","breadcrumb":{"@id":"https:\/\/bodegascolado.com\/de\/producto\/feigen-getrocknet-okologisch-mit-mehl-beutel-250gr\/#breadcrumb"},"inLanguage":"de","potentialAction":[{"@type":"ReadAction","target":["https:\/\/bodegascolado.com\/de\/producto\/feigen-getrocknet-okologisch-mit-mehl-beutel-250gr\/"]}]},{"@type":"ImageObject","inLanguage":"de","@id":"https:\/\/bodegascolado.com\/de\/producto\/feigen-getrocknet-okologisch-mit-mehl-beutel-250gr\/#primaryimage","url":"https:\/\/bodegascolado.com\/wp-content\/uploads\/2023\/09\/higos-secos-con-harina-bolsa-250gr-cuello-de-dama-valle-de-tajo.jpg","contentUrl":"https:\/\/bodegascolado.com\/wp-content\/uploads\/2023\/09\/higos-secos-con-harina-bolsa-250gr-cuello-de-dama-valle-de-tajo.jpg","width":900,"height":900,"caption":"higos secos con harina bolsa gr cuello de dama valle de tajo"},{"@type":"BreadcrumbList","@id":"https:\/\/bodegascolado.com\/de\/producto\/feigen-getrocknet-okologisch-mit-mehl-beutel-250gr\/#breadcrumb","itemListElement":[{"@type":"ListItem","position":1,"name":"Portada","item":"https:\/\/bodegascolado.com\/de\/"},{"@type":"ListItem","position":2,"name":"Shop","item":"https:\/\/bodegascolado.com\/de\/shop\/"},{"@type":"ListItem","position":3,"name":"Bio getrocknete Feigen mit Mehl 250 g Beutel"}]},{"@type":"WebSite","@id":"https:\/\/bodegascolado.com\/de\/#website","url":"https:\/\/bodegascolado.com\/de\/","name":"Bodegas Colado","description":"Aceite de oliva virgen extra ecol\u00f3gico de Montearag\u00f3n, en Bodegas Colado. Higos secos cuello dama, Marcofrut, en Montearag\u00f3n","potentialAction":[{"@type":"SearchAction","target":{"@type":"EntryPoint","urlTemplate":"https:\/\/bodegascolado.com\/de\/?s={search_term_string}"},"query-input":{"@type":"PropertyValueSpecification","valueRequired":true,"valueName":"search_term_string"}}],"inLanguage":"de"}]}},"_links":{"self":[{"href":"https:\/\/bodegascolado.com\/de\/wp-json\/wp\/v2\/product\/6915","targetHints":{"allow":["GET"]}}],"collection":[{"href":"https:\/\/bodegascolado.com\/de\/wp-json\/wp\/v2\/product"}],"about":[{"href":"https:\/\/bodegascolado.com\/de\/wp-json\/wp\/v2\/types\/product"}],"wp:featuredmedia":[{"embeddable":true,"href":"https:\/\/bodegascolado.com\/de\/wp-json\/wp\/v2\/media\/6679"}],"wp:attachment":[{"href":"https:\/\/bodegascolado.com\/de\/wp-json\/wp\/v2\/media?parent=6915"}],"wp:term":[{"taxonomy":"product_brand","embeddable":true,"href":"https:\/\/bodegascolado.com\/de\/wp-json\/wp\/v2\/product_brand?post=6915"},{"taxonomy":"product_cat","embeddable":true,"href":"https:\/\/bodegascolado.com\/de\/wp-json\/wp\/v2\/product_cat?post=6915"},{"taxonomy":"product_tag","embeddable":true,"href":"https:\/\/bodegascolado.com\/de\/wp-json\/wp\/v2\/product_tag?post=6915"}],"curies":[{"name":"wp","href":"https:\/\/api.w.org\/{rel}","templated":true}]}}