{"id":6911,"date":"2023-09-20T15:39:07","date_gmt":"2023-09-20T15:39:07","guid":{"rendered":"https:\/\/bodegascolado.com\/producto\/natives-olivenoel-extra-virgen-del-rosario-karton-15-flaschen-a-1-l\/"},"modified":"2025-01-31T17:41:03","modified_gmt":"2025-01-31T17:41:03","slug":"olivenol-nativ-extra-nativ-del-rosario-box-15-flaschen-von-1-l","status":"publish","type":"product","link":"https:\/\/bodegascolado.com\/de\/producto\/olivenol-nativ-extra-nativ-del-rosario-box-15-flaschen-von-1-l\/","title":{"rendered":"Natives Oliven\u00f6l Extra Virgen del Rosario (Karton 15 Flaschen \u00e0 1 l.)"},"content":{"rendered":"<p>Unsere traditionellen Cornicabra-Oliven werden in einer privilegierten Umgebung zwischen den Montes de Toledo und dem Tajo-Tal angebaut, die f\u00fcr einzigartige organoleptische Eigenschaften und einen unnachahmlichen Geschmack sorgt.<br \/>\nAlle Oliven werden auf traditionelle Weise geerntet, in kurzer Zeit zur \u00d6lm\u00fchle transportiert und das \u00d6l durch erste Kaltpressung gewonnen, wodurch die urspr\u00fcnglichen Eigenschaften der Oliven nicht ver\u00e4ndert werden.<br \/>\nGastronomische Kombinationen: Virgen del Rosario eignet sich hervorragend f\u00fcr den Rohverzehr, gebratene Speisen, Braten und Geb\u00e4ck, da er den nat\u00fcrlichen Geschmack der Speisen unterstreicht.<br \/>\nFlasche 1 Liter.<\/p>\n","protected":false},"excerpt":{"rendered":"<p>Karton mit 15 Flaschen \u00e0 1 Liter Natives Oliven\u00f6l Extra.<\/p>\n<p>Flaschenpreis: 9,86 Euro Unsere traditionellen Cornicabra-Oliven werden in einer privilegierten Umgebung zwischen den Montes de Toledo und dem Tajo-Tal angebaut, was f\u00fcr einzigartige organoleptische Eigenschaften und einen unnachahmlichen Geschmack sorgt.<\/p>\n<p>&nbsp;<\/p>\n","protected":false},"featured_media":6643,"template":"","meta":[],"product_brand":[],"product_cat":[112],"product_tag":[],"class_list":{"0":"post-6911","1":"product","2":"type-product","3":"status-publish","4":"has-post-thumbnail","6":"product_cat-olivenol","8":"first","9":"instock","10":"taxable","11":"shipping-taxable","12":"purchasable","13":"product-type-simple"},"yoast_head":"<!-- This site is optimized with the Yoast SEO plugin v27.3 - https:\/\/yoast.com\/product\/yoast-seo-wordpress\/ -->\n<title>Natives Oliven\u00f6l Extra Montes de Toledo, 1L Flaschen<\/title>\n<meta name=\"description\" content=\"Natives Oliven\u00f6l extra aus Montearag\u00f3n, Montes de Toledo, mit hohem Polyphenolgehalt. EVOO, hergestellt aus Cornicabra-Oliven. 1L-Flaschen.\" \/>\n<meta name=\"robots\" content=\"index, follow, max-snippet:-1, max-image-preview:large, max-video-preview:-1\" \/>\n<link rel=\"canonical\" href=\"https:\/\/bodegascolado.com\/de\/producto\/olivenol-nativ-extra-nativ-del-rosario-box-15-flaschen-von-1-l\/\" \/>\n<meta property=\"og:locale\" content=\"de_DE\" \/>\n<meta property=\"og:type\" content=\"article\" \/>\n<meta property=\"og:title\" content=\"Natives Oliven\u00f6l Extra Montes de Toledo, 1L Flaschen\" \/>\n<meta property=\"og:description\" content=\"Natives Oliven\u00f6l extra aus Montearag\u00f3n, Montes de Toledo, mit hohem Polyphenolgehalt. EVOO, hergestellt aus Cornicabra-Oliven. 1L-Flaschen.\" \/>\n<meta property=\"og:url\" content=\"https:\/\/bodegascolado.com\/de\/producto\/olivenol-nativ-extra-nativ-del-rosario-box-15-flaschen-von-1-l\/\" \/>\n<meta property=\"og:site_name\" content=\"Bodegas Colado\" \/>\n<meta property=\"article:modified_time\" content=\"2025-01-31T17:41:03+00:00\" \/>\n<meta property=\"og:image\" content=\"https:\/\/bodegascolado.com\/wp-content\/uploads\/2023\/06\/productos-aceite-virgenextra-1.jpg\" \/>\n\t<meta property=\"og:image:width\" content=\"797\" \/>\n\t<meta property=\"og:image:height\" content=\"797\" \/>\n\t<meta property=\"og:image:type\" content=\"image\/jpeg\" \/>\n<meta name=\"twitter:card\" content=\"summary_large_image\" \/>\n<script type=\"application\/ld+json\" class=\"yoast-schema-graph\">{\"@context\":\"https:\\\/\\\/schema.org\",\"@graph\":[{\"@type\":\"WebPage\",\"@id\":\"https:\\\/\\\/bodegascolado.com\\\/de\\\/producto\\\/olivenol-nativ-extra-nativ-del-rosario-box-15-flaschen-von-1-l\\\/\",\"url\":\"https:\\\/\\\/bodegascolado.com\\\/de\\\/producto\\\/olivenol-nativ-extra-nativ-del-rosario-box-15-flaschen-von-1-l\\\/\",\"name\":\"Natives Oliven\u00f6l Extra Montes de Toledo, 1L Flaschen\",\"isPartOf\":{\"@id\":\"https:\\\/\\\/bodegascolado.com\\\/de\\\/#website\"},\"primaryImageOfPage\":{\"@id\":\"https:\\\/\\\/bodegascolado.com\\\/de\\\/producto\\\/olivenol-nativ-extra-nativ-del-rosario-box-15-flaschen-von-1-l\\\/#primaryimage\"},\"image\":{\"@id\":\"https:\\\/\\\/bodegascolado.com\\\/de\\\/producto\\\/olivenol-nativ-extra-nativ-del-rosario-box-15-flaschen-von-1-l\\\/#primaryimage\"},\"thumbnailUrl\":\"https:\\\/\\\/bodegascolado.com\\\/wp-content\\\/uploads\\\/2023\\\/06\\\/productos-aceite-virgenextra-1.jpg\",\"datePublished\":\"2023-09-20T15:39:07+00:00\",\"dateModified\":\"2025-01-31T17:41:03+00:00\",\"description\":\"Natives Oliven\u00f6l extra aus Montearag\u00f3n, Montes de Toledo, mit hohem Polyphenolgehalt. EVOO, hergestellt aus Cornicabra-Oliven. 1L-Flaschen.\",\"breadcrumb\":{\"@id\":\"https:\\\/\\\/bodegascolado.com\\\/de\\\/producto\\\/olivenol-nativ-extra-nativ-del-rosario-box-15-flaschen-von-1-l\\\/#breadcrumb\"},\"inLanguage\":\"de\",\"potentialAction\":[{\"@type\":\"ReadAction\",\"target\":[\"https:\\\/\\\/bodegascolado.com\\\/de\\\/producto\\\/olivenol-nativ-extra-nativ-del-rosario-box-15-flaschen-von-1-l\\\/\"]}]},{\"@type\":\"ImageObject\",\"inLanguage\":\"de\",\"@id\":\"https:\\\/\\\/bodegascolado.com\\\/de\\\/producto\\\/olivenol-nativ-extra-nativ-del-rosario-box-15-flaschen-von-1-l\\\/#primaryimage\",\"url\":\"https:\\\/\\\/bodegascolado.com\\\/wp-content\\\/uploads\\\/2023\\\/06\\\/productos-aceite-virgenextra-1.jpg\",\"contentUrl\":\"https:\\\/\\\/bodegascolado.com\\\/wp-content\\\/uploads\\\/2023\\\/06\\\/productos-aceite-virgenextra-1.jpg\",\"width\":797,\"height\":797,\"caption\":\"productos aceite virgenextra\"},{\"@type\":\"BreadcrumbList\",\"@id\":\"https:\\\/\\\/bodegascolado.com\\\/de\\\/producto\\\/olivenol-nativ-extra-nativ-del-rosario-box-15-flaschen-von-1-l\\\/#breadcrumb\",\"itemListElement\":[{\"@type\":\"ListItem\",\"position\":1,\"name\":\"Portada\",\"item\":\"https:\\\/\\\/bodegascolado.com\\\/de\\\/\"},{\"@type\":\"ListItem\",\"position\":2,\"name\":\"Shop\",\"item\":\"https:\\\/\\\/bodegascolado.com\\\/de\\\/shop\\\/\"},{\"@type\":\"ListItem\",\"position\":3,\"name\":\"Natives Oliven\u00f6l Extra Virgen del Rosario (Karton 15 Flaschen \u00e0 1 l.)\"}]},{\"@type\":\"WebSite\",\"@id\":\"https:\\\/\\\/bodegascolado.com\\\/de\\\/#website\",\"url\":\"https:\\\/\\\/bodegascolado.com\\\/de\\\/\",\"name\":\"Bodegas Colado\",\"description\":\"Aceite de oliva virgen extra ecol\u00f3gico de Montearag\u00f3n, en Bodegas Colado. Higos secos cuello dama, Marcofrut, en Montearag\u00f3n\",\"potentialAction\":[{\"@type\":\"SearchAction\",\"target\":{\"@type\":\"EntryPoint\",\"urlTemplate\":\"https:\\\/\\\/bodegascolado.com\\\/de\\\/?s={search_term_string}\"},\"query-input\":{\"@type\":\"PropertyValueSpecification\",\"valueRequired\":true,\"valueName\":\"search_term_string\"}}],\"inLanguage\":\"de\"}]}<\/script>\n<!-- \/ Yoast SEO plugin. -->","yoast_head_json":{"title":"Natives Oliven\u00f6l Extra Montes de Toledo, 1L Flaschen","description":"Natives Oliven\u00f6l extra aus Montearag\u00f3n, Montes de Toledo, mit hohem Polyphenolgehalt. EVOO, hergestellt aus Cornicabra-Oliven. 1L-Flaschen.","robots":{"index":"index","follow":"follow","max-snippet":"max-snippet:-1","max-image-preview":"max-image-preview:large","max-video-preview":"max-video-preview:-1"},"canonical":"https:\/\/bodegascolado.com\/de\/producto\/olivenol-nativ-extra-nativ-del-rosario-box-15-flaschen-von-1-l\/","og_locale":"de_DE","og_type":"article","og_title":"Natives Oliven\u00f6l Extra Montes de Toledo, 1L Flaschen","og_description":"Natives Oliven\u00f6l extra aus Montearag\u00f3n, Montes de Toledo, mit hohem Polyphenolgehalt. EVOO, hergestellt aus Cornicabra-Oliven. 1L-Flaschen.","og_url":"https:\/\/bodegascolado.com\/de\/producto\/olivenol-nativ-extra-nativ-del-rosario-box-15-flaschen-von-1-l\/","og_site_name":"Bodegas Colado","article_modified_time":"2025-01-31T17:41:03+00:00","og_image":[{"width":797,"height":797,"url":"https:\/\/bodegascolado.com\/wp-content\/uploads\/2023\/06\/productos-aceite-virgenextra-1.jpg","type":"image\/jpeg"}],"twitter_card":"summary_large_image","schema":{"@context":"https:\/\/schema.org","@graph":[{"@type":"WebPage","@id":"https:\/\/bodegascolado.com\/de\/producto\/olivenol-nativ-extra-nativ-del-rosario-box-15-flaschen-von-1-l\/","url":"https:\/\/bodegascolado.com\/de\/producto\/olivenol-nativ-extra-nativ-del-rosario-box-15-flaschen-von-1-l\/","name":"Natives Oliven\u00f6l Extra Montes de Toledo, 1L Flaschen","isPartOf":{"@id":"https:\/\/bodegascolado.com\/de\/#website"},"primaryImageOfPage":{"@id":"https:\/\/bodegascolado.com\/de\/producto\/olivenol-nativ-extra-nativ-del-rosario-box-15-flaschen-von-1-l\/#primaryimage"},"image":{"@id":"https:\/\/bodegascolado.com\/de\/producto\/olivenol-nativ-extra-nativ-del-rosario-box-15-flaschen-von-1-l\/#primaryimage"},"thumbnailUrl":"https:\/\/bodegascolado.com\/wp-content\/uploads\/2023\/06\/productos-aceite-virgenextra-1.jpg","datePublished":"2023-09-20T15:39:07+00:00","dateModified":"2025-01-31T17:41:03+00:00","description":"Natives Oliven\u00f6l extra aus Montearag\u00f3n, Montes de Toledo, mit hohem Polyphenolgehalt. EVOO, hergestellt aus Cornicabra-Oliven. 1L-Flaschen.","breadcrumb":{"@id":"https:\/\/bodegascolado.com\/de\/producto\/olivenol-nativ-extra-nativ-del-rosario-box-15-flaschen-von-1-l\/#breadcrumb"},"inLanguage":"de","potentialAction":[{"@type":"ReadAction","target":["https:\/\/bodegascolado.com\/de\/producto\/olivenol-nativ-extra-nativ-del-rosario-box-15-flaschen-von-1-l\/"]}]},{"@type":"ImageObject","inLanguage":"de","@id":"https:\/\/bodegascolado.com\/de\/producto\/olivenol-nativ-extra-nativ-del-rosario-box-15-flaschen-von-1-l\/#primaryimage","url":"https:\/\/bodegascolado.com\/wp-content\/uploads\/2023\/06\/productos-aceite-virgenextra-1.jpg","contentUrl":"https:\/\/bodegascolado.com\/wp-content\/uploads\/2023\/06\/productos-aceite-virgenextra-1.jpg","width":797,"height":797,"caption":"productos aceite virgenextra"},{"@type":"BreadcrumbList","@id":"https:\/\/bodegascolado.com\/de\/producto\/olivenol-nativ-extra-nativ-del-rosario-box-15-flaschen-von-1-l\/#breadcrumb","itemListElement":[{"@type":"ListItem","position":1,"name":"Portada","item":"https:\/\/bodegascolado.com\/de\/"},{"@type":"ListItem","position":2,"name":"Shop","item":"https:\/\/bodegascolado.com\/de\/shop\/"},{"@type":"ListItem","position":3,"name":"Natives Oliven\u00f6l Extra Virgen del Rosario (Karton 15 Flaschen \u00e0 1 l.)"}]},{"@type":"WebSite","@id":"https:\/\/bodegascolado.com\/de\/#website","url":"https:\/\/bodegascolado.com\/de\/","name":"Bodegas Colado","description":"Aceite de oliva virgen extra ecol\u00f3gico de Montearag\u00f3n, en Bodegas Colado. Higos secos cuello dama, Marcofrut, en Montearag\u00f3n","potentialAction":[{"@type":"SearchAction","target":{"@type":"EntryPoint","urlTemplate":"https:\/\/bodegascolado.com\/de\/?s={search_term_string}"},"query-input":{"@type":"PropertyValueSpecification","valueRequired":true,"valueName":"search_term_string"}}],"inLanguage":"de"}]}},"_links":{"self":[{"href":"https:\/\/bodegascolado.com\/de\/wp-json\/wp\/v2\/product\/6911","targetHints":{"allow":["GET"]}}],"collection":[{"href":"https:\/\/bodegascolado.com\/de\/wp-json\/wp\/v2\/product"}],"about":[{"href":"https:\/\/bodegascolado.com\/de\/wp-json\/wp\/v2\/types\/product"}],"wp:featuredmedia":[{"embeddable":true,"href":"https:\/\/bodegascolado.com\/de\/wp-json\/wp\/v2\/media\/6643"}],"wp:attachment":[{"href":"https:\/\/bodegascolado.com\/de\/wp-json\/wp\/v2\/media?parent=6911"}],"wp:term":[{"taxonomy":"product_brand","embeddable":true,"href":"https:\/\/bodegascolado.com\/de\/wp-json\/wp\/v2\/product_brand?post=6911"},{"taxonomy":"product_cat","embeddable":true,"href":"https:\/\/bodegascolado.com\/de\/wp-json\/wp\/v2\/product_cat?post=6911"},{"taxonomy":"product_tag","embeddable":true,"href":"https:\/\/bodegascolado.com\/de\/wp-json\/wp\/v2\/product_tag?post=6911"}],"curies":[{"name":"wp","href":"https:\/\/api.w.org\/{rel}","templated":true}]}}