{"id":6899,"date":"2023-06-15T21:26:17","date_gmt":"2023-06-15T21:26:17","guid":{"rendered":"https:\/\/bodegascolado.com\/producto\/olium-bio-olivenoel-karton-mit-6-flaschen-a-050-l\/"},"modified":"2024-01-03T18:40:39","modified_gmt":"2024-01-03T18:40:39","slug":"olivenol-okologisch-olium-olium-box-von-6-flaschen-von-050-l","status":"publish","type":"product","link":"https:\/\/bodegascolado.com\/de\/producto\/olivenol-okologisch-olium-olium-box-von-6-flaschen-von-050-l\/","title":{"rendered":"Olium Bio-Oliven\u00f6l (Karton mit 6 Flaschen \u00e0 0,50 l.)"},"content":{"rendered":"<p>Natives Oliven\u00f6l extra der h\u00f6chsten Kategorie, hergestellt aus Cornicabra-Oliven von Bio-Olivenb\u00e4umen, frei von chemischen R\u00fcckst\u00e4nden und zertifiziert als Bio-Anbau.<\/p>\n<p>Alle Bio-Oliven werden von Hand geerntet und noch am selben Tag zur ersten Kaltpressung in die \u00d6lm\u00fchle transportiert, so dass die urspr\u00fcnglichen Eigenschaften der Fr\u00fcchte nicht verloren gehen.<\/p>\n<p>Gastronomische Kombinationen: Olium Monterag\u00f3n eignet sich hervorragend f\u00fcr Toast, Dressings und Salate.<\/p>\n","protected":false},"excerpt":{"rendered":"<p>Natives Oliven\u00f6l extra der h\u00f6chsten Kategorie, hergestellt aus Cornicabra-Oliven von Bio-Olivenb\u00e4umen, frei von chemischen R\u00fcckst\u00e4nden und zertifiziert als Bio-Anbau.<\/p>\n<p>Schachtel mit 6 Flaschen Olium Montearag\u00f3n, natives Bio-Oliven\u00f6l extra.<\/p>\n","protected":false},"featured_media":6641,"template":"","meta":[],"product_brand":[],"product_cat":[112],"product_tag":[],"class_list":{"0":"post-6899","1":"product","2":"type-product","3":"status-publish","4":"has-post-thumbnail","6":"product_cat-olivenol","8":"first","9":"instock","10":"taxable","11":"shipping-taxable","12":"purchasable","13":"product-type-simple"},"yoast_head":"<!-- This site is optimized with the Yoast SEO plugin v27.3 - https:\/\/yoast.com\/product\/yoast-seo-wordpress\/ -->\n<title>Olium Bio-Oliven\u00f6l (Karton mit 6 Flaschen \u00e0 0,50 l.)<\/title>\n<meta name=\"description\" content=\"Olium Bio-Oliven\u00f6l, hergestellt aus Cornicabra-Oliven von Bio-Olivenb\u00e4umen, Montes de Toledo-Bioanbau-Montearag\u00f3n. 0,5-Liter-Flaschen.\" \/>\n<meta name=\"robots\" content=\"index, follow, max-snippet:-1, max-image-preview:large, max-video-preview:-1\" \/>\n<link rel=\"canonical\" href=\"https:\/\/bodegascolado.com\/de\/producto\/olivenol-okologisch-olium-olium-box-von-6-flaschen-von-050-l\/\" \/>\n<meta property=\"og:locale\" content=\"de_DE\" \/>\n<meta property=\"og:type\" content=\"article\" \/>\n<meta property=\"og:title\" content=\"Olium Bio-Oliven\u00f6l (Karton mit 6 Flaschen \u00e0 0,50 l.)\" \/>\n<meta property=\"og:description\" content=\"Olium Bio-Oliven\u00f6l, hergestellt aus Cornicabra-Oliven von Bio-Olivenb\u00e4umen, Montes de Toledo-Bioanbau-Montearag\u00f3n. 0,5-Liter-Flaschen.\" \/>\n<meta property=\"og:url\" content=\"https:\/\/bodegascolado.com\/de\/producto\/olivenol-okologisch-olium-olium-box-von-6-flaschen-von-050-l\/\" \/>\n<meta property=\"og:site_name\" content=\"Bodegas Colado\" \/>\n<meta property=\"article:modified_time\" content=\"2024-01-03T18:40:39+00:00\" \/>\n<meta property=\"og:image\" content=\"https:\/\/bodegascolado.com\/wp-content\/uploads\/2023\/06\/productos-aceite-ecologico-050.jpg\" \/>\n\t<meta property=\"og:image:width\" content=\"797\" \/>\n\t<meta property=\"og:image:height\" content=\"797\" \/>\n\t<meta property=\"og:image:type\" content=\"image\/jpeg\" \/>\n<meta name=\"twitter:card\" content=\"summary_large_image\" \/>\n<script type=\"application\/ld+json\" class=\"yoast-schema-graph\">{\"@context\":\"https:\\\/\\\/schema.org\",\"@graph\":[{\"@type\":\"WebPage\",\"@id\":\"https:\\\/\\\/bodegascolado.com\\\/de\\\/producto\\\/olivenol-okologisch-olium-olium-box-von-6-flaschen-von-050-l\\\/\",\"url\":\"https:\\\/\\\/bodegascolado.com\\\/de\\\/producto\\\/olivenol-okologisch-olium-olium-box-von-6-flaschen-von-050-l\\\/\",\"name\":\"Olium Bio-Oliven\u00f6l (Karton mit 6 Flaschen \u00e0 0,50 l.)\",\"isPartOf\":{\"@id\":\"https:\\\/\\\/bodegascolado.com\\\/de\\\/#website\"},\"primaryImageOfPage\":{\"@id\":\"https:\\\/\\\/bodegascolado.com\\\/de\\\/producto\\\/olivenol-okologisch-olium-olium-box-von-6-flaschen-von-050-l\\\/#primaryimage\"},\"image\":{\"@id\":\"https:\\\/\\\/bodegascolado.com\\\/de\\\/producto\\\/olivenol-okologisch-olium-olium-box-von-6-flaschen-von-050-l\\\/#primaryimage\"},\"thumbnailUrl\":\"https:\\\/\\\/bodegascolado.com\\\/wp-content\\\/uploads\\\/2023\\\/06\\\/productos-aceite-ecologico-050.jpg\",\"datePublished\":\"2023-06-15T21:26:17+00:00\",\"dateModified\":\"2024-01-03T18:40:39+00:00\",\"description\":\"Olium Bio-Oliven\u00f6l, hergestellt aus Cornicabra-Oliven von Bio-Olivenb\u00e4umen, Montes de Toledo-Bioanbau-Montearag\u00f3n. 0,5-Liter-Flaschen.\",\"breadcrumb\":{\"@id\":\"https:\\\/\\\/bodegascolado.com\\\/de\\\/producto\\\/olivenol-okologisch-olium-olium-box-von-6-flaschen-von-050-l\\\/#breadcrumb\"},\"inLanguage\":\"de\",\"potentialAction\":[{\"@type\":\"ReadAction\",\"target\":[\"https:\\\/\\\/bodegascolado.com\\\/de\\\/producto\\\/olivenol-okologisch-olium-olium-box-von-6-flaschen-von-050-l\\\/\"]}]},{\"@type\":\"ImageObject\",\"inLanguage\":\"de\",\"@id\":\"https:\\\/\\\/bodegascolado.com\\\/de\\\/producto\\\/olivenol-okologisch-olium-olium-box-von-6-flaschen-von-050-l\\\/#primaryimage\",\"url\":\"https:\\\/\\\/bodegascolado.com\\\/wp-content\\\/uploads\\\/2023\\\/06\\\/productos-aceite-ecologico-050.jpg\",\"contentUrl\":\"https:\\\/\\\/bodegascolado.com\\\/wp-content\\\/uploads\\\/2023\\\/06\\\/productos-aceite-ecologico-050.jpg\",\"width\":797,\"height\":797,\"caption\":\"productos aceite ecologico\"},{\"@type\":\"BreadcrumbList\",\"@id\":\"https:\\\/\\\/bodegascolado.com\\\/de\\\/producto\\\/olivenol-okologisch-olium-olium-box-von-6-flaschen-von-050-l\\\/#breadcrumb\",\"itemListElement\":[{\"@type\":\"ListItem\",\"position\":1,\"name\":\"Portada\",\"item\":\"https:\\\/\\\/bodegascolado.com\\\/de\\\/\"},{\"@type\":\"ListItem\",\"position\":2,\"name\":\"Shop\",\"item\":\"https:\\\/\\\/bodegascolado.com\\\/de\\\/shop\\\/\"},{\"@type\":\"ListItem\",\"position\":3,\"name\":\"Olium Bio-Oliven\u00f6l (Karton mit 6 Flaschen \u00e0 0,50 l.)\"}]},{\"@type\":\"WebSite\",\"@id\":\"https:\\\/\\\/bodegascolado.com\\\/de\\\/#website\",\"url\":\"https:\\\/\\\/bodegascolado.com\\\/de\\\/\",\"name\":\"Bodegas Colado\",\"description\":\"Aceite de oliva virgen extra ecol\u00f3gico de Montearag\u00f3n, en Bodegas Colado. Higos secos cuello dama, Marcofrut, en Montearag\u00f3n\",\"potentialAction\":[{\"@type\":\"SearchAction\",\"target\":{\"@type\":\"EntryPoint\",\"urlTemplate\":\"https:\\\/\\\/bodegascolado.com\\\/de\\\/?s={search_term_string}\"},\"query-input\":{\"@type\":\"PropertyValueSpecification\",\"valueRequired\":true,\"valueName\":\"search_term_string\"}}],\"inLanguage\":\"de\"}]}<\/script>\n<!-- \/ Yoast SEO plugin. -->","yoast_head_json":{"title":"Olium Bio-Oliven\u00f6l (Karton mit 6 Flaschen \u00e0 0,50 l.)","description":"Olium Bio-Oliven\u00f6l, hergestellt aus Cornicabra-Oliven von Bio-Olivenb\u00e4umen, Montes de Toledo-Bioanbau-Montearag\u00f3n. 0,5-Liter-Flaschen.","robots":{"index":"index","follow":"follow","max-snippet":"max-snippet:-1","max-image-preview":"max-image-preview:large","max-video-preview":"max-video-preview:-1"},"canonical":"https:\/\/bodegascolado.com\/de\/producto\/olivenol-okologisch-olium-olium-box-von-6-flaschen-von-050-l\/","og_locale":"de_DE","og_type":"article","og_title":"Olium Bio-Oliven\u00f6l (Karton mit 6 Flaschen \u00e0 0,50 l.)","og_description":"Olium Bio-Oliven\u00f6l, hergestellt aus Cornicabra-Oliven von Bio-Olivenb\u00e4umen, Montes de Toledo-Bioanbau-Montearag\u00f3n. 0,5-Liter-Flaschen.","og_url":"https:\/\/bodegascolado.com\/de\/producto\/olivenol-okologisch-olium-olium-box-von-6-flaschen-von-050-l\/","og_site_name":"Bodegas Colado","article_modified_time":"2024-01-03T18:40:39+00:00","og_image":[{"width":797,"height":797,"url":"https:\/\/bodegascolado.com\/wp-content\/uploads\/2023\/06\/productos-aceite-ecologico-050.jpg","type":"image\/jpeg"}],"twitter_card":"summary_large_image","schema":{"@context":"https:\/\/schema.org","@graph":[{"@type":"WebPage","@id":"https:\/\/bodegascolado.com\/de\/producto\/olivenol-okologisch-olium-olium-box-von-6-flaschen-von-050-l\/","url":"https:\/\/bodegascolado.com\/de\/producto\/olivenol-okologisch-olium-olium-box-von-6-flaschen-von-050-l\/","name":"Olium Bio-Oliven\u00f6l (Karton mit 6 Flaschen \u00e0 0,50 l.)","isPartOf":{"@id":"https:\/\/bodegascolado.com\/de\/#website"},"primaryImageOfPage":{"@id":"https:\/\/bodegascolado.com\/de\/producto\/olivenol-okologisch-olium-olium-box-von-6-flaschen-von-050-l\/#primaryimage"},"image":{"@id":"https:\/\/bodegascolado.com\/de\/producto\/olivenol-okologisch-olium-olium-box-von-6-flaschen-von-050-l\/#primaryimage"},"thumbnailUrl":"https:\/\/bodegascolado.com\/wp-content\/uploads\/2023\/06\/productos-aceite-ecologico-050.jpg","datePublished":"2023-06-15T21:26:17+00:00","dateModified":"2024-01-03T18:40:39+00:00","description":"Olium Bio-Oliven\u00f6l, hergestellt aus Cornicabra-Oliven von Bio-Olivenb\u00e4umen, Montes de Toledo-Bioanbau-Montearag\u00f3n. 0,5-Liter-Flaschen.","breadcrumb":{"@id":"https:\/\/bodegascolado.com\/de\/producto\/olivenol-okologisch-olium-olium-box-von-6-flaschen-von-050-l\/#breadcrumb"},"inLanguage":"de","potentialAction":[{"@type":"ReadAction","target":["https:\/\/bodegascolado.com\/de\/producto\/olivenol-okologisch-olium-olium-box-von-6-flaschen-von-050-l\/"]}]},{"@type":"ImageObject","inLanguage":"de","@id":"https:\/\/bodegascolado.com\/de\/producto\/olivenol-okologisch-olium-olium-box-von-6-flaschen-von-050-l\/#primaryimage","url":"https:\/\/bodegascolado.com\/wp-content\/uploads\/2023\/06\/productos-aceite-ecologico-050.jpg","contentUrl":"https:\/\/bodegascolado.com\/wp-content\/uploads\/2023\/06\/productos-aceite-ecologico-050.jpg","width":797,"height":797,"caption":"productos aceite ecologico"},{"@type":"BreadcrumbList","@id":"https:\/\/bodegascolado.com\/de\/producto\/olivenol-okologisch-olium-olium-box-von-6-flaschen-von-050-l\/#breadcrumb","itemListElement":[{"@type":"ListItem","position":1,"name":"Portada","item":"https:\/\/bodegascolado.com\/de\/"},{"@type":"ListItem","position":2,"name":"Shop","item":"https:\/\/bodegascolado.com\/de\/shop\/"},{"@type":"ListItem","position":3,"name":"Olium Bio-Oliven\u00f6l (Karton mit 6 Flaschen \u00e0 0,50 l.)"}]},{"@type":"WebSite","@id":"https:\/\/bodegascolado.com\/de\/#website","url":"https:\/\/bodegascolado.com\/de\/","name":"Bodegas Colado","description":"Aceite de oliva virgen extra ecol\u00f3gico de Montearag\u00f3n, en Bodegas Colado. Higos secos cuello dama, Marcofrut, en Montearag\u00f3n","potentialAction":[{"@type":"SearchAction","target":{"@type":"EntryPoint","urlTemplate":"https:\/\/bodegascolado.com\/de\/?s={search_term_string}"},"query-input":{"@type":"PropertyValueSpecification","valueRequired":true,"valueName":"search_term_string"}}],"inLanguage":"de"}]}},"_links":{"self":[{"href":"https:\/\/bodegascolado.com\/de\/wp-json\/wp\/v2\/product\/6899","targetHints":{"allow":["GET"]}}],"collection":[{"href":"https:\/\/bodegascolado.com\/de\/wp-json\/wp\/v2\/product"}],"about":[{"href":"https:\/\/bodegascolado.com\/de\/wp-json\/wp\/v2\/types\/product"}],"wp:featuredmedia":[{"embeddable":true,"href":"https:\/\/bodegascolado.com\/de\/wp-json\/wp\/v2\/media\/6641"}],"wp:attachment":[{"href":"https:\/\/bodegascolado.com\/de\/wp-json\/wp\/v2\/media?parent=6899"}],"wp:term":[{"taxonomy":"product_brand","embeddable":true,"href":"https:\/\/bodegascolado.com\/de\/wp-json\/wp\/v2\/product_brand?post=6899"},{"taxonomy":"product_cat","embeddable":true,"href":"https:\/\/bodegascolado.com\/de\/wp-json\/wp\/v2\/product_cat?post=6899"},{"taxonomy":"product_tag","embeddable":true,"href":"https:\/\/bodegascolado.com\/de\/wp-json\/wp\/v2\/product_tag?post=6899"}],"curies":[{"name":"wp","href":"https:\/\/api.w.org\/{rel}","templated":true}]}}