{"id":6901,"date":"2023-09-25T09:50:40","date_gmt":"2023-09-25T09:50:40","guid":{"rendered":"https:\/\/bodegascolado.com\/ausarbeitung\/"},"modified":"2024-10-14T11:20:09","modified_gmt":"2024-10-14T11:20:09","slug":"ausarbeitung","status":"publish","type":"page","link":"https:\/\/bodegascolado.com\/de\/ausarbeitung\/","title":{"rendered":"Ausarbeitung"},"content":{"rendered":"[vc_row type=&#8220;full_width_content&#8220; full_screen_row_position=&#8220;middle&#8220; column_margin=&#8220;default&#8220; equal_height=&#8220;yes&#8220; content_placement=&#8220;middle&#8220; column_direction=&#8220;default&#8220; column_direction_tablet=&#8220;default&#8220; column_direction_phone=&#8220;default&#8220; scene_position=&#8220;center&#8220; bottom_margin_phone=&#8220;7&#8243; text_color=&#8220;dark&#8220; text_align=&#8220;left&#8220; row_border_radius=&#8220;none&#8220; row_border_radius_applies=&#8220;bg&#8220; overflow=&#8220;visible&#8220; overlay_strength=&#8220;0.3&#8243; gradient_direction=&#8220;left_to_right&#8220; shape_divider_position=&#8220;bottom&#8220; bg_image_animation=&#8220;none&#8220; gradient_type=&#8220;default&#8220; shape_type=&#8220;&#8220;][vc_column column_padding=&#8220;padding-7-percent&#8220; column_padding_tablet=&#8220;inherit&#8220; column_padding_phone=&#8220;inherit&#8220; column_padding_position=&#8220;all&#8220; column_element_direction_desktop=&#8220;default&#8220; column_element_spacing=&#8220;default&#8220; desktop_text_alignment=&#8220;default&#8220; tablet_text_alignment=&#8220;default&#8220; phone_text_alignment=&#8220;default&#8220; background_color_opacity=&#8220;1&#8243; background_hover_color_opacity=&#8220;1&#8243; column_backdrop_filter=&#8220;none&#8220; column_shadow=&#8220;none&#8220; column_border_radius=&#8220;none&#8220; column_link_target=&#8220;_self&#8220; column_position=&#8220;default&#8220; gradient_direction=&#8220;left_to_right&#8220; overlay_strength=&#8220;0.3&#8243; width=&#8220;1\/2&#8243; tablet_width_inherit=&#8220;default&#8220; animation_type=&#8220;default&#8220; bg_image_animation=&#8220;none&#8220; border_type=&#8220;simple&#8220; column_border_width=&#8220;none&#8220; column_border_style=&#8220;solid&#8220; column_padding_type=&#8220;default&#8220; gradient_type=&#8220;default&#8220;][vc_row_inner column_margin=&#8220;default&#8220; column_direction=&#8220;default&#8220; column_direction_tablet=&#8220;default&#8220; column_direction_phone=&#8220;default&#8220; text_align=&#8220;left&#8220; row_position=&#8220;default&#8220; row_position_tablet=&#8220;inherit&#8220; row_position_phone=&#8220;inherit&#8220; overflow=&#8220;visible&#8220; pointer_events=&#8220;all&#8220;][vc_column_inner column_padding=&#8220;no-extra-padding&#8220; column_padding_tablet=&#8220;inherit&#8220; column_padding_phone=&#8220;inherit&#8220; column_padding_position=&#8220;all&#8220; column_element_direction_desktop=&#8220;default&#8220; column_element_spacing=&#8220;default&#8220; desktop_text_alignment=&#8220;default&#8220; tablet_text_alignment=&#8220;default&#8220; phone_text_alignment=&#8220;default&#8220; background_color_opacity=&#8220;1&#8243; background_hover_color_opacity=&#8220;1&#8243; column_backdrop_filter=&#8220;none&#8220; column_shadow=&#8220;none&#8220; column_border_radius=&#8220;none&#8220; column_link_target=&#8220;_self&#8220; overflow=&#8220;visible&#8220; gradient_direction=&#8220;left_to_right&#8220; overlay_strength=&#8220;0.3&#8243; width=&#8220;1\/1&#8243; tablet_width_inherit=&#8220;default&#8220; animation_type=&#8220;default&#8220; enable_animation=&#8220;true&#8220; animation=&#8220;fade-in-from-bottom&#8220; animation_easing=&#8220;default&#8220; bg_image_animation=&#8220;none&#8220; border_type=&#8220;simple&#8220; column_border_width=&#8220;none&#8220; column_border_style=&#8220;solid&#8220;][vc_custom_heading text=&#8220;Ausarbeitung&#8220; font_container=&#8220;tag:h5|text_align:left|color:%23ad7b1d&#8220; use_theme_fonts=&#8220;yes&#8220; css=&#8220;.vc_custom_1695632093053{margin-bottom: 0px !important;padding-bottom: 14px !important;}&#8220;][vc_custom_heading text=&#8220;Natives Oliven\u00f6l extra und EVOO&#8220; font_container=&#8220;tag:h1|font_size:40|text_align:left|color:%231c4e2a|line_height:42px&#8220; use_theme_fonts=&#8220;yes&#8220;][vc_column_text css=&#8220;.vc_custom_1695816393444{margin-bottom: 0px !important;padding-top: 14px !important;padding-bottom: 0px !important;}&#8220;]Unser Natives Oliven\u00f6l Extra Virgen del Rosario ist ein Oliven\u00f6l der Spitzenklasse, das direkt aus Oliven der Sorte Cornicabra und nur durch mechanische Verfahren gewonnen wird.[\/vc_column_text][\/vc_column_inner][\/vc_row_inner][\/vc_column][vc_column column_padding=&#8220;no-extra-padding&#8220; column_padding_tablet=&#8220;inherit&#8220; column_padding_phone=&#8220;inherit&#8220; column_padding_position=&#8220;all&#8220; column_element_direction_desktop=&#8220;default&#8220; column_element_spacing=&#8220;default&#8220; desktop_text_alignment=&#8220;default&#8220; tablet_text_alignment=&#8220;default&#8220; phone_text_alignment=&#8220;default&#8220; background_color_opacity=&#8220;1&#8243; background_hover_color_opacity=&#8220;1&#8243; column_backdrop_filter=&#8220;none&#8220; column_shadow=&#8220;none&#8220; column_border_radius=&#8220;none&#8220; column_link_target=&#8220;_self&#8220; column_position=&#8220;default&#8220; gradient_direction=&#8220;left_to_right&#8220; overlay_strength=&#8220;0.3&#8243; width=&#8220;1\/2&#8243; tablet_width_inherit=&#8220;default&#8220; animation_type=&#8220;default&#8220; bg_image_animation=&#8220;none&#8220; border_type=&#8220;simple&#8220; column_border_width=&#8220;none&#8220; column_border_style=&#8220;solid&#8220; column_padding_type=&#8220;default&#8220; gradient_type=&#8220;default&#8220;][vc_gallery type=&#8220;flexslider_style&#8220; images=&#8220;6427,6424,6421,6422,6423,6425,6426&#8243; onclick=&#8220;link_no&#8220; img_size=&#8220;full&#8220;][\/vc_column][\/vc_row][vc_row type=&#8220;full_width_content&#8220; full_screen_row_position=&#8220;middle&#8220; column_margin=&#8220;default&#8220; equal_height=&#8220;yes&#8220; content_placement=&#8220;middle&#8220; column_direction=&#8220;default&#8220; column_direction_tablet=&#8220;default&#8220; column_direction_phone=&#8220;default&#8220; bg_color=&#8220;#f9f2e8&#8243; scene_position=&#8220;center&#8220; bottom_margin_phone=&#8220;7&#8243; text_color=&#8220;dark&#8220; text_align=&#8220;left&#8220; row_border_radius=&#8220;none&#8220; row_border_radius_applies=&#8220;bg&#8220; overflow=&#8220;visible&#8220; overlay_strength=&#8220;0.3&#8243; gradient_direction=&#8220;left_to_right&#8220; shape_divider_position=&#8220;bottom&#8220; bg_image_animation=&#8220;none&#8220; gradient_type=&#8220;default&#8220; shape_type=&#8220;&#8220;][vc_column column_padding=&#8220;no-extra-padding&#8220; column_padding_tablet=&#8220;inherit&#8220; column_padding_phone=&#8220;inherit&#8220; column_padding_position=&#8220;all&#8220; column_element_direction_desktop=&#8220;default&#8220; column_element_spacing=&#8220;default&#8220; desktop_text_alignment=&#8220;default&#8220; tablet_text_alignment=&#8220;default&#8220; phone_text_alignment=&#8220;default&#8220; background_color_opacity=&#8220;1&#8243; background_hover_color_opacity=&#8220;1&#8243; background_image=&#8220;6052&#8243; background_image_position=&#8220;right center&#8220; background_image_stacking=&#8220;default&#8220; enable_bg_scale=&#8220;true&#8220; background_image_loading=&#8220;default&#8220; column_backdrop_filter=&#8220;none&#8220; column_shadow=&#8220;none&#8220; column_border_radius=&#8220;none&#8220; column_link_target=&#8220;_self&#8220; column_position=&#8220;default&#8220; gradient_direction=&#8220;left_to_right&#8220; overlay_strength=&#8220;0.3&#8243; width=&#8220;1\/2&#8243; tablet_width_inherit=&#8220;default&#8220; animation_type=&#8220;default&#8220; bg_image_animation=&#8220;none&#8220; border_type=&#8220;simple&#8220; column_border_width=&#8220;none&#8220; column_border_style=&#8220;solid&#8220; column_padding_type=&#8220;default&#8220; gradient_type=&#8220;default&#8220;][vc_video link=&#8220;https:\/\/www.youtube.com\/watch?v=EnhS2lRIFJ0&amp;t=19s&#8220; align=&#8220;center&#8220;][\/vc_column][vc_column column_padding=&#8220;padding-5-percent&#8220; column_padding_tablet=&#8220;inherit&#8220; column_padding_phone=&#8220;inherit&#8220; column_padding_position=&#8220;all&#8220; column_element_direction_desktop=&#8220;default&#8220; column_element_spacing=&#8220;default&#8220; desktop_text_alignment=&#8220;default&#8220; tablet_text_alignment=&#8220;default&#8220; phone_text_alignment=&#8220;default&#8220; background_color_opacity=&#8220;1&#8243; background_hover_color_opacity=&#8220;1&#8243; column_backdrop_filter=&#8220;none&#8220; column_shadow=&#8220;none&#8220; column_border_radius=&#8220;none&#8220; column_link_target=&#8220;_self&#8220; column_position=&#8220;default&#8220; gradient_direction=&#8220;left_to_right&#8220; overlay_strength=&#8220;0.3&#8243; width=&#8220;1\/2&#8243; tablet_width_inherit=&#8220;default&#8220; animation_type=&#8220;default&#8220; bg_image_animation=&#8220;none&#8220; border_type=&#8220;simple&#8220; column_border_width=&#8220;none&#8220; column_border_style=&#8220;solid&#8220; column_padding_type=&#8220;default&#8220; gradient_type=&#8220;default&#8220;][vc_row_inner column_margin=&#8220;default&#8220; column_direction=&#8220;default&#8220; column_direction_tablet=&#8220;default&#8220; column_direction_phone=&#8220;default&#8220; text_align=&#8220;left&#8220; row_position=&#8220;default&#8220; row_position_tablet=&#8220;inherit&#8220; row_position_phone=&#8220;inherit&#8220; overflow=&#8220;visible&#8220; pointer_events=&#8220;all&#8220;][vc_column_inner column_padding=&#8220;no-extra-padding&#8220; column_padding_tablet=&#8220;inherit&#8220; column_padding_phone=&#8220;inherit&#8220; column_padding_position=&#8220;all&#8220; column_element_direction_desktop=&#8220;default&#8220; column_element_spacing=&#8220;default&#8220; desktop_text_alignment=&#8220;default&#8220; tablet_text_alignment=&#8220;default&#8220; phone_text_alignment=&#8220;default&#8220; background_color_opacity=&#8220;1&#8243; background_hover_color_opacity=&#8220;1&#8243; column_backdrop_filter=&#8220;none&#8220; column_shadow=&#8220;none&#8220; column_border_radius=&#8220;none&#8220; column_link_target=&#8220;_self&#8220; overflow=&#8220;visible&#8220; gradient_direction=&#8220;left_to_right&#8220; overlay_strength=&#8220;0.3&#8243; width=&#8220;1\/1&#8243; tablet_width_inherit=&#8220;default&#8220; animation_type=&#8220;default&#8220; enable_animation=&#8220;true&#8220; animation=&#8220;fade-in-from-bottom&#8220; animation_easing=&#8220;default&#8220; bg_image_animation=&#8220;none&#8220; border_type=&#8220;simple&#8220; column_border_width=&#8220;none&#8220; column_border_style=&#8220;solid&#8220;][vc_custom_heading text=&#8220;Auswahl&#8220; font_container=&#8220;tag:h5|text_align:left|color:%23ad7b1d&#8220; use_theme_fonts=&#8220;yes&#8220; css=&#8220;.vc_custom_1695634942076{margin-bottom: 0px !important;padding-bottom: 14px !important;}&#8220;][vc_custom_heading text=&#8220;Getrocknete Bio-Feigen, Sorte Cuello de Dama&#8220; font_container=&#8220;tag:h2|font_size:40|text_align:left|color:%231c4e2a|line_height:42px&#8220; use_theme_fonts=&#8220;yes&#8220;][vc_column_text css=&#8220;.vc_custom_1728904726433{margin-bottom: 0px !important;padding-top: 14px !important;padding-bottom: 0px !important;}&#8220;]Eine Auswahl an Bio-Trockenfeigen, die f\u00fcr ihre d\u00fcnne Haut und die intensive S\u00fc\u00dfe ihres Fruchtfleisches bekannt sind und auf traditionelle Weise in der Sonne getrocknet werden. Die Produktion dieser Bio-Trockenfeigen konzentriert sich haupts\u00e4chlich auf das Tajo-Tal und das Ti\u00e9tar-Tal.[\/vc_column_text][\/vc_column_inner][\/vc_row_inner][\/vc_column][\/vc_row][vc_row type=&#8220;in_container&#8220; full_screen_row_position=&#8220;middle&#8220; column_margin=&#8220;default&#8220; column_direction=&#8220;default&#8220; column_direction_tablet=&#8220;default&#8220; column_direction_phone=&#8220;default&#8220; scene_position=&#8220;center&#8220; text_color=&#8220;dark&#8220; text_align=&#8220;left&#8220; row_border_radius=&#8220;none&#8220; row_border_radius_applies=&#8220;bg&#8220; overflow=&#8220;visible&#8220; overlay_strength=&#8220;0.3&#8243; gradient_direction=&#8220;left_to_right&#8220; shape_divider_position=&#8220;bottom&#8220; bg_image_animation=&#8220;none&#8220;][vc_column top_padding_desktop=&#8220;5%&#8220; constrain_group_100=&#8220;yes&#8220; bottom_padding_desktop=&#8220;5%&#8220; left_padding_desktop=&#8220;10%&#8220; constrain_group_101=&#8220;yes&#8220; right_padding_desktop=&#8220;10%&#8220; column_element_direction_desktop=&#8220;default&#8220; column_element_spacing=&#8220;default&#8220; desktop_text_alignment=&#8220;default&#8220; tablet_text_alignment=&#8220;default&#8220; phone_text_alignment=&#8220;default&#8220; background_color_opacity=&#8220;1&#8243; background_hover_color_opacity=&#8220;1&#8243; column_backdrop_filter=&#8220;none&#8220; column_shadow=&#8220;none&#8220; column_border_radius=&#8220;none&#8220; column_link_target=&#8220;_self&#8220; column_position=&#8220;default&#8220; gradient_direction=&#8220;left_to_right&#8220; overlay_strength=&#8220;0.3&#8243; width=&#8220;1\/1&#8243; tablet_width_inherit=&#8220;default&#8220; animation_type=&#8220;default&#8220; bg_image_animation=&#8220;none&#8220; border_type=&#8220;simple&#8220; column_border_width=&#8220;none&#8220; column_border_style=&#8220;solid&#8220; column_padding_type=&#8220;advanced&#8220; gradient_type=&#8220;default&#8220;][image_with_animation image_url=&#8220;6510&#8243; image_size=&#8220;medium&#8220; animation_type=&#8220;entrance&#8220; animation=&#8220;None&#8220; animation_movement_type=&#8220;transform_y&#8220; hover_animation=&#8220;none&#8220; alignment=&#8220;&#8220; border_radius=&#8220;none&#8220; box_shadow=&#8220;none&#8220; image_loading=&#8220;default&#8220; max_width=&#8220;100%&#8220; max_width_mobile=&#8220;default&#8220;][vc_custom_heading text=&#8220;Herstellung von Weinen, \u00d6len und getrockneten Feigen.&#8220; font_container=&#8220;tag:h3|font_size:40|text_align:left|color:%231c4e2a|line_height:42px&#8220; use_theme_fonts=&#8220;yes&#8220;][divider line_type=&#8220;No Line&#8220; custom_height=&#8220;27&#8243;][vc_column_text]In Montearag\u00f3n Bodegas Colado verf\u00fcgen wir \u00fcber Fachleute, die \u00fcber die n\u00f6tige Erfahrung und ein H\u00f6chstma\u00df an Wissen verf\u00fcgen, um die Vorg\u00e4nge der Gewinnung, Herstellung und Abf\u00fcllung von Wein und \u00d6l unter den in den Verfahrens- und Qualit\u00e4tshandb\u00fcchern festgelegten Bedingungen durchzuf\u00fchren.[\/vc_column_text][\/vc_column][\/vc_row]\n","protected":false},"excerpt":{"rendered":"<p>[vc_row type=&#8220;full_width_content&#8220; full_screen_row_position=&#8220;middle&#8220; column_margin=&#8220;default&#8220; equal_height=&#8220;yes&#8220; content_placement=&#8220;middle&#8220; column_direction=&#8220;default&#8220; column_direction_tablet=&#8220;default&#8220; column_direction_phone=&#8220;default&#8220; scene_position=&#8220;center&#8220; bottom_margin_phone=&#8220;7&#8243; text_color=&#8220;dark&#8220; text_align=&#8220;left&#8220; row_border_radius=&#8220;none&#8220; row_border_radius_applies=&#8220;bg&#8220; overflow=&#8220;visible&#8220; overlay_strength=&#8220;0.3&#8243; gradient_direction=&#8220;left_to_right&#8220; shape_divider_position=&#8220;bottom&#8220; bg_image_animation=&#8220;none&#8220; gradient_type=&#8220;default&#8220; shape_type=&#8220;&#8220;][vc_column column_padding=&#8220;padding-7-percent&#8220; column_padding_tablet=&#8220;inherit&#8220; column_padding_phone=&#8220;inherit&#8220; column_padding_position=&#8220;all&#8220; column_element_direction_desktop=&#8220;default&#8220; column_element_spacing=&#8220;default&#8220; desktop_text_alignment=&#8220;default&#8220; tablet_text_alignment=&#8220;default&#8220;&#8230;<\/p>\n","protected":false},"author":1,"featured_media":6657,"parent":0,"menu_order":0,"comment_status":"closed","ping_status":"closed","template":"","meta":{"footnotes":""},"class_list":["post-6901","page","type-page","status-publish","has-post-thumbnail"],"yoast_head":"<!-- This site is optimized with the Yoast SEO plugin v27.3 - https:\/\/yoast.com\/product\/yoast-seo-wordpress\/ -->\n<title>Natives Oliven\u00f6l Extra - Bio getrocknete Feigen - Montearag\u00f3n<\/title>\n<meta name=\"description\" content=\"Wir produzieren unser Natives Oliven\u00f6l Extra - Bio - Gr\u00fcnes Oliven\u00f6l - Premium Bio getrocknete Feigen - Montearag\u00f3n Wein - Toledo.\" \/>\n<meta name=\"robots\" content=\"index, follow, max-snippet:-1, max-image-preview:large, max-video-preview:-1\" \/>\n<link rel=\"canonical\" href=\"https:\/\/bodegascolado.com\/de\/ausarbeitung\/\" \/>\n<meta property=\"og:locale\" content=\"de_DE\" \/>\n<meta property=\"og:type\" content=\"article\" \/>\n<meta property=\"og:title\" content=\"Natives Oliven\u00f6l Extra - Bio getrocknete Feigen - Montearag\u00f3n\" \/>\n<meta property=\"og:description\" content=\"Wir produzieren unser Natives Oliven\u00f6l Extra - Bio - Gr\u00fcnes Oliven\u00f6l - Premium Bio getrocknete Feigen - Montearag\u00f3n Wein - Toledo.\" \/>\n<meta property=\"og:url\" content=\"https:\/\/bodegascolado.com\/de\/ausarbeitung\/\" \/>\n<meta property=\"og:site_name\" content=\"Bodegas Colado\" \/>\n<meta property=\"article:modified_time\" content=\"2024-10-14T11:20:09+00:00\" \/>\n<meta property=\"og:image\" content=\"https:\/\/bodegascolado.com\/wp-content\/uploads\/2023\/09\/comprar-aceite-de-oliva-virgen-extra-toledo-montearagon.jpg\" \/>\n\t<meta property=\"og:image:width\" content=\"900\" \/>\n\t<meta property=\"og:image:height\" content=\"900\" \/>\n\t<meta property=\"og:image:type\" content=\"image\/jpeg\" \/>\n<meta name=\"twitter:card\" content=\"summary_large_image\" \/>\n<meta name=\"twitter:label1\" content=\"Gesch\u00e4tzte Lesezeit\" \/>\n\t<meta name=\"twitter:data1\" content=\"7\u00a0Minuten\" \/>\n<script type=\"application\/ld+json\" class=\"yoast-schema-graph\">{\"@context\":\"https:\\\/\\\/schema.org\",\"@graph\":[{\"@type\":\"WebPage\",\"@id\":\"https:\\\/\\\/bodegascolado.com\\\/de\\\/ausarbeitung\\\/\",\"url\":\"https:\\\/\\\/bodegascolado.com\\\/de\\\/ausarbeitung\\\/\",\"name\":\"Natives Oliven\u00f6l Extra - Bio getrocknete Feigen - Montearag\u00f3n\",\"isPartOf\":{\"@id\":\"https:\\\/\\\/bodegascolado.com\\\/de\\\/#website\"},\"primaryImageOfPage\":{\"@id\":\"https:\\\/\\\/bodegascolado.com\\\/de\\\/ausarbeitung\\\/#primaryimage\"},\"image\":{\"@id\":\"https:\\\/\\\/bodegascolado.com\\\/de\\\/ausarbeitung\\\/#primaryimage\"},\"thumbnailUrl\":\"https:\\\/\\\/bodegascolado.com\\\/wp-content\\\/uploads\\\/2023\\\/09\\\/comprar-aceite-de-oliva-virgen-extra-toledo-montearagon.jpg\",\"datePublished\":\"2023-09-25T09:50:40+00:00\",\"dateModified\":\"2024-10-14T11:20:09+00:00\",\"description\":\"Wir produzieren unser Natives Oliven\u00f6l Extra - Bio - Gr\u00fcnes Oliven\u00f6l - Premium Bio getrocknete Feigen - Montearag\u00f3n Wein - Toledo.\",\"breadcrumb\":{\"@id\":\"https:\\\/\\\/bodegascolado.com\\\/de\\\/ausarbeitung\\\/#breadcrumb\"},\"inLanguage\":\"de\",\"potentialAction\":[{\"@type\":\"ReadAction\",\"target\":[\"https:\\\/\\\/bodegascolado.com\\\/de\\\/ausarbeitung\\\/\"]}]},{\"@type\":\"ImageObject\",\"inLanguage\":\"de\",\"@id\":\"https:\\\/\\\/bodegascolado.com\\\/de\\\/ausarbeitung\\\/#primaryimage\",\"url\":\"https:\\\/\\\/bodegascolado.com\\\/wp-content\\\/uploads\\\/2023\\\/09\\\/comprar-aceite-de-oliva-virgen-extra-toledo-montearagon.jpg\",\"contentUrl\":\"https:\\\/\\\/bodegascolado.com\\\/wp-content\\\/uploads\\\/2023\\\/09\\\/comprar-aceite-de-oliva-virgen-extra-toledo-montearagon.jpg\",\"width\":900,\"height\":900,\"caption\":\"comprar aceite de oliva virgen extra toledo montearagon\"},{\"@type\":\"BreadcrumbList\",\"@id\":\"https:\\\/\\\/bodegascolado.com\\\/de\\\/ausarbeitung\\\/#breadcrumb\",\"itemListElement\":[{\"@type\":\"ListItem\",\"position\":1,\"name\":\"Portada\",\"item\":\"https:\\\/\\\/bodegascolado.com\\\/de\\\/\"},{\"@type\":\"ListItem\",\"position\":2,\"name\":\"Ausarbeitung\"}]},{\"@type\":\"WebSite\",\"@id\":\"https:\\\/\\\/bodegascolado.com\\\/de\\\/#website\",\"url\":\"https:\\\/\\\/bodegascolado.com\\\/de\\\/\",\"name\":\"Bodegas Colado\",\"description\":\"Aceite de oliva virgen extra ecol\u00f3gico de Montearag\u00f3n, en Bodegas Colado. Higos secos cuello dama, Marcofrut, en Montearag\u00f3n\",\"potentialAction\":[{\"@type\":\"SearchAction\",\"target\":{\"@type\":\"EntryPoint\",\"urlTemplate\":\"https:\\\/\\\/bodegascolado.com\\\/de\\\/?s={search_term_string}\"},\"query-input\":{\"@type\":\"PropertyValueSpecification\",\"valueRequired\":true,\"valueName\":\"search_term_string\"}}],\"inLanguage\":\"de\"}]}<\/script>\n<!-- \/ Yoast SEO plugin. -->","yoast_head_json":{"title":"Natives Oliven\u00f6l Extra - Bio getrocknete Feigen - Montearag\u00f3n","description":"Wir produzieren unser Natives Oliven\u00f6l Extra - Bio - Gr\u00fcnes Oliven\u00f6l - Premium Bio getrocknete Feigen - Montearag\u00f3n Wein - Toledo.","robots":{"index":"index","follow":"follow","max-snippet":"max-snippet:-1","max-image-preview":"max-image-preview:large","max-video-preview":"max-video-preview:-1"},"canonical":"https:\/\/bodegascolado.com\/de\/ausarbeitung\/","og_locale":"de_DE","og_type":"article","og_title":"Natives Oliven\u00f6l Extra - Bio getrocknete Feigen - Montearag\u00f3n","og_description":"Wir produzieren unser Natives Oliven\u00f6l Extra - Bio - Gr\u00fcnes Oliven\u00f6l - Premium Bio getrocknete Feigen - Montearag\u00f3n Wein - Toledo.","og_url":"https:\/\/bodegascolado.com\/de\/ausarbeitung\/","og_site_name":"Bodegas Colado","article_modified_time":"2024-10-14T11:20:09+00:00","og_image":[{"width":900,"height":900,"url":"https:\/\/bodegascolado.com\/wp-content\/uploads\/2023\/09\/comprar-aceite-de-oliva-virgen-extra-toledo-montearagon.jpg","type":"image\/jpeg"}],"twitter_card":"summary_large_image","twitter_misc":{"Gesch\u00e4tzte Lesezeit":"7\u00a0Minuten"},"schema":{"@context":"https:\/\/schema.org","@graph":[{"@type":"WebPage","@id":"https:\/\/bodegascolado.com\/de\/ausarbeitung\/","url":"https:\/\/bodegascolado.com\/de\/ausarbeitung\/","name":"Natives Oliven\u00f6l Extra - Bio getrocknete Feigen - Montearag\u00f3n","isPartOf":{"@id":"https:\/\/bodegascolado.com\/de\/#website"},"primaryImageOfPage":{"@id":"https:\/\/bodegascolado.com\/de\/ausarbeitung\/#primaryimage"},"image":{"@id":"https:\/\/bodegascolado.com\/de\/ausarbeitung\/#primaryimage"},"thumbnailUrl":"https:\/\/bodegascolado.com\/wp-content\/uploads\/2023\/09\/comprar-aceite-de-oliva-virgen-extra-toledo-montearagon.jpg","datePublished":"2023-09-25T09:50:40+00:00","dateModified":"2024-10-14T11:20:09+00:00","description":"Wir produzieren unser Natives Oliven\u00f6l Extra - Bio - Gr\u00fcnes Oliven\u00f6l - Premium Bio getrocknete Feigen - Montearag\u00f3n Wein - Toledo.","breadcrumb":{"@id":"https:\/\/bodegascolado.com\/de\/ausarbeitung\/#breadcrumb"},"inLanguage":"de","potentialAction":[{"@type":"ReadAction","target":["https:\/\/bodegascolado.com\/de\/ausarbeitung\/"]}]},{"@type":"ImageObject","inLanguage":"de","@id":"https:\/\/bodegascolado.com\/de\/ausarbeitung\/#primaryimage","url":"https:\/\/bodegascolado.com\/wp-content\/uploads\/2023\/09\/comprar-aceite-de-oliva-virgen-extra-toledo-montearagon.jpg","contentUrl":"https:\/\/bodegascolado.com\/wp-content\/uploads\/2023\/09\/comprar-aceite-de-oliva-virgen-extra-toledo-montearagon.jpg","width":900,"height":900,"caption":"comprar aceite de oliva virgen extra toledo montearagon"},{"@type":"BreadcrumbList","@id":"https:\/\/bodegascolado.com\/de\/ausarbeitung\/#breadcrumb","itemListElement":[{"@type":"ListItem","position":1,"name":"Portada","item":"https:\/\/bodegascolado.com\/de\/"},{"@type":"ListItem","position":2,"name":"Ausarbeitung"}]},{"@type":"WebSite","@id":"https:\/\/bodegascolado.com\/de\/#website","url":"https:\/\/bodegascolado.com\/de\/","name":"Bodegas Colado","description":"Aceite de oliva virgen extra ecol\u00f3gico de Montearag\u00f3n, en Bodegas Colado. Higos secos cuello dama, Marcofrut, en Montearag\u00f3n","potentialAction":[{"@type":"SearchAction","target":{"@type":"EntryPoint","urlTemplate":"https:\/\/bodegascolado.com\/de\/?s={search_term_string}"},"query-input":{"@type":"PropertyValueSpecification","valueRequired":true,"valueName":"search_term_string"}}],"inLanguage":"de"}]}},"_links":{"self":[{"href":"https:\/\/bodegascolado.com\/de\/wp-json\/wp\/v2\/pages\/6901","targetHints":{"allow":["GET"]}}],"collection":[{"href":"https:\/\/bodegascolado.com\/de\/wp-json\/wp\/v2\/pages"}],"about":[{"href":"https:\/\/bodegascolado.com\/de\/wp-json\/wp\/v2\/types\/page"}],"author":[{"embeddable":true,"href":"https:\/\/bodegascolado.com\/de\/wp-json\/wp\/v2\/users\/1"}],"replies":[{"embeddable":true,"href":"https:\/\/bodegascolado.com\/de\/wp-json\/wp\/v2\/comments?post=6901"}],"version-history":[{"count":14,"href":"https:\/\/bodegascolado.com\/de\/wp-json\/wp\/v2\/pages\/6901\/revisions"}],"predecessor-version":[{"id":7313,"href":"https:\/\/bodegascolado.com\/de\/wp-json\/wp\/v2\/pages\/6901\/revisions\/7313"}],"wp:featuredmedia":[{"embeddable":true,"href":"https:\/\/bodegascolado.com\/de\/wp-json\/wp\/v2\/media\/6657"}],"wp:attachment":[{"href":"https:\/\/bodegascolado.com\/de\/wp-json\/wp\/v2\/media?parent=6901"}],"curies":[{"name":"wp","href":"https:\/\/api.w.org\/{rel}","templated":true}]}}