{"id":6838,"date":"2023-09-25T14:23:58","date_gmt":"2023-09-25T14:23:58","guid":{"rendered":"https:\/\/bodegascolado.com\/getrocknete-feigen-ladys-neck\/"},"modified":"2024-10-14T11:38:28","modified_gmt":"2024-10-14T11:38:28","slug":"getrocknete-feigen-ladys-neck","status":"publish","type":"page","link":"https:\/\/bodegascolado.com\/de\/getrocknete-feigen-ladys-neck\/","title":{"rendered":"Getrocknete Bio-Feigen"},"content":{"rendered":"[vc_row type=&#8220;full_width_content&#8220; full_screen_row_position=&#8220;middle&#8220; column_margin=&#8220;default&#8220; equal_height=&#8220;yes&#8220; content_placement=&#8220;middle&#8220; column_direction=&#8220;default&#8220; column_direction_tablet=&#8220;default&#8220; column_direction_phone=&#8220;default&#8220; bg_color=&#8220;#ffffff&#8220; scene_position=&#8220;center&#8220; bottom_margin_phone=&#8220;7&#8243; text_color=&#8220;dark&#8220; text_align=&#8220;left&#8220; row_border_radius=&#8220;none&#8220; row_border_radius_applies=&#8220;bg&#8220; overflow=&#8220;visible&#8220; overlay_strength=&#8220;0.3&#8243; gradient_direction=&#8220;left_to_right&#8220; shape_divider_position=&#8220;bottom&#8220; bg_image_animation=&#8220;none&#8220; gradient_type=&#8220;default&#8220; shape_type=&#8220;&#8220;][vc_column column_padding=&#8220;padding-10-percent&#8220; column_padding_tablet=&#8220;inherit&#8220; column_padding_phone=&#8220;inherit&#8220; column_padding_position=&#8220;all&#8220; column_element_direction_desktop=&#8220;default&#8220; column_element_spacing=&#8220;default&#8220; desktop_text_alignment=&#8220;default&#8220; tablet_text_alignment=&#8220;default&#8220; phone_text_alignment=&#8220;default&#8220; background_color_opacity=&#8220;1&#8243; background_hover_color_opacity=&#8220;1&#8243; column_backdrop_filter=&#8220;none&#8220; column_shadow=&#8220;none&#8220; column_border_radius=&#8220;none&#8220; column_link_target=&#8220;_self&#8220; column_position=&#8220;default&#8220; gradient_direction=&#8220;left_to_right&#8220; overlay_strength=&#8220;0.3&#8243; width=&#8220;1\/2&#8243; tablet_width_inherit=&#8220;default&#8220; animation_type=&#8220;default&#8220; bg_image_animation=&#8220;none&#8220; border_type=&#8220;simple&#8220; column_border_width=&#8220;none&#8220; column_border_style=&#8220;solid&#8220; column_padding_type=&#8220;default&#8220; gradient_type=&#8220;default&#8220;][vc_row_inner column_margin=&#8220;default&#8220; column_direction=&#8220;default&#8220; column_direction_tablet=&#8220;default&#8220; column_direction_phone=&#8220;default&#8220; text_align=&#8220;left&#8220; row_position=&#8220;default&#8220; row_position_tablet=&#8220;inherit&#8220; row_position_phone=&#8220;inherit&#8220; overflow=&#8220;visible&#8220; pointer_events=&#8220;all&#8220;][vc_column_inner column_padding=&#8220;no-extra-padding&#8220; column_padding_tablet=&#8220;inherit&#8220; column_padding_phone=&#8220;inherit&#8220; column_padding_position=&#8220;all&#8220; column_element_direction_desktop=&#8220;default&#8220; column_element_spacing=&#8220;default&#8220; desktop_text_alignment=&#8220;default&#8220; tablet_text_alignment=&#8220;default&#8220; phone_text_alignment=&#8220;default&#8220; background_color_opacity=&#8220;1&#8243; background_hover_color_opacity=&#8220;1&#8243; column_backdrop_filter=&#8220;none&#8220; column_shadow=&#8220;none&#8220; column_border_radius=&#8220;none&#8220; column_link_target=&#8220;_self&#8220; overflow=&#8220;visible&#8220; gradient_direction=&#8220;left_to_right&#8220; overlay_strength=&#8220;0.3&#8243; width=&#8220;1\/1&#8243; tablet_width_inherit=&#8220;default&#8220; animation_type=&#8220;default&#8220; enable_animation=&#8220;true&#8220; animation=&#8220;fade-in-from-bottom&#8220; animation_easing=&#8220;default&#8220; bg_image_animation=&#8220;none&#8220; border_type=&#8220;simple&#8220; column_border_width=&#8220;none&#8220; column_border_style=&#8220;solid&#8220;][vc_custom_heading text=&#8220;Marcofrut&#8220; font_container=&#8220;tag:h5|text_align:left|color:%23ad7b1d&#8220; use_theme_fonts=&#8220;yes&#8220; css=&#8220;.vc_custom_1695813502734{margin-bottom: 0px !important;}&#8220;][vc_custom_heading text=&#8220;Getrocknete Bio-Feigen&#8220; font_container=&#8220;tag:h1|text_align:left|color:%231c4e2a&#8220; use_theme_fonts=&#8220;yes&#8220;][vc_column_text css=&#8220;.vc_custom_1728904265362{margin-bottom: 0px !important;padding-top: 14px !important;padding-bottom: 0px !important;}&#8220;]Auswahl an getrockneten Bio-Feigen der Sorte Cuello Dama, die f\u00fcr ihre d\u00fcnne Schale und die intensive S\u00fc\u00dfe ihres Fruchtfleisches bekannt sind und auf traditionelle Weise in der Sonne getrocknet werden. Der Anbau dieser Bio-Feigen konzentriert sich haupts\u00e4chlich auf das Tajo-Tal und das Ti\u00e9tar-Tal. Eigenschaften: Sie sind reich an Ballaststoffen und enthalten viel Eisen, Vitamin B, Kalzium und Magnesium. Sie werden nicht nur als Snack gegessen, sondern k\u00f6nnen auch in Desserts und Aufl\u00e4ufen verwendet werden.[\/vc_column_text][\/vc_column_inner][\/vc_row_inner][\/vc_column][vc_column column_padding=&#8220;no-extra-padding&#8220; column_padding_tablet=&#8220;inherit&#8220; column_padding_phone=&#8220;inherit&#8220; column_padding_position=&#8220;all&#8220; column_element_direction_desktop=&#8220;default&#8220; column_element_spacing=&#8220;default&#8220; desktop_text_alignment=&#8220;default&#8220; tablet_text_alignment=&#8220;default&#8220; phone_text_alignment=&#8220;default&#8220; background_color_opacity=&#8220;1&#8243; background_hover_color_opacity=&#8220;1&#8243; background_image=&#8220;6488&#8243; background_image_position=&#8220;right center&#8220; background_image_stacking=&#8220;default&#8220; enable_bg_scale=&#8220;true&#8220; background_image_loading=&#8220;default&#8220; column_backdrop_filter=&#8220;none&#8220; column_shadow=&#8220;none&#8220; column_border_radius=&#8220;none&#8220; column_link_target=&#8220;_self&#8220; column_position=&#8220;default&#8220; gradient_direction=&#8220;left_to_right&#8220; overlay_strength=&#8220;0.3&#8243; width=&#8220;1\/2&#8243; tablet_width_inherit=&#8220;default&#8220; animation_type=&#8220;default&#8220; bg_image_animation=&#8220;none&#8220; border_type=&#8220;simple&#8220; column_border_width=&#8220;none&#8220; column_border_style=&#8220;solid&#8220; column_padding_type=&#8220;default&#8220; gradient_type=&#8220;default&#8220;][\/vc_column][\/vc_row][vc_row type=&#8220;full_width_content&#8220; full_screen_row_position=&#8220;middle&#8220; column_margin=&#8220;default&#8220; equal_height=&#8220;yes&#8220; column_direction=&#8220;default&#8220; column_direction_tablet=&#8220;default&#8220; column_direction_phone=&#8220;default&#8220; bg_color=&#8220;#f9f2e8&#8243; scene_position=&#8220;center&#8220; top_padding=&#8220;0&#8243; bottom_padding=&#8220;0&#8243; top_margin=&#8220;0&#8243; bottom_margin=&#8220;0&#8243; text_color=&#8220;dark&#8220; text_align=&#8220;left&#8220; row_border_radius=&#8220;none&#8220; row_border_radius_applies=&#8220;bg&#8220; overflow=&#8220;visible&#8220; overlay_strength=&#8220;0.3&#8243; gradient_direction=&#8220;left_to_right&#8220; shape_divider_position=&#8220;bottom&#8220; bg_image_animation=&#8220;none&#8220; gradient_type=&#8220;default&#8220; shape_type=&#8220;&#8220;][vc_column column_padding=&#8220;no-extra-padding&#8220; column_padding_tablet=&#8220;inherit&#8220; column_padding_phone=&#8220;inherit&#8220; column_padding_position=&#8220;all&#8220; column_element_direction_desktop=&#8220;default&#8220; column_element_spacing=&#8220;default&#8220; desktop_text_alignment=&#8220;default&#8220; tablet_text_alignment=&#8220;default&#8220; phone_text_alignment=&#8220;default&#8220; background_color_opacity=&#8220;1&#8243; background_hover_color_opacity=&#8220;1&#8243; background_image=&#8220;6369&#8243; background_image_position=&#8220;center center&#8220; background_image_stacking=&#8220;default&#8220; background_image_loading=&#8220;default&#8220; column_backdrop_filter=&#8220;none&#8220; column_shadow=&#8220;none&#8220; column_border_radius=&#8220;none&#8220; column_link_target=&#8220;_self&#8220; column_position=&#8220;default&#8220; gradient_direction=&#8220;left_to_right&#8220; overlay_strength=&#8220;0.3&#8243; width=&#8220;1\/4&#8243; tablet_width_inherit=&#8220;default&#8220; animation_type=&#8220;default&#8220; bg_image_animation=&#8220;none&#8220; border_type=&#8220;simple&#8220; column_border_width=&#8220;none&#8220; column_border_style=&#8220;solid&#8220; column_padding_type=&#8220;default&#8220; gradient_type=&#8220;default&#8220;][\/vc_column][vc_column column_padding=&#8220;padding-5-percent&#8220; column_padding_tablet=&#8220;inherit&#8220; column_padding_phone=&#8220;inherit&#8220; column_padding_position=&#8220;all&#8220; column_element_direction_desktop=&#8220;default&#8220; column_element_spacing=&#8220;default&#8220; desktop_text_alignment=&#8220;default&#8220; tablet_text_alignment=&#8220;default&#8220; phone_text_alignment=&#8220;default&#8220; background_color_opacity=&#8220;1&#8243; background_hover_color_opacity=&#8220;1&#8243; column_backdrop_filter=&#8220;none&#8220; column_shadow=&#8220;none&#8220; column_border_radius=&#8220;none&#8220; column_link_target=&#8220;_self&#8220; column_position=&#8220;default&#8220; gradient_direction=&#8220;left_to_right&#8220; overlay_strength=&#8220;0.3&#8243; width=&#8220;1\/4&#8243; tablet_width_inherit=&#8220;default&#8220; animation_type=&#8220;default&#8220; bg_image_animation=&#8220;none&#8220; border_type=&#8220;simple&#8220; column_border_width=&#8220;none&#8220; column_border_style=&#8220;solid&#8220; column_padding_type=&#8220;default&#8220; gradient_type=&#8220;default&#8220;][vc_custom_heading text=&#8220;Getrocknete Feigen extra Kategorie&#8220; font_container=&#8220;tag:h5|text_align:left|color:%23ad7b1d&#8220; use_theme_fonts=&#8220;yes&#8220; css=&#8220;.vc_custom_1695813182587{margin-bottom: 0px !important;}&#8220;][divider line_type=&#8220;No Line&#8220; custom_height=&#8220;7&#8243;][vc_custom_heading text=&#8220;Marcofrut&#8220; font_container=&#8220;tag:h2|font_size:29|text_align:left|color:%231c4e2a&#8220; use_theme_fonts=&#8220;yes&#8220;][divider line_type=&#8220;No Line&#8220; custom_height=&#8220;7&#8243;][vc_column_text]Getrocknete Feigen mit Reismehl der Sorte Cuello Dama, einer typischen Sorte aus dem geografischen Gebiet zwischen dem Tajo-Tal und dem Jerte-Tal, die sich durch ihre d\u00fcnne Schale, ihre helle Farbe und ihr s\u00fc\u00dfes Fruchtfleisch auszeichnet<strong>.<\/strong><strong>Erh\u00e4ltlich in einem 500g-Beutel.<\/strong>[\/vc_column_text][\/vc_column][vc_column column_padding=&#8220;no-extra-padding&#8220; column_padding_tablet=&#8220;inherit&#8220; column_padding_phone=&#8220;inherit&#8220; column_padding_position=&#8220;all&#8220; column_element_direction_desktop=&#8220;default&#8220; column_element_spacing=&#8220;default&#8220; desktop_text_alignment=&#8220;default&#8220; tablet_text_alignment=&#8220;default&#8220; phone_text_alignment=&#8220;default&#8220; background_color_opacity=&#8220;1&#8243; background_hover_color_opacity=&#8220;1&#8243; background_image=&#8220;6368&#8243; background_image_position=&#8220;center center&#8220; background_image_stacking=&#8220;default&#8220; background_image_loading=&#8220;default&#8220; column_backdrop_filter=&#8220;none&#8220; column_shadow=&#8220;none&#8220; column_border_radius=&#8220;none&#8220; column_link_target=&#8220;_self&#8220; column_position=&#8220;default&#8220; gradient_direction=&#8220;left_to_right&#8220; overlay_strength=&#8220;0.3&#8243; width=&#8220;1\/4&#8243; tablet_width_inherit=&#8220;default&#8220; animation_type=&#8220;default&#8220; bg_image_animation=&#8220;none&#8220; border_type=&#8220;simple&#8220; column_border_width=&#8220;none&#8220; column_border_style=&#8220;solid&#8220; column_padding_type=&#8220;default&#8220; gradient_type=&#8220;default&#8220;][\/vc_column][vc_column column_padding=&#8220;padding-5-percent&#8220; column_padding_tablet=&#8220;inherit&#8220; column_padding_phone=&#8220;inherit&#8220; column_padding_position=&#8220;all&#8220; column_element_direction_desktop=&#8220;default&#8220; column_element_spacing=&#8220;default&#8220; desktop_text_alignment=&#8220;default&#8220; tablet_text_alignment=&#8220;default&#8220; phone_text_alignment=&#8220;default&#8220; background_color_opacity=&#8220;1&#8243; background_hover_color_opacity=&#8220;1&#8243; column_backdrop_filter=&#8220;none&#8220; column_shadow=&#8220;none&#8220; column_border_radius=&#8220;none&#8220; column_link_target=&#8220;_self&#8220; column_position=&#8220;default&#8220; gradient_direction=&#8220;left_to_right&#8220; overlay_strength=&#8220;0.3&#8243; width=&#8220;1\/4&#8243; tablet_width_inherit=&#8220;default&#8220; animation_type=&#8220;default&#8220; bg_image_animation=&#8220;none&#8220; border_type=&#8220;simple&#8220; column_border_width=&#8220;none&#8220; column_border_style=&#8220;solid&#8220; column_padding_type=&#8220;default&#8220; gradient_type=&#8220;default&#8220;][vc_custom_heading text=&#8220;Getrocknete Bio-Feigen&#8220; font_container=&#8220;tag:h5|text_align:left|color:%23ad7b1d&#8220; use_theme_fonts=&#8220;yes&#8220; css=&#8220;.vc_custom_1695813232239{margin-bottom: 0px !important;}&#8220;][divider line_type=&#8220;No Line&#8220; custom_height=&#8220;7&#8243;][vc_custom_heading text=&#8220;Marcofrut Bio&#8220; font_container=&#8220;tag:h2|font_size:29|text_align:left|color:%231c4e2a&#8220; use_theme_fonts=&#8220;yes&#8220;][divider line_type=&#8220;No Line&#8220; custom_height=&#8220;7&#8243;][vc_column_text]Getrocknete Bio-Feigen mit Bio-Reismehl der Sorte Cuello Dama, einer typischen Sorte aus dem geografischen Gebiet zwischen dem Tajo-Tal und dem Jerte-Tal, die sich durch ihre d\u00fcnne Schale, ihre helle Farbe und ihr s\u00fc\u00dfes Fruchtfleisch auszeichnet<strong>.<\/strong><strong>Erh\u00e4ltlich in einem 250g-Beutel.<\/strong>[\/vc_column_text][\/vc_column][\/vc_row][vc_row type=&#8220;in_container&#8220; full_screen_row_position=&#8220;middle&#8220; column_margin=&#8220;default&#8220; column_direction=&#8220;default&#8220; column_direction_tablet=&#8220;default&#8220; column_direction_phone=&#8220;default&#8220; scene_position=&#8220;center&#8220; top_padding=&#8220;5%&#8220; bottom_padding=&#8220;0&#8243; text_color=&#8220;dark&#8220; text_align=&#8220;left&#8220; row_border_radius=&#8220;none&#8220; row_border_radius_applies=&#8220;bg&#8220; overflow=&#8220;visible&#8220; overlay_strength=&#8220;0.3&#8243; gradient_direction=&#8220;left_to_right&#8220; shape_divider_position=&#8220;bottom&#8220; bg_image_animation=&#8220;none&#8220; gradient_type=&#8220;default&#8220; shape_type=&#8220;&#8220;][vc_column column_padding=&#8220;padding-7-percent&#8220; column_padding_tablet=&#8220;inherit&#8220; column_padding_phone=&#8220;inherit&#8220; column_padding_position=&#8220;left-right&#8220; column_element_direction_desktop=&#8220;default&#8220; column_element_spacing=&#8220;default&#8220; desktop_text_alignment=&#8220;default&#8220; tablet_text_alignment=&#8220;default&#8220; phone_text_alignment=&#8220;default&#8220; background_color_opacity=&#8220;1&#8243; background_hover_color_opacity=&#8220;1&#8243; column_backdrop_filter=&#8220;none&#8220; column_shadow=&#8220;none&#8220; column_border_radius=&#8220;none&#8220; column_link_target=&#8220;_self&#8220; column_position=&#8220;default&#8220; gradient_direction=&#8220;left_to_right&#8220; overlay_strength=&#8220;0.3&#8243; width=&#8220;1\/1&#8243; tablet_width_inherit=&#8220;default&#8220; animation_type=&#8220;default&#8220; bg_image_animation=&#8220;none&#8220; border_type=&#8220;simple&#8220; column_border_width=&#8220;none&#8220; column_border_style=&#8220;solid&#8220; column_padding_type=&#8220;default&#8220; gradient_type=&#8220;default&#8220;][vc_custom_heading text=&#8220;Bio getrocknete Feigen kaufen&#8220; font_container=&#8220;tag:h2|font_size:29|text_align:left|color:%231c4e2a&#8220; use_theme_fonts=&#8220;yes&#8220;][vc_column_text]<a href=\"https:\/\/bodegascolado.com\/categoria-producto\/tienda-productos-montearagon\/higos-secos-cuello-de-dama\/\">Alle Produkte mit getrockneten Feigen anzeigen<\/a>[\/vc_column_text][divider line_type=&#8220;No Line&#8220; custom_height=&#8220;7&#8243;][nectar_woo_products product_type=&#8220;all&#8220; category=&#8220;higos-secos-cuello-de-dama&#8220; columns=&#8220;4&#8243; flickity_mobile_column_width=&#8220;100%&#8220; orderby=&#8220;date&#8220; order=&#8220;DESC&#8220; carousel_script=&#8220;flickity&#8220; per_page=&#8220;8&#8243;][\/vc_column][\/vc_row]\n","protected":false},"excerpt":{"rendered":"<p>[vc_row type=&#8220;full_width_content&#8220; full_screen_row_position=&#8220;middle&#8220; column_margin=&#8220;default&#8220; equal_height=&#8220;yes&#8220; content_placement=&#8220;middle&#8220; column_direction=&#8220;default&#8220; column_direction_tablet=&#8220;default&#8220; column_direction_phone=&#8220;default&#8220; bg_color=&#8220;#ffffff&#8220; scene_position=&#8220;center&#8220; bottom_margin_phone=&#8220;7&#8243; text_color=&#8220;dark&#8220; text_align=&#8220;left&#8220; row_border_radius=&#8220;none&#8220; row_border_radius_applies=&#8220;bg&#8220; overflow=&#8220;visible&#8220; overlay_strength=&#8220;0.3&#8243; gradient_direction=&#8220;left_to_right&#8220; shape_divider_position=&#8220;bottom&#8220; bg_image_animation=&#8220;none&#8220; gradient_type=&#8220;default&#8220; shape_type=&#8220;&#8220;][vc_column column_padding=&#8220;padding-10-percent&#8220; column_padding_tablet=&#8220;inherit&#8220; column_padding_phone=&#8220;inherit&#8220; column_padding_position=&#8220;all&#8220; column_element_direction_desktop=&#8220;default&#8220; column_element_spacing=&#8220;default&#8220; desktop_text_alignment=&#8220;default&#8220;&#8230;<\/p>\n","protected":false},"author":1,"featured_media":6729,"parent":0,"menu_order":0,"comment_status":"closed","ping_status":"closed","template":"","meta":{"footnotes":""},"class_list":["post-6838","page","type-page","status-publish","has-post-thumbnail"],"yoast_head":"<!-- This site is optimized with the Yoast SEO plugin v27.3 - https:\/\/yoast.com\/product\/yoast-seo-wordpress\/ -->\n<title>Kaufen Sie getrocknete Bio-Feigen, Sorte Cuello de Dama<\/title>\n<meta name=\"description\" content=\"Kaufen Sie getrocknete Bio-Feigen, Sorte Cuello de Dama in Toledo, Auswahl an getrockneten Bio-Feigen in Montearag\u00f3n.\" \/>\n<meta name=\"robots\" content=\"index, follow, max-snippet:-1, max-image-preview:large, max-video-preview:-1\" \/>\n<link rel=\"canonical\" href=\"https:\/\/bodegascolado.com\/de\/getrocknete-feigen-ladys-neck\/\" \/>\n<meta property=\"og:locale\" content=\"de_DE\" \/>\n<meta property=\"og:type\" content=\"article\" \/>\n<meta property=\"og:title\" content=\"Kaufen Sie getrocknete Bio-Feigen, Sorte Cuello de Dama\" \/>\n<meta property=\"og:description\" content=\"Kaufen Sie getrocknete Bio-Feigen, Sorte Cuello de Dama in Toledo, Auswahl an getrockneten Bio-Feigen in Montearag\u00f3n.\" \/>\n<meta property=\"og:url\" content=\"https:\/\/bodegascolado.com\/de\/getrocknete-feigen-ladys-neck\/\" \/>\n<meta property=\"og:site_name\" content=\"Bodegas Colado\" \/>\n<meta property=\"article:modified_time\" content=\"2024-10-14T11:38:28+00:00\" \/>\n<meta property=\"og:image\" content=\"https:\/\/bodegascolado.com\/wp-content\/uploads\/2023\/09\/comprar-higos-secos-cuello-de-dama-bodegas-en-toledo.jpg\" \/>\n\t<meta property=\"og:image:width\" content=\"900\" \/>\n\t<meta property=\"og:image:height\" content=\"900\" \/>\n\t<meta property=\"og:image:type\" content=\"image\/jpeg\" \/>\n<meta name=\"twitter:card\" content=\"summary_large_image\" \/>\n<meta name=\"twitter:label1\" content=\"Gesch\u00e4tzte Lesezeit\" \/>\n\t<meta name=\"twitter:data1\" content=\"8\u00a0Minuten\" \/>\n<script type=\"application\/ld+json\" class=\"yoast-schema-graph\">{\"@context\":\"https:\\\/\\\/schema.org\",\"@graph\":[{\"@type\":\"WebPage\",\"@id\":\"https:\\\/\\\/bodegascolado.com\\\/de\\\/getrocknete-feigen-ladys-neck\\\/\",\"url\":\"https:\\\/\\\/bodegascolado.com\\\/de\\\/getrocknete-feigen-ladys-neck\\\/\",\"name\":\"Kaufen Sie getrocknete Bio-Feigen, Sorte Cuello de Dama\",\"isPartOf\":{\"@id\":\"https:\\\/\\\/bodegascolado.com\\\/de\\\/#website\"},\"primaryImageOfPage\":{\"@id\":\"https:\\\/\\\/bodegascolado.com\\\/de\\\/getrocknete-feigen-ladys-neck\\\/#primaryimage\"},\"image\":{\"@id\":\"https:\\\/\\\/bodegascolado.com\\\/de\\\/getrocknete-feigen-ladys-neck\\\/#primaryimage\"},\"thumbnailUrl\":\"https:\\\/\\\/bodegascolado.com\\\/wp-content\\\/uploads\\\/2023\\\/09\\\/comprar-higos-secos-cuello-de-dama-bodegas-en-toledo.jpg\",\"datePublished\":\"2023-09-25T14:23:58+00:00\",\"dateModified\":\"2024-10-14T11:38:28+00:00\",\"description\":\"Kaufen Sie getrocknete Bio-Feigen, Sorte Cuello de Dama in Toledo, Auswahl an getrockneten Bio-Feigen in Montearag\u00f3n.\",\"breadcrumb\":{\"@id\":\"https:\\\/\\\/bodegascolado.com\\\/de\\\/getrocknete-feigen-ladys-neck\\\/#breadcrumb\"},\"inLanguage\":\"de\",\"potentialAction\":[{\"@type\":\"ReadAction\",\"target\":[\"https:\\\/\\\/bodegascolado.com\\\/de\\\/getrocknete-feigen-ladys-neck\\\/\"]}]},{\"@type\":\"ImageObject\",\"inLanguage\":\"de\",\"@id\":\"https:\\\/\\\/bodegascolado.com\\\/de\\\/getrocknete-feigen-ladys-neck\\\/#primaryimage\",\"url\":\"https:\\\/\\\/bodegascolado.com\\\/wp-content\\\/uploads\\\/2023\\\/09\\\/comprar-higos-secos-cuello-de-dama-bodegas-en-toledo.jpg\",\"contentUrl\":\"https:\\\/\\\/bodegascolado.com\\\/wp-content\\\/uploads\\\/2023\\\/09\\\/comprar-higos-secos-cuello-de-dama-bodegas-en-toledo.jpg\",\"width\":900,\"height\":900,\"caption\":\"comprar higos secos cuello de dama bodegas en toledo\"},{\"@type\":\"BreadcrumbList\",\"@id\":\"https:\\\/\\\/bodegascolado.com\\\/de\\\/getrocknete-feigen-ladys-neck\\\/#breadcrumb\",\"itemListElement\":[{\"@type\":\"ListItem\",\"position\":1,\"name\":\"Portada\",\"item\":\"https:\\\/\\\/bodegascolado.com\\\/de\\\/\"},{\"@type\":\"ListItem\",\"position\":2,\"name\":\"Getrocknete Bio-Feigen\"}]},{\"@type\":\"WebSite\",\"@id\":\"https:\\\/\\\/bodegascolado.com\\\/de\\\/#website\",\"url\":\"https:\\\/\\\/bodegascolado.com\\\/de\\\/\",\"name\":\"Bodegas Colado\",\"description\":\"Aceite de oliva virgen extra ecol\u00f3gico de Montearag\u00f3n, en Bodegas Colado. Higos secos cuello dama, Marcofrut, en Montearag\u00f3n\",\"potentialAction\":[{\"@type\":\"SearchAction\",\"target\":{\"@type\":\"EntryPoint\",\"urlTemplate\":\"https:\\\/\\\/bodegascolado.com\\\/de\\\/?s={search_term_string}\"},\"query-input\":{\"@type\":\"PropertyValueSpecification\",\"valueRequired\":true,\"valueName\":\"search_term_string\"}}],\"inLanguage\":\"de\"}]}<\/script>\n<!-- \/ Yoast SEO plugin. -->","yoast_head_json":{"title":"Kaufen Sie getrocknete Bio-Feigen, Sorte Cuello de Dama","description":"Kaufen Sie getrocknete Bio-Feigen, Sorte Cuello de Dama in Toledo, Auswahl an getrockneten Bio-Feigen in Montearag\u00f3n.","robots":{"index":"index","follow":"follow","max-snippet":"max-snippet:-1","max-image-preview":"max-image-preview:large","max-video-preview":"max-video-preview:-1"},"canonical":"https:\/\/bodegascolado.com\/de\/getrocknete-feigen-ladys-neck\/","og_locale":"de_DE","og_type":"article","og_title":"Kaufen Sie getrocknete Bio-Feigen, Sorte Cuello de Dama","og_description":"Kaufen Sie getrocknete Bio-Feigen, Sorte Cuello de Dama in Toledo, Auswahl an getrockneten Bio-Feigen in Montearag\u00f3n.","og_url":"https:\/\/bodegascolado.com\/de\/getrocknete-feigen-ladys-neck\/","og_site_name":"Bodegas Colado","article_modified_time":"2024-10-14T11:38:28+00:00","og_image":[{"width":900,"height":900,"url":"https:\/\/bodegascolado.com\/wp-content\/uploads\/2023\/09\/comprar-higos-secos-cuello-de-dama-bodegas-en-toledo.jpg","type":"image\/jpeg"}],"twitter_card":"summary_large_image","twitter_misc":{"Gesch\u00e4tzte Lesezeit":"8\u00a0Minuten"},"schema":{"@context":"https:\/\/schema.org","@graph":[{"@type":"WebPage","@id":"https:\/\/bodegascolado.com\/de\/getrocknete-feigen-ladys-neck\/","url":"https:\/\/bodegascolado.com\/de\/getrocknete-feigen-ladys-neck\/","name":"Kaufen Sie getrocknete Bio-Feigen, Sorte Cuello de Dama","isPartOf":{"@id":"https:\/\/bodegascolado.com\/de\/#website"},"primaryImageOfPage":{"@id":"https:\/\/bodegascolado.com\/de\/getrocknete-feigen-ladys-neck\/#primaryimage"},"image":{"@id":"https:\/\/bodegascolado.com\/de\/getrocknete-feigen-ladys-neck\/#primaryimage"},"thumbnailUrl":"https:\/\/bodegascolado.com\/wp-content\/uploads\/2023\/09\/comprar-higos-secos-cuello-de-dama-bodegas-en-toledo.jpg","datePublished":"2023-09-25T14:23:58+00:00","dateModified":"2024-10-14T11:38:28+00:00","description":"Kaufen Sie getrocknete Bio-Feigen, Sorte Cuello de Dama in Toledo, Auswahl an getrockneten Bio-Feigen in Montearag\u00f3n.","breadcrumb":{"@id":"https:\/\/bodegascolado.com\/de\/getrocknete-feigen-ladys-neck\/#breadcrumb"},"inLanguage":"de","potentialAction":[{"@type":"ReadAction","target":["https:\/\/bodegascolado.com\/de\/getrocknete-feigen-ladys-neck\/"]}]},{"@type":"ImageObject","inLanguage":"de","@id":"https:\/\/bodegascolado.com\/de\/getrocknete-feigen-ladys-neck\/#primaryimage","url":"https:\/\/bodegascolado.com\/wp-content\/uploads\/2023\/09\/comprar-higos-secos-cuello-de-dama-bodegas-en-toledo.jpg","contentUrl":"https:\/\/bodegascolado.com\/wp-content\/uploads\/2023\/09\/comprar-higos-secos-cuello-de-dama-bodegas-en-toledo.jpg","width":900,"height":900,"caption":"comprar higos secos cuello de dama bodegas en toledo"},{"@type":"BreadcrumbList","@id":"https:\/\/bodegascolado.com\/de\/getrocknete-feigen-ladys-neck\/#breadcrumb","itemListElement":[{"@type":"ListItem","position":1,"name":"Portada","item":"https:\/\/bodegascolado.com\/de\/"},{"@type":"ListItem","position":2,"name":"Getrocknete Bio-Feigen"}]},{"@type":"WebSite","@id":"https:\/\/bodegascolado.com\/de\/#website","url":"https:\/\/bodegascolado.com\/de\/","name":"Bodegas Colado","description":"Aceite de oliva virgen extra ecol\u00f3gico de Montearag\u00f3n, en Bodegas Colado. Higos secos cuello dama, Marcofrut, en Montearag\u00f3n","potentialAction":[{"@type":"SearchAction","target":{"@type":"EntryPoint","urlTemplate":"https:\/\/bodegascolado.com\/de\/?s={search_term_string}"},"query-input":{"@type":"PropertyValueSpecification","valueRequired":true,"valueName":"search_term_string"}}],"inLanguage":"de"}]}},"_links":{"self":[{"href":"https:\/\/bodegascolado.com\/de\/wp-json\/wp\/v2\/pages\/6838","targetHints":{"allow":["GET"]}}],"collection":[{"href":"https:\/\/bodegascolado.com\/de\/wp-json\/wp\/v2\/pages"}],"about":[{"href":"https:\/\/bodegascolado.com\/de\/wp-json\/wp\/v2\/types\/page"}],"author":[{"embeddable":true,"href":"https:\/\/bodegascolado.com\/de\/wp-json\/wp\/v2\/users\/1"}],"replies":[{"embeddable":true,"href":"https:\/\/bodegascolado.com\/de\/wp-json\/wp\/v2\/comments?post=6838"}],"version-history":[{"count":15,"href":"https:\/\/bodegascolado.com\/de\/wp-json\/wp\/v2\/pages\/6838\/revisions"}],"predecessor-version":[{"id":7325,"href":"https:\/\/bodegascolado.com\/de\/wp-json\/wp\/v2\/pages\/6838\/revisions\/7325"}],"wp:featuredmedia":[{"embeddable":true,"href":"https:\/\/bodegascolado.com\/de\/wp-json\/wp\/v2\/media\/6729"}],"wp:attachment":[{"href":"https:\/\/bodegascolado.com\/de\/wp-json\/wp\/v2\/media?parent=6838"}],"curies":[{"name":"wp","href":"https:\/\/api.w.org\/{rel}","templated":true}]}}