{"id":6814,"date":"2023-06-22T12:11:20","date_gmt":"2023-06-22T12:11:20","guid":{"rendered":"https:\/\/bodegascolado.com\/verkaufsbedingungen\/"},"modified":"2023-10-14T20:03:22","modified_gmt":"2023-10-14T20:03:22","slug":"verkaufsbedingungen","status":"publish","type":"page","link":"https:\/\/bodegascolado.com\/de\/verkaufsbedingungen\/","title":{"rendered":"Verkaufsbedingungen"},"content":{"rendered":"[vc_row type=&#8220;in_container&#8220; full_screen_row_position=&#8220;middle&#8220; column_margin=&#8220;default&#8220; column_direction=&#8220;default&#8220; column_direction_tablet=&#8220;default&#8220; column_direction_phone=&#8220;default&#8220; scene_position=&#8220;center&#8220; text_color=&#8220;dark&#8220; text_align=&#8220;left&#8220; row_border_radius=&#8220;none&#8220; row_border_radius_applies=&#8220;bg&#8220; overflow=&#8220;visible&#8220; overlay_strength=&#8220;0.3&#8243; gradient_direction=&#8220;left_to_right&#8220; shape_divider_position=&#8220;bottom&#8220; bg_image_animation=&#8220;none&#8220;][vc_column column_padding=&#8220;padding-10-percent&#8220; column_padding_tablet=&#8220;padding-6-percent&#8220; column_padding_phone=&#8220;padding-2-percent&#8220; column_padding_position=&#8220;left-right&#8220; column_element_direction_desktop=&#8220;default&#8220; column_element_spacing=&#8220;default&#8220; desktop_text_alignment=&#8220;default&#8220; tablet_text_alignment=&#8220;default&#8220; phone_text_alignment=&#8220;default&#8220; background_color_opacity=&#8220;1&#8243; background_hover_color_opacity=&#8220;1&#8243; column_backdrop_filter=&#8220;none&#8220; column_shadow=&#8220;none&#8220; column_border_radius=&#8220;none&#8220; column_link_target=&#8220;_self&#8220; column_position=&#8220;default&#8220; gradient_direction=&#8220;left_to_right&#8220; overlay_strength=&#8220;0.3&#8243; width=&#8220;1\/1&#8243; tablet_width_inherit=&#8220;default&#8220; animation_type=&#8220;default&#8220; bg_image_animation=&#8220;none&#8220; border_type=&#8220;simple&#8220; column_border_width=&#8220;none&#8220; column_border_style=&#8220;solid&#8220; column_padding_type=&#8220;default&#8220; gradient_type=&#8220;default&#8220;][vc_column_text]<strong><span style=\"color: #1c4e2a;\">LIEFERZEIT<\/span><\/strong><br \/>\nSobald die Zahlung erfolgt ist, wird die Bestellung innerhalb von 48 bis 72 Stunden geliefert.<\/p>\n<p><strong><span style=\"color: #1c4e2a;\">ART DER ZAHLUNG<\/span><\/strong><br \/>\nDie Bezahlung erfolgt per Kreditkarte oder Bizum.<\/p>\n<p><strong><span style=\"color: #1c4e2a;\">KOSTEN F\u00dcR DEN VERSAND<\/span><\/strong><br \/>\nWir liefern nach Spanien und Portugal. Die Versandkosten betragen 8 Euro f\u00fcr alle Produkte, au\u00dfer f\u00fcr Oliven\u00f6lprodukte in 5-Liter-Karaffen, die 12,50 Euro kosten.<\/p>\n<p><strong><span style=\"color: #1c4e2a;\">R\u00dcCKGABE UND UMTAUSCH<\/span><\/strong><br \/>\nBei Online-Verk\u00e4ufen haben Sie 7 Tage Zeit f\u00fcr einen Umtausch mit dem Originalbeleg und der Originalverpackung. Bei diesen Verk\u00e4ufen k\u00f6nnen Sie Ihre Bestellung zur\u00fccksenden und gegen einen anderen Artikel oder einen Gutschein mit einem Verfallsdatum von 6 Monaten umtauschen oder den Verkauf innerhalb von 7 Tagen nach Erhalt des Produkts stornieren. Zu diesem Zweck k\u00f6nnen Sie die Produkte per Post oder per Spedition an die folgende Adresse schicken:<\/p>\n<p><span style=\"color: #1c4e2a;\">MONTEARAGUE\u00d1A DE TRANSFORMACIONES, S.L.<\/span><br \/>\nPaseo de la Estaci\u00f3n, 5 &#8211; 45685<br \/>\nMontearag\u00f3n &#8211; Toledo &#8211; Spanien<br \/>\nKontakt: +34 925 865 038 , E-Mail: info@bodegascolado.com<\/p>\n<p>Wir erinnern Sie daran, dass die Versandkosten f\u00fcr die Produkte, die Sie umtauschen m\u00f6chten, zu Ihren Lasten gehen und dass BODEGAS COLADO in keinem Fall unfrei versandte R\u00fccksendungen akzeptiert. Nach Erhalt der R\u00fccksendung erfolgt die entsprechende Gutschrift mit der gleichen Zahlungsmethode, die beim Kauf verwendet wurde, oder durch die Lieferung eines Tickets zum Kauf anderer Produkte.<\/p>\n<p><strong><span style=\"color: #1c4e2a;\">R\u00dcCKTRITTSRECHT<\/span><\/strong><br \/>\nGem\u00e4\u00df den Vorschriften f\u00fcr den Fernabsatz haben Kunden in der Europ\u00e4ischen Union eine Frist von 7 Werktagen (gerechnet ab dem Datum des Erhalts), um ihr Widerrufsrecht f\u00fcr ihre Bestellung bei BODEGAS COLADO auszu\u00fcben.<\/p>\n<p>In diesem Fall erstattet BODEGAS COLADO Ihnen den vollen Betrag Ihrer Bestellung, aber Sie m\u00fcssen die komplette Bestellung an uns zur\u00fccksenden.<\/p>\n<p>Die Bestellung muss innerhalb von 7 Werktagen nach Erhalt per Post oder per Transport auf Kosten des Kunden an das Lager von BODEGAS COLADO zur\u00fcckgeschickt werden:<\/p>\n<p><span style=\"color: #1c4e2a;\">MONTEARAGUE\u00d1A DE TRANSFORMACIONES, S.L.<\/span><br \/>\nPaseo de la Estaci\u00f3n, 5 &#8211; 45685 Montearag\u00f3n &#8211; Toledo &#8211; Spanien<br \/>\nKontakt: +34 925 865 038 , E-Mail: info@bodegascolado.com<\/p>\n<p><strong><span style=\"color: #1c4e2a;\">BITTE DENKEN SIE DARAN:<\/span> <\/strong>Alle Artikel m\u00fcssen im Originalzustand sein und werden bei Erhalt gepr\u00fcft.[\/vc_column_text][\/vc_column][\/vc_row]\n","protected":false},"excerpt":{"rendered":"<p>[vc_row type=&#8220;in_container&#8220; full_screen_row_position=&#8220;middle&#8220; column_margin=&#8220;default&#8220; column_direction=&#8220;default&#8220; column_direction_tablet=&#8220;default&#8220; column_direction_phone=&#8220;default&#8220; scene_position=&#8220;center&#8220; text_color=&#8220;dark&#8220; text_align=&#8220;left&#8220; row_border_radius=&#8220;none&#8220; row_border_radius_applies=&#8220;bg&#8220; overflow=&#8220;visible&#8220; overlay_strength=&#8220;0.3&#8243; gradient_direction=&#8220;left_to_right&#8220; shape_divider_position=&#8220;bottom&#8220; bg_image_animation=&#8220;none&#8220;][vc_column column_padding=&#8220;padding-10-percent&#8220; column_padding_tablet=&#8220;padding-6-percent&#8220; column_padding_phone=&#8220;padding-2-percent&#8220; column_padding_position=&#8220;left-right&#8220; column_element_direction_desktop=&#8220;default&#8220; column_element_spacing=&#8220;default&#8220; desktop_text_alignment=&#8220;default&#8220; tablet_text_alignment=&#8220;default&#8220; phone_text_alignment=&#8220;default&#8220; background_color_opacity=&#8220;1&#8243; background_hover_color_opacity=&#8220;1&#8243; column_backdrop_filter=&#8220;none&#8220; column_shadow=&#8220;none&#8220;&#8230;<\/p>\n","protected":false},"author":1,"featured_media":0,"parent":0,"menu_order":0,"comment_status":"closed","ping_status":"closed","template":"","meta":{"footnotes":""},"class_list":["post-6814","page","type-page","status-publish"],"yoast_head":"<!-- This site is optimized with the Yoast SEO plugin v27.3 - https:\/\/yoast.com\/product\/yoast-seo-wordpress\/ -->\n<title>Verkaufsbedingungen<\/title>\n<meta name=\"description\" content=\"Verkaufsbedingungen\" \/>\n<meta name=\"robots\" content=\"noindex, nofollow\" \/>\n<meta property=\"og:locale\" content=\"de_DE\" \/>\n<meta property=\"og:type\" content=\"article\" \/>\n<meta property=\"og:title\" content=\"Verkaufsbedingungen\" \/>\n<meta property=\"og:description\" content=\"Verkaufsbedingungen\" \/>\n<meta property=\"og:url\" content=\"https:\/\/bodegascolado.com\/de\/verkaufsbedingungen\/\" \/>\n<meta property=\"og:site_name\" content=\"Bodegas Colado\" \/>\n<meta property=\"article:modified_time\" content=\"2023-10-14T20:03:22+00:00\" \/>\n<meta name=\"twitter:card\" content=\"summary_large_image\" \/>\n<meta name=\"twitter:label1\" content=\"Gesch\u00e4tzte Lesezeit\" \/>\n\t<meta name=\"twitter:data1\" content=\"3\u00a0Minuten\" \/>\n<script type=\"application\/ld+json\" class=\"yoast-schema-graph\">{\"@context\":\"https:\\\/\\\/schema.org\",\"@graph\":[{\"@type\":\"WebPage\",\"@id\":\"https:\\\/\\\/bodegascolado.com\\\/de\\\/verkaufsbedingungen\\\/\",\"url\":\"https:\\\/\\\/bodegascolado.com\\\/de\\\/verkaufsbedingungen\\\/\",\"name\":\"Verkaufsbedingungen\",\"isPartOf\":{\"@id\":\"https:\\\/\\\/bodegascolado.com\\\/de\\\/#website\"},\"datePublished\":\"2023-06-22T12:11:20+00:00\",\"dateModified\":\"2023-10-14T20:03:22+00:00\",\"description\":\"Verkaufsbedingungen\",\"breadcrumb\":{\"@id\":\"https:\\\/\\\/bodegascolado.com\\\/de\\\/verkaufsbedingungen\\\/#breadcrumb\"},\"inLanguage\":\"de\",\"potentialAction\":[{\"@type\":\"ReadAction\",\"target\":[\"https:\\\/\\\/bodegascolado.com\\\/de\\\/verkaufsbedingungen\\\/\"]}]},{\"@type\":\"BreadcrumbList\",\"@id\":\"https:\\\/\\\/bodegascolado.com\\\/de\\\/verkaufsbedingungen\\\/#breadcrumb\",\"itemListElement\":[{\"@type\":\"ListItem\",\"position\":1,\"name\":\"Portada\",\"item\":\"https:\\\/\\\/bodegascolado.com\\\/de\\\/\"},{\"@type\":\"ListItem\",\"position\":2,\"name\":\"Verkaufsbedingungen\"}]},{\"@type\":\"WebSite\",\"@id\":\"https:\\\/\\\/bodegascolado.com\\\/de\\\/#website\",\"url\":\"https:\\\/\\\/bodegascolado.com\\\/de\\\/\",\"name\":\"Bodegas Colado\",\"description\":\"Aceite de oliva virgen extra ecol\u00f3gico de Montearag\u00f3n, en Bodegas Colado. Higos secos cuello dama, Marcofrut, en Montearag\u00f3n\",\"potentialAction\":[{\"@type\":\"SearchAction\",\"target\":{\"@type\":\"EntryPoint\",\"urlTemplate\":\"https:\\\/\\\/bodegascolado.com\\\/de\\\/?s={search_term_string}\"},\"query-input\":{\"@type\":\"PropertyValueSpecification\",\"valueRequired\":true,\"valueName\":\"search_term_string\"}}],\"inLanguage\":\"de\"}]}<\/script>\n<!-- \/ Yoast SEO plugin. -->","yoast_head_json":{"title":"Verkaufsbedingungen","description":"Verkaufsbedingungen","robots":{"index":"noindex","follow":"nofollow"},"og_locale":"de_DE","og_type":"article","og_title":"Verkaufsbedingungen","og_description":"Verkaufsbedingungen","og_url":"https:\/\/bodegascolado.com\/de\/verkaufsbedingungen\/","og_site_name":"Bodegas Colado","article_modified_time":"2023-10-14T20:03:22+00:00","twitter_card":"summary_large_image","twitter_misc":{"Gesch\u00e4tzte Lesezeit":"3\u00a0Minuten"},"schema":{"@context":"https:\/\/schema.org","@graph":[{"@type":"WebPage","@id":"https:\/\/bodegascolado.com\/de\/verkaufsbedingungen\/","url":"https:\/\/bodegascolado.com\/de\/verkaufsbedingungen\/","name":"Verkaufsbedingungen","isPartOf":{"@id":"https:\/\/bodegascolado.com\/de\/#website"},"datePublished":"2023-06-22T12:11:20+00:00","dateModified":"2023-10-14T20:03:22+00:00","description":"Verkaufsbedingungen","breadcrumb":{"@id":"https:\/\/bodegascolado.com\/de\/verkaufsbedingungen\/#breadcrumb"},"inLanguage":"de","potentialAction":[{"@type":"ReadAction","target":["https:\/\/bodegascolado.com\/de\/verkaufsbedingungen\/"]}]},{"@type":"BreadcrumbList","@id":"https:\/\/bodegascolado.com\/de\/verkaufsbedingungen\/#breadcrumb","itemListElement":[{"@type":"ListItem","position":1,"name":"Portada","item":"https:\/\/bodegascolado.com\/de\/"},{"@type":"ListItem","position":2,"name":"Verkaufsbedingungen"}]},{"@type":"WebSite","@id":"https:\/\/bodegascolado.com\/de\/#website","url":"https:\/\/bodegascolado.com\/de\/","name":"Bodegas Colado","description":"Aceite de oliva virgen extra ecol\u00f3gico de Montearag\u00f3n, en Bodegas Colado. Higos secos cuello dama, Marcofrut, en Montearag\u00f3n","potentialAction":[{"@type":"SearchAction","target":{"@type":"EntryPoint","urlTemplate":"https:\/\/bodegascolado.com\/de\/?s={search_term_string}"},"query-input":{"@type":"PropertyValueSpecification","valueRequired":true,"valueName":"search_term_string"}}],"inLanguage":"de"}]}},"_links":{"self":[{"href":"https:\/\/bodegascolado.com\/de\/wp-json\/wp\/v2\/pages\/6814","targetHints":{"allow":["GET"]}}],"collection":[{"href":"https:\/\/bodegascolado.com\/de\/wp-json\/wp\/v2\/pages"}],"about":[{"href":"https:\/\/bodegascolado.com\/de\/wp-json\/wp\/v2\/types\/page"}],"author":[{"embeddable":true,"href":"https:\/\/bodegascolado.com\/de\/wp-json\/wp\/v2\/users\/1"}],"replies":[{"embeddable":true,"href":"https:\/\/bodegascolado.com\/de\/wp-json\/wp\/v2\/comments?post=6814"}],"version-history":[{"count":6,"href":"https:\/\/bodegascolado.com\/de\/wp-json\/wp\/v2\/pages\/6814\/revisions"}],"predecessor-version":[{"id":6933,"href":"https:\/\/bodegascolado.com\/de\/wp-json\/wp\/v2\/pages\/6814\/revisions\/6933"}],"wp:attachment":[{"href":"https:\/\/bodegascolado.com\/de\/wp-json\/wp\/v2\/media?parent=6814"}],"curies":[{"name":"wp","href":"https:\/\/api.w.org\/{rel}","templated":true}]}}