{"id":6772,"date":"2023-06-22T11:47:03","date_gmt":"2023-06-22T11:47:03","guid":{"rendered":"https:\/\/bodegascolado.com\/rechtlicher-hinweis\/"},"modified":"2023-10-14T20:03:20","modified_gmt":"2023-10-14T20:03:20","slug":"rechtlicher-hinweis","status":"publish","type":"page","link":"https:\/\/bodegascolado.com\/de\/rechtlicher-hinweis\/","title":{"rendered":"Rechtlicher Hinweis"},"content":{"rendered":"[vc_row type=&#8220;in_container&#8220; full_screen_row_position=&#8220;middle&#8220; column_margin=&#8220;default&#8220; column_direction=&#8220;default&#8220; column_direction_tablet=&#8220;default&#8220; column_direction_phone=&#8220;default&#8220; scene_position=&#8220;center&#8220; text_color=&#8220;dark&#8220; text_align=&#8220;left&#8220; row_border_radius=&#8220;none&#8220; row_border_radius_applies=&#8220;bg&#8220; overflow=&#8220;visible&#8220; overlay_strength=&#8220;0.3&#8243; gradient_direction=&#8220;left_to_right&#8220; shape_divider_position=&#8220;bottom&#8220; bg_image_animation=&#8220;none&#8220;][vc_column column_padding=&#8220;padding-10-percent&#8220; column_padding_tablet=&#8220;padding-6-percent&#8220; column_padding_phone=&#8220;padding-2-percent&#8220; column_padding_position=&#8220;left-right&#8220; column_element_direction_desktop=&#8220;default&#8220; column_element_spacing=&#8220;default&#8220; desktop_text_alignment=&#8220;default&#8220; tablet_text_alignment=&#8220;default&#8220; phone_text_alignment=&#8220;default&#8220; background_color_opacity=&#8220;1&#8243; background_hover_color_opacity=&#8220;1&#8243; column_backdrop_filter=&#8220;none&#8220; column_shadow=&#8220;none&#8220; column_border_radius=&#8220;none&#8220; column_link_target=&#8220;_self&#8220; column_position=&#8220;default&#8220; gradient_direction=&#8220;left_to_right&#8220; overlay_strength=&#8220;0.3&#8243; width=&#8220;1\/1&#8243; tablet_width_inherit=&#8220;default&#8220; animation_type=&#8220;default&#8220; bg_image_animation=&#8220;none&#8220; border_type=&#8220;simple&#8220; column_border_width=&#8220;none&#8220; column_border_style=&#8220;solid&#8220; column_padding_type=&#8220;default&#8220; gradient_type=&#8220;default&#8220;][vc_column_text]<\/p>\r\n<div class=\"wp-block-columns is-layout-flex wp-container-core-columns-is-layout-9d6595d7 wp-block-columns-is-layout-flex\"><div class=\"wp-block-column is-layout-flow wp-block-column-is-layout-flow\" style=\"flex-basis: 100%;\">\r\n<p>Para dar cumplimiento con lo establecido en la Ley 34\/2002, de 11 de julio, de servicios de la sociedad de la informaci\u00f3n y de comercio electr\u00f3nico, a continuaci\u00f3n se indican los datos de informaci\u00f3n general de este sitio web:\r\n\r\n<ul class=\"wp-block-list\">\r\n<li style=\"list-style-type: none;\">\r\n<ul>&#13;\n<li><strong>Eigent\u00fcmer: <\/strong>MONTEARAGUE\u00d1A DE TRANSFORMACIONES, S.L.<\/li>&#13;\r\n\r\n&#13;\n<li><strong>Anschrift: <\/strong>Paseo de la Estaci\u00f3n, 5 &#8211; 45685 Montearag\u00f3n &#8211; Toledo &#8211; Spanien<\/li>&#13;\r\n\r\n&#13;\n<li><strong>Kontakt:<\/strong> T+34 925 865 038 , E-Mail: info@bodegascolado.com<\/li>&#13;\r\n\r\n&#13;\n<li><strong>Web:<\/strong> www.bodegascolado.com<\/li>&#13;\r\n\r\n&#13;\n<li><strong>UMSATZSTEUER-IDENTIFIKATIONSNUMMER: <\/strong>B45516499<\/li>&#13;\n&#13;\n&#13;\n&#13;\r\n<p>\r\n\r\n<strong>Legislaci\u00f3n<br\/><\/strong>Con car\u00e1cter general las relaciones entre MONTEARAGUE\u00d1A DE TRANSFORMACIONES, S.L. con los Usuarios de los servicios presentes en este sitio\u00a0 web se encuentran sometidas a la legislaci\u00f3n y jurisdicci\u00f3n espa\u00f1olas.&#13;\n<p><\/p>\r\n\r\n<strong>Uso y acceso de Usuarios<br\/><\/strong>El Usuario queda informado y acepta que el acceso a la presente web no supone, en modo alguno, el inicio de una relaci\u00f3n comercial con MONTEARAGUE\u00d1A DE TRANSFORMACIONES, S.L. o cualquiera de sus delegaciones (en el caso de que las hubiera).&#13;\n<p><\/p>\r\n\r\n<strong>Propiedad intelectual e industrial<br\/><\/strong>Los derechos de propiedad intelectual del contenido de la p\u00e1ginas web, su dise\u00f1o gr\u00e1fico y c\u00f3digos, son titularidad de MONTEARAGUE\u00d1A DE TRANSFORMACIONES, S.L. y, por tanto, queda prohibida su reproducci\u00f3n, distribuci\u00f3n, comunicaci\u00f3n p\u00fablica, transformaci\u00f3n o cualquier otra actividad que se pueda realizar con los contenidos de sus p\u00e1ginas web ni a\u00fan citando las fuentes, salvo consentimiento por escrito de MONTEARAGUE\u00d1A DE TRANSFORMACIONES, S.L.&#13;\n<p><\/p>\r\n\r\n<strong>Contenido de la web y enlaces (links)<br\/><\/strong>MONTEARAGUE\u00d1A DE TRANSFORMACIONES, S.L. se reserva el derecho a actualizar, modificar o eliminar la informaci\u00f3n contenida en su p\u00e1gina web pudiendo incluso limitar o no permitir el acceso a dicha informaci\u00f3n a ciertos usuarios.&#13;\n<p><\/p>\r\n\r\nMONTEARAGUE\u00d1A DE TRANSFORMACIONES, S.L. no asume responsabilidad alguna por la informaci\u00f3n contenida en p\u00e1ginas web de terceros a las que se pueda acceder por \u201clinks\u201d o enlaces desde cualquier p\u00e1gina web propiedad de MONTEARAGUE\u00d1A DE TRANSFORMACIONES, S.L.. La presencia de \u201clinks\u201d o enlaces en las p\u00e1ginas web de la MONTEARAGUE\u00d1A DE TRANSFORMACIONES, S.L. tiene finalidad meramente informativa y en ning\u00fan caso supone sugerencia, invitaci\u00f3n o recomendaci\u00f3n sobre los mismos. Por ello, tanto el presente Aviso como la Pol\u00edtica de Privacidad solo son de aplicaci\u00f3n a la p\u00e1gina web de la MONTEARAGUE\u00d1A DE TRANSFORMACIONES, S.L. y no se garantiza en los accesos a trav\u00e9s de enlaces con este sitio, ni a los enlaces desde este sitio con otras webs.<\/div><\/div>\r\n<p><\/p><div class=\"wp-block-spacer\" style=\"height: 59px;\" aria-hidden=\"true\">\u00a0<\/div>\r\n<p>[\/vc_column_text][\/vc_column][\/vc_row]","protected":false},"excerpt":{"rendered":"<p>[vc_row type=&#8220;in_container&#8220; full_screen_row_position=&#8220;middle&#8220; column_margin=&#8220;default&#8220; column_direction=&#8220;default&#8220; column_direction_tablet=&#8220;default&#8220; column_direction_phone=&#8220;default&#8220; scene_position=&#8220;center&#8220; text_color=&#8220;dark&#8220; text_align=&#8220;left&#8220; row_border_radius=&#8220;none&#8220; row_border_radius_applies=&#8220;bg&#8220; overflow=&#8220;visible&#8220; overlay_strength=&#8220;0.3&#8243; gradient_direction=&#8220;left_to_right&#8220; shape_divider_position=&#8220;bottom&#8220; bg_image_animation=&#8220;none&#8220;][vc_column column_padding=&#8220;padding-10-percent&#8220; column_padding_tablet=&#8220;padding-6-percent&#8220; column_padding_phone=&#8220;padding-2-percent&#8220; column_padding_position=&#8220;left-right&#8220; column_element_direction_desktop=&#8220;default&#8220; column_element_spacing=&#8220;default&#8220; desktop_text_alignment=&#8220;default&#8220; tablet_text_alignment=&#8220;default&#8220; phone_text_alignment=&#8220;default&#8220; background_color_opacity=&#8220;1&#8243; background_hover_color_opacity=&#8220;1&#8243; column_backdrop_filter=&#8220;none&#8220; column_shadow=&#8220;none&#8220;&#8230;<\/p>\n","protected":false},"author":1,"featured_media":0,"parent":0,"menu_order":0,"comment_status":"closed","ping_status":"closed","template":"","meta":{"footnotes":""},"class_list":["post-6772","page","type-page","status-publish"],"yoast_head":"<!-- This site is optimized with the Yoast SEO plugin v27.3 - https:\/\/yoast.com\/product\/yoast-seo-wordpress\/ -->\n<title>Rechtlicher Hinweis - Bodegas Colado<\/title>\n<meta name=\"description\" content=\"Rechtshinweis\" \/>\n<meta name=\"robots\" content=\"noindex, nofollow\" \/>\n<meta property=\"og:locale\" content=\"de_DE\" \/>\n<meta property=\"og:type\" content=\"article\" \/>\n<meta property=\"og:title\" content=\"Rechtlicher Hinweis - Bodegas Colado\" \/>\n<meta property=\"og:description\" content=\"Rechtshinweis\" \/>\n<meta property=\"og:url\" content=\"https:\/\/bodegascolado.com\/de\/rechtlicher-hinweis\/\" \/>\n<meta property=\"og:site_name\" content=\"Bodegas Colado\" \/>\n<meta property=\"article:modified_time\" content=\"2023-10-14T20:03:20+00:00\" \/>\n<meta name=\"twitter:card\" content=\"summary_large_image\" \/>\n<meta name=\"twitter:label1\" content=\"Gesch\u00e4tzte Lesezeit\" \/>\n\t<meta name=\"twitter:data1\" content=\"3\u00a0Minuten\" \/>\n<script type=\"application\/ld+json\" class=\"yoast-schema-graph\">{\"@context\":\"https:\\\/\\\/schema.org\",\"@graph\":[{\"@type\":\"WebPage\",\"@id\":\"https:\\\/\\\/bodegascolado.com\\\/de\\\/rechtlicher-hinweis\\\/\",\"url\":\"https:\\\/\\\/bodegascolado.com\\\/de\\\/rechtlicher-hinweis\\\/\",\"name\":\"Rechtlicher Hinweis - Bodegas Colado\",\"isPartOf\":{\"@id\":\"https:\\\/\\\/bodegascolado.com\\\/de\\\/#website\"},\"datePublished\":\"2023-06-22T11:47:03+00:00\",\"dateModified\":\"2023-10-14T20:03:20+00:00\",\"description\":\"Rechtshinweis\",\"breadcrumb\":{\"@id\":\"https:\\\/\\\/bodegascolado.com\\\/de\\\/rechtlicher-hinweis\\\/#breadcrumb\"},\"inLanguage\":\"de\",\"potentialAction\":[{\"@type\":\"ReadAction\",\"target\":[\"https:\\\/\\\/bodegascolado.com\\\/de\\\/rechtlicher-hinweis\\\/\"]}]},{\"@type\":\"BreadcrumbList\",\"@id\":\"https:\\\/\\\/bodegascolado.com\\\/de\\\/rechtlicher-hinweis\\\/#breadcrumb\",\"itemListElement\":[{\"@type\":\"ListItem\",\"position\":1,\"name\":\"Portada\",\"item\":\"https:\\\/\\\/bodegascolado.com\\\/de\\\/\"},{\"@type\":\"ListItem\",\"position\":2,\"name\":\"Rechtlicher Hinweis\"}]},{\"@type\":\"WebSite\",\"@id\":\"https:\\\/\\\/bodegascolado.com\\\/de\\\/#website\",\"url\":\"https:\\\/\\\/bodegascolado.com\\\/de\\\/\",\"name\":\"Bodegas Colado\",\"description\":\"Aceite de oliva virgen extra ecol\u00f3gico de Montearag\u00f3n, en Bodegas Colado. Higos secos cuello dama, Marcofrut, en Montearag\u00f3n\",\"potentialAction\":[{\"@type\":\"SearchAction\",\"target\":{\"@type\":\"EntryPoint\",\"urlTemplate\":\"https:\\\/\\\/bodegascolado.com\\\/de\\\/?s={search_term_string}\"},\"query-input\":{\"@type\":\"PropertyValueSpecification\",\"valueRequired\":true,\"valueName\":\"search_term_string\"}}],\"inLanguage\":\"de\"}]}<\/script>\n<!-- \/ Yoast SEO plugin. -->","yoast_head_json":{"title":"Rechtlicher Hinweis - Bodegas Colado","description":"Rechtshinweis","robots":{"index":"noindex","follow":"nofollow"},"og_locale":"de_DE","og_type":"article","og_title":"Rechtlicher Hinweis - Bodegas Colado","og_description":"Rechtshinweis","og_url":"https:\/\/bodegascolado.com\/de\/rechtlicher-hinweis\/","og_site_name":"Bodegas Colado","article_modified_time":"2023-10-14T20:03:20+00:00","twitter_card":"summary_large_image","twitter_misc":{"Gesch\u00e4tzte Lesezeit":"3\u00a0Minuten"},"schema":{"@context":"https:\/\/schema.org","@graph":[{"@type":"WebPage","@id":"https:\/\/bodegascolado.com\/de\/rechtlicher-hinweis\/","url":"https:\/\/bodegascolado.com\/de\/rechtlicher-hinweis\/","name":"Rechtlicher Hinweis - Bodegas Colado","isPartOf":{"@id":"https:\/\/bodegascolado.com\/de\/#website"},"datePublished":"2023-06-22T11:47:03+00:00","dateModified":"2023-10-14T20:03:20+00:00","description":"Rechtshinweis","breadcrumb":{"@id":"https:\/\/bodegascolado.com\/de\/rechtlicher-hinweis\/#breadcrumb"},"inLanguage":"de","potentialAction":[{"@type":"ReadAction","target":["https:\/\/bodegascolado.com\/de\/rechtlicher-hinweis\/"]}]},{"@type":"BreadcrumbList","@id":"https:\/\/bodegascolado.com\/de\/rechtlicher-hinweis\/#breadcrumb","itemListElement":[{"@type":"ListItem","position":1,"name":"Portada","item":"https:\/\/bodegascolado.com\/de\/"},{"@type":"ListItem","position":2,"name":"Rechtlicher Hinweis"}]},{"@type":"WebSite","@id":"https:\/\/bodegascolado.com\/de\/#website","url":"https:\/\/bodegascolado.com\/de\/","name":"Bodegas Colado","description":"Aceite de oliva virgen extra ecol\u00f3gico de Montearag\u00f3n, en Bodegas Colado. Higos secos cuello dama, Marcofrut, en Montearag\u00f3n","potentialAction":[{"@type":"SearchAction","target":{"@type":"EntryPoint","urlTemplate":"https:\/\/bodegascolado.com\/de\/?s={search_term_string}"},"query-input":{"@type":"PropertyValueSpecification","valueRequired":true,"valueName":"search_term_string"}}],"inLanguage":"de"}]}},"_links":{"self":[{"href":"https:\/\/bodegascolado.com\/de\/wp-json\/wp\/v2\/pages\/6772","targetHints":{"allow":["GET"]}}],"collection":[{"href":"https:\/\/bodegascolado.com\/de\/wp-json\/wp\/v2\/pages"}],"about":[{"href":"https:\/\/bodegascolado.com\/de\/wp-json\/wp\/v2\/types\/page"}],"author":[{"embeddable":true,"href":"https:\/\/bodegascolado.com\/de\/wp-json\/wp\/v2\/users\/1"}],"replies":[{"embeddable":true,"href":"https:\/\/bodegascolado.com\/de\/wp-json\/wp\/v2\/comments?post=6772"}],"version-history":[{"count":3,"href":"https:\/\/bodegascolado.com\/de\/wp-json\/wp\/v2\/pages\/6772\/revisions"}],"predecessor-version":[{"id":6826,"href":"https:\/\/bodegascolado.com\/de\/wp-json\/wp\/v2\/pages\/6772\/revisions\/6826"}],"wp:attachment":[{"href":"https:\/\/bodegascolado.com\/de\/wp-json\/wp\/v2\/media?parent=6772"}],"curies":[{"name":"wp","href":"https:\/\/api.w.org\/{rel}","templated":true}]}}